{"id":85647,"date":"2026-03-12T22:09:33","date_gmt":"2026-03-13T03:09:33","guid":{"rendered":"https:\/\/www.mundomagicodisfraces.com\/web\/?post_type=product&#038;p=85647"},"modified":"2026-03-12T22:09:34","modified_gmt":"2026-03-13T03:09:34","slug":"antifaces-plasticos","status":"publish","type":"product","link":"https:\/\/www.mundomagicodisfraces.com\/web\/producto\/antifaces-plasticos\/","title":{"rendered":"Antifaces pl\u00e1sticos"},"content":{"rendered":"<p>\u00a1A\u00f1ade misterio y elegancia a tu look con nuestros antifaces pl\u00e1sticos estilo veneciano! Disponibles en varios colores, son perfectos para complementar disfraces o para darle un toque sofisticado a cualquier fiesta. Ligeros, llamativos y f\u00e1ciles de usar, \u00a1el accesorio ideal para destacar y divertirte!<\/p>\n","protected":false},"excerpt":{"rendered":"<p>\u00a1A\u00f1ade misterio y elegancia a tu look con nuestros antifaces pl\u00e1sticos estilo veneciano! Disponibles en varios colores, son perfectos para complementar disfraces o para darle un toque sofisticado a cualquier fiesta. Ligeros, llamativos y f\u00e1ciles de usar, \u00a1el accesorio ideal para destacar y divertirte!<\/p>\n","protected":false},"featured_media":85660,"comment_status":"closed","ping_status":"closed","template":"","meta":{"_acf_changed":false,"_et_pb_use_builder":"","_et_pb_old_content":"","_et_gb_content_width":""},"product_brand":[],"product_cat":[611],"product_tag":[676,1793,689,678,1792,687,688],"class_list":{"0":"post-85647","1":"product","2":"type-product","3":"status-publish","4":"has-post-thumbnail","6":"product_cat-accesorios","7":"product_tag-antifaz","8":"product_tag-bridgerton","9":"product_tag-carnaval","10":"product_tag-mascarada","11":"product_tag-maskarade","12":"product_tag-venecia","13":"product_tag-veneciano","15":"first","16":"instock","17":"shipping-taxable","18":"purchasable","19":"product-type-variable"},"barcode":null,"atum_controlled":true,"out_stock_date":null,"out_stock_threshold":null,"inheritable":true,"stock_on_hold":0,"sold_today":0,"sales_last_days":0,"out_stock_days":0,"lost_sales":0,"update_date":"2026-05-08T01:24:08","atum_locations":[],"atum_stock_status":"instock","restock_status":false,"low_stock_amount":"","sales_update_date":"2026-05-08T01:24:08","calc_backorders":null,"acf":[],"yoast_head":"<!-- This site is optimized with the Yoast SEO plugin v27.5 - https:\/\/yoast.com\/product\/yoast-seo-wordpress\/ -->\n<title>Antifaces pl\u00e1sticos | Mundo M\u00e1gico Disfraces<\/title>\n<meta name=\"description\" content=\"\u00a1A\u00f1ade misterio y elegancia a tu look con nuestros antifaces pl\u00e1sticos estilo veneciano! Disponibles en varios colores, son perfectos para complementar disfraces o para darle un toque sofisticado a cualquier fiesta. Ligeros, llamativos y f\u00e1ciles de usar, \u00a1el accesorio ideal para destacar y divertirte! \u00a1A\u00f1ade misterio y elegancia a tu look con nuestros antifaces pl\u00e1sticos estilo veneciano! Disponibles en varios colores, son perfectos para complementar disfraces o para darle un toque sofisticado a cualquier fiesta.\" \/>\n<meta name=\"robots\" content=\"index, follow, max-snippet:-1, max-image-preview:large, max-video-preview:-1\" \/>\n<link rel=\"canonical\" href=\"https:\/\/www.mundomagicodisfraces.com\/web\/producto\/antifaces-plasticos\/\" \/>\n<meta property=\"og:locale\" content=\"es_ES\" \/>\n<meta property=\"og:type\" content=\"article\" \/>\n<meta property=\"og:title\" content=\"Antifaces pl\u00e1sticos | Mundo M\u00e1gico Disfraces\" \/>\n<meta property=\"og:description\" content=\"\u00a1A\u00f1ade misterio y elegancia a tu look con nuestros antifaces pl\u00e1sticos estilo veneciano! Disponibles en varios colores, son perfectos para complementar disfraces o para darle un toque sofisticado a cualquier fiesta. Ligeros, llamativos y f\u00e1ciles de usar, \u00a1el accesorio ideal para destacar y divertirte! \u00a1A\u00f1ade misterio y elegancia a tu look con nuestros antifaces pl\u00e1sticos estilo veneciano! Disponibles en varios colores, son perfectos para complementar disfraces o para darle un toque sofisticado a cualquier fiesta.\" \/>\n<meta property=\"og:url\" content=\"https:\/\/www.mundomagicodisfraces.com\/web\/producto\/antifaces-plasticos\/\" \/>\n<meta property=\"og:site_name\" content=\"Mundo M\u00e1gico Disfraces\" \/>\n<meta property=\"article:publisher\" content=\"https:\/\/www.facebook.com\/mmdisfraces\" \/>\n<meta property=\"article:modified_time\" content=\"2026-03-13T03:09:34+00:00\" \/>\n<meta property=\"og:image\" content=\"https:\/\/www.mundomagicodisfraces.com\/web\/wp-content\/uploads\/2026\/03\/Antifaz-veneciano-lila.jpg\" \/>\n\t<meta property=\"og:image:width\" content=\"726\" \/>\n\t<meta property=\"og:image:height\" content=\"500\" \/>\n\t<meta property=\"og:image:type\" content=\"image\/jpeg\" \/>\n<meta name=\"twitter:card\" content=\"summary_large_image\" \/>\n<meta name=\"twitter:site\" content=\"@MundoMagicoDisf\" \/>\n<meta name=\"twitter:label1\" content=\"Tiempo de lectura\" \/>\n\t<meta name=\"twitter:data1\" content=\"1 minuto\" \/>\n<script type=\"application\/ld+json\" class=\"yoast-schema-graph\">{\"@context\":\"https:\\\/\\\/schema.org\",\"@graph\":[{\"@type\":\"WebPage\",\"@id\":\"https:\\\/\\\/www.mundomagicodisfraces.com\\\/web\\\/producto\\\/antifaces-plasticos\\\/\",\"url\":\"https:\\\/\\\/www.mundomagicodisfraces.com\\\/web\\\/producto\\\/antifaces-plasticos\\\/\",\"name\":\"Antifaces pl\u00e1sticos | Mundo M\u00e1gico Disfraces\",\"isPartOf\":{\"@id\":\"https:\\\/\\\/www.mundomagicodisfraces.com\\\/web\\\/#website\"},\"primaryImageOfPage\":{\"@id\":\"https:\\\/\\\/www.mundomagicodisfraces.com\\\/web\\\/producto\\\/antifaces-plasticos\\\/#primaryimage\"},\"image\":{\"@id\":\"https:\\\/\\\/www.mundomagicodisfraces.com\\\/web\\\/producto\\\/antifaces-plasticos\\\/#primaryimage\"},\"thumbnailUrl\":\"https:\\\/\\\/www.mundomagicodisfraces.com\\\/web\\\/wp-content\\\/uploads\\\/2026\\\/03\\\/Antifaz-veneciano-lila.jpg\",\"datePublished\":\"2026-03-13T03:09:33+00:00\",\"dateModified\":\"2026-03-13T03:09:34+00:00\",\"description\":\"\u00a1A\u00f1ade misterio y elegancia a tu look con nuestros antifaces pl\u00e1sticos estilo veneciano! Disponibles en varios colores, son perfectos para complementar disfraces o para darle un toque sofisticado a cualquier fiesta. Ligeros, llamativos y f\u00e1ciles de usar, \u00a1el accesorio ideal para destacar y divertirte! \u00a1A\u00f1ade misterio y elegancia a tu look con nuestros antifaces pl\u00e1sticos estilo veneciano! Disponibles en varios colores, son perfectos para complementar disfraces o para darle un toque sofisticado a cualquier fiesta.\",\"breadcrumb\":{\"@id\":\"https:\\\/\\\/www.mundomagicodisfraces.com\\\/web\\\/producto\\\/antifaces-plasticos\\\/#breadcrumb\"},\"inLanguage\":\"es\",\"potentialAction\":[{\"@type\":\"ReadAction\",\"target\":[\"https:\\\/\\\/www.mundomagicodisfraces.com\\\/web\\\/producto\\\/antifaces-plasticos\\\/\"]}]},{\"@type\":\"ImageObject\",\"inLanguage\":\"es\",\"@id\":\"https:\\\/\\\/www.mundomagicodisfraces.com\\\/web\\\/producto\\\/antifaces-plasticos\\\/#primaryimage\",\"url\":\"https:\\\/\\\/www.mundomagicodisfraces.com\\\/web\\\/wp-content\\\/uploads\\\/2026\\\/03\\\/Antifaz-veneciano-lila.jpg\",\"contentUrl\":\"https:\\\/\\\/www.mundomagicodisfraces.com\\\/web\\\/wp-content\\\/uploads\\\/2026\\\/03\\\/Antifaz-veneciano-lila.jpg\",\"width\":726,\"height\":500,\"caption\":\"Antifaz pl\u00e1stico rosado con lila\"},{\"@type\":\"BreadcrumbList\",\"@id\":\"https:\\\/\\\/www.mundomagicodisfraces.com\\\/web\\\/producto\\\/antifaces-plasticos\\\/#breadcrumb\",\"itemListElement\":[{\"@type\":\"ListItem\",\"position\":1,\"name\":\"Portada\",\"item\":\"https:\\\/\\\/www.mundomagicodisfraces.com\\\/web\\\/\"},{\"@type\":\"ListItem\",\"position\":2,\"name\":\"Tienda\",\"item\":\"https:\\\/\\\/www.mundomagicodisfraces.com\\\/web\\\/tienda\\\/\"},{\"@type\":\"ListItem\",\"position\":3,\"name\":\"Antifaces pl\u00e1sticos\"}]},{\"@type\":\"WebSite\",\"@id\":\"https:\\\/\\\/www.mundomagicodisfraces.com\\\/web\\\/#website\",\"url\":\"https:\\\/\\\/www.mundomagicodisfraces.com\\\/web\\\/\",\"name\":\"Mundo M\u00e1gico Disfraces\",\"description\":\"Mundo M\u00e1gico Disfraces local de disfraces ubicado en Quito Ecuador, alquiler disfraces, 1800 disfraces a su disposici\u00f3n, m\u00e1s de 2900 accesorios.\",\"publisher\":{\"@id\":\"https:\\\/\\\/www.mundomagicodisfraces.com\\\/web\\\/#organization\"},\"potentialAction\":[{\"@type\":\"SearchAction\",\"target\":{\"@type\":\"EntryPoint\",\"urlTemplate\":\"https:\\\/\\\/www.mundomagicodisfraces.com\\\/web\\\/?s={search_term_string}\"},\"query-input\":{\"@type\":\"PropertyValueSpecification\",\"valueRequired\":true,\"valueName\":\"search_term_string\"}}],\"inLanguage\":\"es\"},{\"@type\":\"Organization\",\"@id\":\"https:\\\/\\\/www.mundomagicodisfraces.com\\\/web\\\/#organization\",\"name\":\"Mundo M\u00e1gico Disfraces\",\"url\":\"https:\\\/\\\/www.mundomagicodisfraces.com\\\/web\\\/\",\"logo\":{\"@type\":\"ImageObject\",\"inLanguage\":\"es\",\"@id\":\"https:\\\/\\\/www.mundomagicodisfraces.com\\\/web\\\/#\\\/schema\\\/logo\\\/image\\\/\",\"url\":\"https:\\\/\\\/www.mundomagicodisfraces.com\\\/web\\\/wp-content\\\/uploads\\\/2017\\\/08\\\/logodefault2.png\",\"contentUrl\":\"https:\\\/\\\/www.mundomagicodisfraces.com\\\/web\\\/wp-content\\\/uploads\\\/2017\\\/08\\\/logodefault2.png\",\"width\":700,\"height\":281,\"caption\":\"Mundo M\u00e1gico Disfraces\"},\"image\":{\"@id\":\"https:\\\/\\\/www.mundomagicodisfraces.com\\\/web\\\/#\\\/schema\\\/logo\\\/image\\\/\"},\"sameAs\":[\"https:\\\/\\\/www.facebook.com\\\/mmdisfraces\",\"https:\\\/\\\/x.com\\\/MundoMagicoDisf\",\"https:\\\/\\\/www.instagram.com\\\/disfracesmundomagico\\\/\"]}]}<\/script>\n<!-- \/ Yoast SEO plugin. -->","yoast_head_json":{"title":"Antifaces pl\u00e1sticos | Mundo M\u00e1gico Disfraces","description":"\u00a1A\u00f1ade misterio y elegancia a tu look con nuestros antifaces pl\u00e1sticos estilo veneciano! Disponibles en varios colores, son perfectos para complementar disfraces o para darle un toque sofisticado a cualquier fiesta. Ligeros, llamativos y f\u00e1ciles de usar, \u00a1el accesorio ideal para destacar y divertirte! \u00a1A\u00f1ade misterio y elegancia a tu look con nuestros antifaces pl\u00e1sticos estilo veneciano! Disponibles en varios colores, son perfectos para complementar disfraces o para darle un toque sofisticado a cualquier fiesta.","robots":{"index":"index","follow":"follow","max-snippet":"max-snippet:-1","max-image-preview":"max-image-preview:large","max-video-preview":"max-video-preview:-1"},"canonical":"https:\/\/www.mundomagicodisfraces.com\/web\/producto\/antifaces-plasticos\/","og_locale":"es_ES","og_type":"article","og_title":"Antifaces pl\u00e1sticos | Mundo M\u00e1gico Disfraces","og_description":"\u00a1A\u00f1ade misterio y elegancia a tu look con nuestros antifaces pl\u00e1sticos estilo veneciano! Disponibles en varios colores, son perfectos para complementar disfraces o para darle un toque sofisticado a cualquier fiesta. Ligeros, llamativos y f\u00e1ciles de usar, \u00a1el accesorio ideal para destacar y divertirte! \u00a1A\u00f1ade misterio y elegancia a tu look con nuestros antifaces pl\u00e1sticos estilo veneciano! Disponibles en varios colores, son perfectos para complementar disfraces o para darle un toque sofisticado a cualquier fiesta.","og_url":"https:\/\/www.mundomagicodisfraces.com\/web\/producto\/antifaces-plasticos\/","og_site_name":"Mundo M\u00e1gico Disfraces","article_publisher":"https:\/\/www.facebook.com\/mmdisfraces","article_modified_time":"2026-03-13T03:09:34+00:00","og_image":[{"width":726,"height":500,"url":"https:\/\/www.mundomagicodisfraces.com\/web\/wp-content\/uploads\/2026\/03\/Antifaz-veneciano-lila.jpg","type":"image\/jpeg"}],"twitter_card":"summary_large_image","twitter_site":"@MundoMagicoDisf","twitter_misc":{"Tiempo de lectura":"1 minuto"},"schema":{"@context":"https:\/\/schema.org","@graph":[{"@type":"WebPage","@id":"https:\/\/www.mundomagicodisfraces.com\/web\/producto\/antifaces-plasticos\/","url":"https:\/\/www.mundomagicodisfraces.com\/web\/producto\/antifaces-plasticos\/","name":"Antifaces pl\u00e1sticos | Mundo M\u00e1gico Disfraces","isPartOf":{"@id":"https:\/\/www.mundomagicodisfraces.com\/web\/#website"},"primaryImageOfPage":{"@id":"https:\/\/www.mundomagicodisfraces.com\/web\/producto\/antifaces-plasticos\/#primaryimage"},"image":{"@id":"https:\/\/www.mundomagicodisfraces.com\/web\/producto\/antifaces-plasticos\/#primaryimage"},"thumbnailUrl":"https:\/\/www.mundomagicodisfraces.com\/web\/wp-content\/uploads\/2026\/03\/Antifaz-veneciano-lila.jpg","datePublished":"2026-03-13T03:09:33+00:00","dateModified":"2026-03-13T03:09:34+00:00","description":"\u00a1A\u00f1ade misterio y elegancia a tu look con nuestros antifaces pl\u00e1sticos estilo veneciano! Disponibles en varios colores, son perfectos para complementar disfraces o para darle un toque sofisticado a cualquier fiesta. Ligeros, llamativos y f\u00e1ciles de usar, \u00a1el accesorio ideal para destacar y divertirte! \u00a1A\u00f1ade misterio y elegancia a tu look con nuestros antifaces pl\u00e1sticos estilo veneciano! Disponibles en varios colores, son perfectos para complementar disfraces o para darle un toque sofisticado a cualquier fiesta.","breadcrumb":{"@id":"https:\/\/www.mundomagicodisfraces.com\/web\/producto\/antifaces-plasticos\/#breadcrumb"},"inLanguage":"es","potentialAction":[{"@type":"ReadAction","target":["https:\/\/www.mundomagicodisfraces.com\/web\/producto\/antifaces-plasticos\/"]}]},{"@type":"ImageObject","inLanguage":"es","@id":"https:\/\/www.mundomagicodisfraces.com\/web\/producto\/antifaces-plasticos\/#primaryimage","url":"https:\/\/www.mundomagicodisfraces.com\/web\/wp-content\/uploads\/2026\/03\/Antifaz-veneciano-lila.jpg","contentUrl":"https:\/\/www.mundomagicodisfraces.com\/web\/wp-content\/uploads\/2026\/03\/Antifaz-veneciano-lila.jpg","width":726,"height":500,"caption":"Antifaz pl\u00e1stico rosado con lila"},{"@type":"BreadcrumbList","@id":"https:\/\/www.mundomagicodisfraces.com\/web\/producto\/antifaces-plasticos\/#breadcrumb","itemListElement":[{"@type":"ListItem","position":1,"name":"Portada","item":"https:\/\/www.mundomagicodisfraces.com\/web\/"},{"@type":"ListItem","position":2,"name":"Tienda","item":"https:\/\/www.mundomagicodisfraces.com\/web\/tienda\/"},{"@type":"ListItem","position":3,"name":"Antifaces pl\u00e1sticos"}]},{"@type":"WebSite","@id":"https:\/\/www.mundomagicodisfraces.com\/web\/#website","url":"https:\/\/www.mundomagicodisfraces.com\/web\/","name":"Mundo M\u00e1gico Disfraces","description":"Mundo M\u00e1gico Disfraces local de disfraces ubicado en Quito Ecuador, alquiler disfraces, 1800 disfraces a su disposici\u00f3n, m\u00e1s de 2900 accesorios.","publisher":{"@id":"https:\/\/www.mundomagicodisfraces.com\/web\/#organization"},"potentialAction":[{"@type":"SearchAction","target":{"@type":"EntryPoint","urlTemplate":"https:\/\/www.mundomagicodisfraces.com\/web\/?s={search_term_string}"},"query-input":{"@type":"PropertyValueSpecification","valueRequired":true,"valueName":"search_term_string"}}],"inLanguage":"es"},{"@type":"Organization","@id":"https:\/\/www.mundomagicodisfraces.com\/web\/#organization","name":"Mundo M\u00e1gico Disfraces","url":"https:\/\/www.mundomagicodisfraces.com\/web\/","logo":{"@type":"ImageObject","inLanguage":"es","@id":"https:\/\/www.mundomagicodisfraces.com\/web\/#\/schema\/logo\/image\/","url":"https:\/\/www.mundomagicodisfraces.com\/web\/wp-content\/uploads\/2017\/08\/logodefault2.png","contentUrl":"https:\/\/www.mundomagicodisfraces.com\/web\/wp-content\/uploads\/2017\/08\/logodefault2.png","width":700,"height":281,"caption":"Mundo M\u00e1gico Disfraces"},"image":{"@id":"https:\/\/www.mundomagicodisfraces.com\/web\/#\/schema\/logo\/image\/"},"sameAs":["https:\/\/www.facebook.com\/mmdisfraces","https:\/\/x.com\/MundoMagicoDisf","https:\/\/www.instagram.com\/disfracesmundomagico\/"]}]}},"_links":{"self":[{"href":"https:\/\/www.mundomagicodisfraces.com\/web\/wp-json\/wp\/v2\/product\/85647","targetHints":{"allow":["GET"]}}],"collection":[{"href":"https:\/\/www.mundomagicodisfraces.com\/web\/wp-json\/wp\/v2\/product"}],"about":[{"href":"https:\/\/www.mundomagicodisfraces.com\/web\/wp-json\/wp\/v2\/types\/product"}],"replies":[{"embeddable":true,"href":"https:\/\/www.mundomagicodisfraces.com\/web\/wp-json\/wp\/v2\/comments?post=85647"}],"wp:featuredmedia":[{"embeddable":true,"href":"https:\/\/www.mundomagicodisfraces.com\/web\/wp-json\/wp\/v2\/media\/85660"}],"wp:attachment":[{"href":"https:\/\/www.mundomagicodisfraces.com\/web\/wp-json\/wp\/v2\/media?parent=85647"}],"wp:term":[{"taxonomy":"product_brand","embeddable":true,"href":"https:\/\/www.mundomagicodisfraces.com\/web\/wp-json\/wp\/v2\/product_brand?post=85647"},{"taxonomy":"product_cat","embeddable":true,"href":"https:\/\/www.mundomagicodisfraces.com\/web\/wp-json\/wp\/v2\/product_cat?post=85647"},{"taxonomy":"product_tag","embeddable":true,"href":"https:\/\/www.mundomagicodisfraces.com\/web\/wp-json\/wp\/v2\/product_tag?post=85647"}],"curies":[{"name":"wp","href":"https:\/\/api.w.org\/{rel}","templated":true}]}}