{"id":81302,"date":"2024-10-13T21:27:31","date_gmt":"2024-10-14T02:27:31","guid":{"rendered":"https:\/\/www.mundomagicodisfraces.com\/web\/?post_type=product&#038;p=81302"},"modified":"2026-01-15T18:13:50","modified_gmt":"2026-01-15T23:13:50","slug":"barbie-adulta-talla-s","status":"publish","type":"product","link":"https:\/\/www.mundomagicodisfraces.com\/web\/producto\/barbie-adulta-talla-s\/","title":{"rendered":"Barbie Adulta Talla S"},"content":{"rendered":"<p>\u00a1Luce como la ic\u00f3nica mu\u00f1eca con nuestro disfraz de Barbie en talla S! Este atuendo rosado es perfecto para destacar en cualquier fiesta o evento tem\u00e1tico, combinando estilo y diversi\u00f3n. Con un dise\u00f1o c\u00f3modo y lleno de glamour, \u00a1prep\u00e1rate para ser el centro de atenci\u00f3n y brillar como Barbie!<\/p>\n","protected":false},"excerpt":{"rendered":"<p>\u00a1Luce como la ic\u00f3nica mu\u00f1eca con nuestro disfraz de Barbie en talla S! Este atuendo rosado es perfecto para destacar en cualquier fiesta o evento tem\u00e1tico, combinando estilo y diversi\u00f3n. Con un dise\u00f1o c\u00f3modo y lleno de glamour, \u00a1prep\u00e1rate para ser el centro de atenci\u00f3n y brillar como Barbie!<br \/>\nEl traje incluye vestido, fuste, lazo, collar, pulsera.<br \/>\nMedidas: Largo de falda 57 cms, Contorno de pecho 88 cms, Cintura 78 cms. <\/p>\n","protected":false},"featured_media":81303,"comment_status":"closed","ping_status":"closed","template":"","meta":{"_acf_changed":false,"_et_pb_use_builder":"","_et_pb_old_content":"","_et_gb_content_width":""},"product_brand":[],"product_cat":[925],"product_tag":[1294,1518,1295,1458],"class_list":{"0":"post-81302","1":"product","2":"type-product","3":"status-publish","4":"has-post-thumbnail","6":"product_cat-disfraces-adultos","7":"product_tag-barbie","8":"product_tag-mattel","9":"product_tag-muneca","10":"product_tag-retro","12":"first","13":"instock","14":"shipping-taxable","15":"purchasable","16":"product-type-simple"},"barcode":null,"atum_controlled":true,"out_stock_date":null,"out_stock_threshold":null,"inheritable":false,"stock_on_hold":0,"sold_today":0,"sales_last_days":0,"out_stock_days":0,"lost_sales":0,"update_date":"2026-05-08T01:24:07","atum_locations":[],"atum_stock_status":"instock","restock_status":false,"low_stock_amount":"","sales_update_date":"2026-05-08T01:24:07","calc_backorders":null,"acf":[],"yoast_head":"<!-- This site is optimized with the Yoast SEO plugin v27.5 - https:\/\/yoast.com\/product\/yoast-seo-wordpress\/ -->\n<title>Barbie Adulta Talla S | Mundo M\u00e1gico Disfraces<\/title>\n<meta name=\"description\" content=\"\u00a1Luce como la ic\u00f3nica mu\u00f1eca con nuestro disfraz de Barbie en talla S! Este atuendo rosado es perfecto para destacar en cualquier fiesta o evento tem\u00e1tico, combinando estilo y diversi\u00f3n. Con un dise\u00f1o c\u00f3modo y lleno de glamour, \u00a1prep\u00e1rate para ser el centro de atenci\u00f3n y brillar como Barbie! El traje incluye vestido, fuste, lazo, collar, pulsera. Medidas: Largo de falda 57 cms, Contorno de pecho 88 cms, Cintura 78 cms. \u00a1Luce como la ic\u00f3nica mu\u00f1eca con nuestro disfraz de Barbie en talla S! Este atuendo rosado es perfecto para destacar en cualquier fiesta o evento tem\u00e1tico, combinando estilo y diversi\u00f3n. Con un dise\u00f1o c\u00f3modo y lleno de glamour, \u00a1prep\u00e1rate para ser el centro de atenci\u00f3n y brillar como Barbie!\" \/>\n<meta name=\"robots\" content=\"index, follow, max-snippet:-1, max-image-preview:large, max-video-preview:-1\" \/>\n<link rel=\"canonical\" href=\"https:\/\/www.mundomagicodisfraces.com\/web\/producto\/barbie-adulta-talla-s\/\" \/>\n<meta property=\"og:locale\" content=\"es_ES\" \/>\n<meta property=\"og:type\" content=\"article\" \/>\n<meta property=\"og:title\" content=\"Barbie Adulta Talla S | Mundo M\u00e1gico Disfraces\" \/>\n<meta property=\"og:description\" content=\"\u00a1Luce como la ic\u00f3nica mu\u00f1eca con nuestro disfraz de Barbie en talla S! Este atuendo rosado es perfecto para destacar en cualquier fiesta o evento tem\u00e1tico, combinando estilo y diversi\u00f3n. Con un dise\u00f1o c\u00f3modo y lleno de glamour, \u00a1prep\u00e1rate para ser el centro de atenci\u00f3n y brillar como Barbie! El traje incluye vestido, fuste, lazo, collar, pulsera. Medidas: Largo de falda 57 cms, Contorno de pecho 88 cms, Cintura 78 cms. \u00a1Luce como la ic\u00f3nica mu\u00f1eca con nuestro disfraz de Barbie en talla S! Este atuendo rosado es perfecto para destacar en cualquier fiesta o evento tem\u00e1tico, combinando estilo y diversi\u00f3n. Con un dise\u00f1o c\u00f3modo y lleno de glamour, \u00a1prep\u00e1rate para ser el centro de atenci\u00f3n y brillar como Barbie!\" \/>\n<meta property=\"og:url\" content=\"https:\/\/www.mundomagicodisfraces.com\/web\/producto\/barbie-adulta-talla-s\/\" \/>\n<meta property=\"og:site_name\" content=\"Mundo M\u00e1gico Disfraces\" \/>\n<meta property=\"article:publisher\" content=\"https:\/\/www.facebook.com\/mmdisfraces\" \/>\n<meta property=\"article:modified_time\" content=\"2026-01-15T23:13:50+00:00\" \/>\n<meta property=\"og:image\" content=\"https:\/\/www.mundomagicodisfraces.com\/web\/wp-content\/uploads\/2024\/10\/barbie-adulta.jpg\" \/>\n\t<meta property=\"og:image:width\" content=\"1000\" \/>\n\t<meta property=\"og:image:height\" content=\"1000\" \/>\n\t<meta property=\"og:image:type\" content=\"image\/jpeg\" \/>\n<meta name=\"twitter:card\" content=\"summary_large_image\" \/>\n<meta name=\"twitter:site\" content=\"@MundoMagicoDisf\" \/>\n<meta name=\"twitter:label1\" content=\"Tiempo de lectura\" \/>\n\t<meta name=\"twitter:data1\" content=\"1 minuto\" \/>\n<script type=\"application\/ld+json\" class=\"yoast-schema-graph\">{\"@context\":\"https:\\\/\\\/schema.org\",\"@graph\":[{\"@type\":\"WebPage\",\"@id\":\"https:\\\/\\\/www.mundomagicodisfraces.com\\\/web\\\/producto\\\/barbie-adulta-talla-s\\\/\",\"url\":\"https:\\\/\\\/www.mundomagicodisfraces.com\\\/web\\\/producto\\\/barbie-adulta-talla-s\\\/\",\"name\":\"Barbie Adulta Talla S | Mundo M\u00e1gico Disfraces\",\"isPartOf\":{\"@id\":\"https:\\\/\\\/www.mundomagicodisfraces.com\\\/web\\\/#website\"},\"primaryImageOfPage\":{\"@id\":\"https:\\\/\\\/www.mundomagicodisfraces.com\\\/web\\\/producto\\\/barbie-adulta-talla-s\\\/#primaryimage\"},\"image\":{\"@id\":\"https:\\\/\\\/www.mundomagicodisfraces.com\\\/web\\\/producto\\\/barbie-adulta-talla-s\\\/#primaryimage\"},\"thumbnailUrl\":\"https:\\\/\\\/www.mundomagicodisfraces.com\\\/web\\\/wp-content\\\/uploads\\\/2024\\\/10\\\/barbie-adulta.jpg\",\"datePublished\":\"2024-10-14T02:27:31+00:00\",\"dateModified\":\"2026-01-15T23:13:50+00:00\",\"description\":\"\u00a1Luce como la ic\u00f3nica mu\u00f1eca con nuestro disfraz de Barbie en talla S! Este atuendo rosado es perfecto para destacar en cualquier fiesta o evento tem\u00e1tico, combinando estilo y diversi\u00f3n. Con un dise\u00f1o c\u00f3modo y lleno de glamour, \u00a1prep\u00e1rate para ser el centro de atenci\u00f3n y brillar como Barbie! El traje incluye vestido, fuste, lazo, collar, pulsera. Medidas: Largo de falda 57 cms, Contorno de pecho 88 cms, Cintura 78 cms. \u00a1Luce como la ic\u00f3nica mu\u00f1eca con nuestro disfraz de Barbie en talla S! Este atuendo rosado es perfecto para destacar en cualquier fiesta o evento tem\u00e1tico, combinando estilo y diversi\u00f3n. Con un dise\u00f1o c\u00f3modo y lleno de glamour, \u00a1prep\u00e1rate para ser el centro de atenci\u00f3n y brillar como Barbie!\",\"breadcrumb\":{\"@id\":\"https:\\\/\\\/www.mundomagicodisfraces.com\\\/web\\\/producto\\\/barbie-adulta-talla-s\\\/#breadcrumb\"},\"inLanguage\":\"es\",\"potentialAction\":[{\"@type\":\"ReadAction\",\"target\":[\"https:\\\/\\\/www.mundomagicodisfraces.com\\\/web\\\/producto\\\/barbie-adulta-talla-s\\\/\"]}]},{\"@type\":\"ImageObject\",\"inLanguage\":\"es\",\"@id\":\"https:\\\/\\\/www.mundomagicodisfraces.com\\\/web\\\/producto\\\/barbie-adulta-talla-s\\\/#primaryimage\",\"url\":\"https:\\\/\\\/www.mundomagicodisfraces.com\\\/web\\\/wp-content\\\/uploads\\\/2024\\\/10\\\/barbie-adulta.jpg\",\"contentUrl\":\"https:\\\/\\\/www.mundomagicodisfraces.com\\\/web\\\/wp-content\\\/uploads\\\/2024\\\/10\\\/barbie-adulta.jpg\",\"width\":1000,\"height\":1000,\"caption\":\"Barbie talla S\"},{\"@type\":\"BreadcrumbList\",\"@id\":\"https:\\\/\\\/www.mundomagicodisfraces.com\\\/web\\\/producto\\\/barbie-adulta-talla-s\\\/#breadcrumb\",\"itemListElement\":[{\"@type\":\"ListItem\",\"position\":1,\"name\":\"Portada\",\"item\":\"https:\\\/\\\/www.mundomagicodisfraces.com\\\/web\\\/\"},{\"@type\":\"ListItem\",\"position\":2,\"name\":\"Tienda\",\"item\":\"https:\\\/\\\/www.mundomagicodisfraces.com\\\/web\\\/tienda\\\/\"},{\"@type\":\"ListItem\",\"position\":3,\"name\":\"Barbie Adulta Talla S\"}]},{\"@type\":\"WebSite\",\"@id\":\"https:\\\/\\\/www.mundomagicodisfraces.com\\\/web\\\/#website\",\"url\":\"https:\\\/\\\/www.mundomagicodisfraces.com\\\/web\\\/\",\"name\":\"Mundo M\u00e1gico Disfraces\",\"description\":\"Mundo M\u00e1gico Disfraces local de disfraces ubicado en Quito Ecuador, alquiler disfraces, 1800 disfraces a su disposici\u00f3n, m\u00e1s de 2900 accesorios.\",\"publisher\":{\"@id\":\"https:\\\/\\\/www.mundomagicodisfraces.com\\\/web\\\/#organization\"},\"potentialAction\":[{\"@type\":\"SearchAction\",\"target\":{\"@type\":\"EntryPoint\",\"urlTemplate\":\"https:\\\/\\\/www.mundomagicodisfraces.com\\\/web\\\/?s={search_term_string}\"},\"query-input\":{\"@type\":\"PropertyValueSpecification\",\"valueRequired\":true,\"valueName\":\"search_term_string\"}}],\"inLanguage\":\"es\"},{\"@type\":\"Organization\",\"@id\":\"https:\\\/\\\/www.mundomagicodisfraces.com\\\/web\\\/#organization\",\"name\":\"Mundo M\u00e1gico Disfraces\",\"url\":\"https:\\\/\\\/www.mundomagicodisfraces.com\\\/web\\\/\",\"logo\":{\"@type\":\"ImageObject\",\"inLanguage\":\"es\",\"@id\":\"https:\\\/\\\/www.mundomagicodisfraces.com\\\/web\\\/#\\\/schema\\\/logo\\\/image\\\/\",\"url\":\"https:\\\/\\\/www.mundomagicodisfraces.com\\\/web\\\/wp-content\\\/uploads\\\/2017\\\/08\\\/logodefault2.png\",\"contentUrl\":\"https:\\\/\\\/www.mundomagicodisfraces.com\\\/web\\\/wp-content\\\/uploads\\\/2017\\\/08\\\/logodefault2.png\",\"width\":700,\"height\":281,\"caption\":\"Mundo M\u00e1gico Disfraces\"},\"image\":{\"@id\":\"https:\\\/\\\/www.mundomagicodisfraces.com\\\/web\\\/#\\\/schema\\\/logo\\\/image\\\/\"},\"sameAs\":[\"https:\\\/\\\/www.facebook.com\\\/mmdisfraces\",\"https:\\\/\\\/x.com\\\/MundoMagicoDisf\",\"https:\\\/\\\/www.instagram.com\\\/disfracesmundomagico\\\/\"]}]}<\/script>\n<!-- \/ Yoast SEO plugin. -->","yoast_head_json":{"title":"Barbie Adulta Talla S | Mundo M\u00e1gico Disfraces","description":"\u00a1Luce como la ic\u00f3nica mu\u00f1eca con nuestro disfraz de Barbie en talla S! Este atuendo rosado es perfecto para destacar en cualquier fiesta o evento tem\u00e1tico, combinando estilo y diversi\u00f3n. Con un dise\u00f1o c\u00f3modo y lleno de glamour, \u00a1prep\u00e1rate para ser el centro de atenci\u00f3n y brillar como Barbie! El traje incluye vestido, fuste, lazo, collar, pulsera. Medidas: Largo de falda 57 cms, Contorno de pecho 88 cms, Cintura 78 cms. \u00a1Luce como la ic\u00f3nica mu\u00f1eca con nuestro disfraz de Barbie en talla S! Este atuendo rosado es perfecto para destacar en cualquier fiesta o evento tem\u00e1tico, combinando estilo y diversi\u00f3n. Con un dise\u00f1o c\u00f3modo y lleno de glamour, \u00a1prep\u00e1rate para ser el centro de atenci\u00f3n y brillar como Barbie!","robots":{"index":"index","follow":"follow","max-snippet":"max-snippet:-1","max-image-preview":"max-image-preview:large","max-video-preview":"max-video-preview:-1"},"canonical":"https:\/\/www.mundomagicodisfraces.com\/web\/producto\/barbie-adulta-talla-s\/","og_locale":"es_ES","og_type":"article","og_title":"Barbie Adulta Talla S | Mundo M\u00e1gico Disfraces","og_description":"\u00a1Luce como la ic\u00f3nica mu\u00f1eca con nuestro disfraz de Barbie en talla S! Este atuendo rosado es perfecto para destacar en cualquier fiesta o evento tem\u00e1tico, combinando estilo y diversi\u00f3n. Con un dise\u00f1o c\u00f3modo y lleno de glamour, \u00a1prep\u00e1rate para ser el centro de atenci\u00f3n y brillar como Barbie! El traje incluye vestido, fuste, lazo, collar, pulsera. Medidas: Largo de falda 57 cms, Contorno de pecho 88 cms, Cintura 78 cms. \u00a1Luce como la ic\u00f3nica mu\u00f1eca con nuestro disfraz de Barbie en talla S! Este atuendo rosado es perfecto para destacar en cualquier fiesta o evento tem\u00e1tico, combinando estilo y diversi\u00f3n. Con un dise\u00f1o c\u00f3modo y lleno de glamour, \u00a1prep\u00e1rate para ser el centro de atenci\u00f3n y brillar como Barbie!","og_url":"https:\/\/www.mundomagicodisfraces.com\/web\/producto\/barbie-adulta-talla-s\/","og_site_name":"Mundo M\u00e1gico Disfraces","article_publisher":"https:\/\/www.facebook.com\/mmdisfraces","article_modified_time":"2026-01-15T23:13:50+00:00","og_image":[{"width":1000,"height":1000,"url":"https:\/\/www.mundomagicodisfraces.com\/web\/wp-content\/uploads\/2024\/10\/barbie-adulta.jpg","type":"image\/jpeg"}],"twitter_card":"summary_large_image","twitter_site":"@MundoMagicoDisf","twitter_misc":{"Tiempo de lectura":"1 minuto"},"schema":{"@context":"https:\/\/schema.org","@graph":[{"@type":"WebPage","@id":"https:\/\/www.mundomagicodisfraces.com\/web\/producto\/barbie-adulta-talla-s\/","url":"https:\/\/www.mundomagicodisfraces.com\/web\/producto\/barbie-adulta-talla-s\/","name":"Barbie Adulta Talla S | Mundo M\u00e1gico Disfraces","isPartOf":{"@id":"https:\/\/www.mundomagicodisfraces.com\/web\/#website"},"primaryImageOfPage":{"@id":"https:\/\/www.mundomagicodisfraces.com\/web\/producto\/barbie-adulta-talla-s\/#primaryimage"},"image":{"@id":"https:\/\/www.mundomagicodisfraces.com\/web\/producto\/barbie-adulta-talla-s\/#primaryimage"},"thumbnailUrl":"https:\/\/www.mundomagicodisfraces.com\/web\/wp-content\/uploads\/2024\/10\/barbie-adulta.jpg","datePublished":"2024-10-14T02:27:31+00:00","dateModified":"2026-01-15T23:13:50+00:00","description":"\u00a1Luce como la ic\u00f3nica mu\u00f1eca con nuestro disfraz de Barbie en talla S! Este atuendo rosado es perfecto para destacar en cualquier fiesta o evento tem\u00e1tico, combinando estilo y diversi\u00f3n. Con un dise\u00f1o c\u00f3modo y lleno de glamour, \u00a1prep\u00e1rate para ser el centro de atenci\u00f3n y brillar como Barbie! El traje incluye vestido, fuste, lazo, collar, pulsera. Medidas: Largo de falda 57 cms, Contorno de pecho 88 cms, Cintura 78 cms. \u00a1Luce como la ic\u00f3nica mu\u00f1eca con nuestro disfraz de Barbie en talla S! Este atuendo rosado es perfecto para destacar en cualquier fiesta o evento tem\u00e1tico, combinando estilo y diversi\u00f3n. Con un dise\u00f1o c\u00f3modo y lleno de glamour, \u00a1prep\u00e1rate para ser el centro de atenci\u00f3n y brillar como Barbie!","breadcrumb":{"@id":"https:\/\/www.mundomagicodisfraces.com\/web\/producto\/barbie-adulta-talla-s\/#breadcrumb"},"inLanguage":"es","potentialAction":[{"@type":"ReadAction","target":["https:\/\/www.mundomagicodisfraces.com\/web\/producto\/barbie-adulta-talla-s\/"]}]},{"@type":"ImageObject","inLanguage":"es","@id":"https:\/\/www.mundomagicodisfraces.com\/web\/producto\/barbie-adulta-talla-s\/#primaryimage","url":"https:\/\/www.mundomagicodisfraces.com\/web\/wp-content\/uploads\/2024\/10\/barbie-adulta.jpg","contentUrl":"https:\/\/www.mundomagicodisfraces.com\/web\/wp-content\/uploads\/2024\/10\/barbie-adulta.jpg","width":1000,"height":1000,"caption":"Barbie talla S"},{"@type":"BreadcrumbList","@id":"https:\/\/www.mundomagicodisfraces.com\/web\/producto\/barbie-adulta-talla-s\/#breadcrumb","itemListElement":[{"@type":"ListItem","position":1,"name":"Portada","item":"https:\/\/www.mundomagicodisfraces.com\/web\/"},{"@type":"ListItem","position":2,"name":"Tienda","item":"https:\/\/www.mundomagicodisfraces.com\/web\/tienda\/"},{"@type":"ListItem","position":3,"name":"Barbie Adulta Talla S"}]},{"@type":"WebSite","@id":"https:\/\/www.mundomagicodisfraces.com\/web\/#website","url":"https:\/\/www.mundomagicodisfraces.com\/web\/","name":"Mundo M\u00e1gico Disfraces","description":"Mundo M\u00e1gico Disfraces local de disfraces ubicado en Quito Ecuador, alquiler disfraces, 1800 disfraces a su disposici\u00f3n, m\u00e1s de 2900 accesorios.","publisher":{"@id":"https:\/\/www.mundomagicodisfraces.com\/web\/#organization"},"potentialAction":[{"@type":"SearchAction","target":{"@type":"EntryPoint","urlTemplate":"https:\/\/www.mundomagicodisfraces.com\/web\/?s={search_term_string}"},"query-input":{"@type":"PropertyValueSpecification","valueRequired":true,"valueName":"search_term_string"}}],"inLanguage":"es"},{"@type":"Organization","@id":"https:\/\/www.mundomagicodisfraces.com\/web\/#organization","name":"Mundo M\u00e1gico Disfraces","url":"https:\/\/www.mundomagicodisfraces.com\/web\/","logo":{"@type":"ImageObject","inLanguage":"es","@id":"https:\/\/www.mundomagicodisfraces.com\/web\/#\/schema\/logo\/image\/","url":"https:\/\/www.mundomagicodisfraces.com\/web\/wp-content\/uploads\/2017\/08\/logodefault2.png","contentUrl":"https:\/\/www.mundomagicodisfraces.com\/web\/wp-content\/uploads\/2017\/08\/logodefault2.png","width":700,"height":281,"caption":"Mundo M\u00e1gico Disfraces"},"image":{"@id":"https:\/\/www.mundomagicodisfraces.com\/web\/#\/schema\/logo\/image\/"},"sameAs":["https:\/\/www.facebook.com\/mmdisfraces","https:\/\/x.com\/MundoMagicoDisf","https:\/\/www.instagram.com\/disfracesmundomagico\/"]}]}},"_links":{"self":[{"href":"https:\/\/www.mundomagicodisfraces.com\/web\/wp-json\/wp\/v2\/product\/81302","targetHints":{"allow":["GET"]}}],"collection":[{"href":"https:\/\/www.mundomagicodisfraces.com\/web\/wp-json\/wp\/v2\/product"}],"about":[{"href":"https:\/\/www.mundomagicodisfraces.com\/web\/wp-json\/wp\/v2\/types\/product"}],"replies":[{"embeddable":true,"href":"https:\/\/www.mundomagicodisfraces.com\/web\/wp-json\/wp\/v2\/comments?post=81302"}],"wp:featuredmedia":[{"embeddable":true,"href":"https:\/\/www.mundomagicodisfraces.com\/web\/wp-json\/wp\/v2\/media\/81303"}],"wp:attachment":[{"href":"https:\/\/www.mundomagicodisfraces.com\/web\/wp-json\/wp\/v2\/media?parent=81302"}],"wp:term":[{"taxonomy":"product_brand","embeddable":true,"href":"https:\/\/www.mundomagicodisfraces.com\/web\/wp-json\/wp\/v2\/product_brand?post=81302"},{"taxonomy":"product_cat","embeddable":true,"href":"https:\/\/www.mundomagicodisfraces.com\/web\/wp-json\/wp\/v2\/product_cat?post=81302"},{"taxonomy":"product_tag","embeddable":true,"href":"https:\/\/www.mundomagicodisfraces.com\/web\/wp-json\/wp\/v2\/product_tag?post=81302"}],"curies":[{"name":"wp","href":"https:\/\/api.w.org\/{rel}","templated":true}]}}