{"id":81258,"date":"2024-10-13T14:14:06","date_gmt":"2024-10-13T19:14:06","guid":{"rendered":"https:\/\/www.mundomagicodisfraces.com\/web\/?post_type=product&#038;p=81258"},"modified":"2026-01-15T16:52:16","modified_gmt":"2026-01-15T21:52:16","slug":"pack-de-conejita-con-orejas-con-lentejuelas-rosa","status":"publish","type":"product","link":"https:\/\/www.mundomagicodisfraces.com\/web\/producto\/pack-de-conejita-con-orejas-con-lentejuelas-rosa\/","title":{"rendered":"Pack de conejita con orejas con lentejuelas rosa"},"content":{"rendered":"<p>Transforma tu look con nuestro coqueto pack de conejita. Incluye unas encantadoras orejas de lentejuelas rosa, un corbat\u00edn a juego y una divertida colita. Ideal para fiestas tem\u00e1ticas, disfraces de Halloween o cualquier evento especial. \u00a1Luce adorable y brillante con este set \u00fanico!<\/p>\n","protected":false},"excerpt":{"rendered":"<p>Transforma tu look con nuestro coqueto pack de conejita. Incluye unas encantadoras orejas de lentejuelas rosa, un corbat\u00edn a juego y una divertida colita. Ideal para fiestas tem\u00e1ticas, disfraces de Halloween o cualquier evento especial. \u00a1Luce adorable y brillante con este set \u00fanico!<\/p>\n","protected":false},"featured_media":81259,"comment_status":"closed","ping_status":"closed","template":"","meta":{"_acf_changed":false,"_et_pb_use_builder":"","_et_pb_old_content":"","_et_gb_content_width":""},"product_brand":[],"product_cat":[610],"product_tag":[1143,1164,1492,809,633],"class_list":{"0":"post-81258","1":"product","2":"type-product","3":"status-publish","4":"has-post-thumbnail","6":"product_cat-packs","7":"product_tag-coneja","8":"product_tag-conejita","9":"product_tag-lola-bunny","10":"product_tag-sexi","11":"product_tag-sexy","13":"first","14":"instock","15":"shipping-taxable","16":"purchasable","17":"product-type-simple"},"barcode":null,"atum_controlled":true,"out_stock_date":null,"out_stock_threshold":null,"inheritable":false,"stock_on_hold":0,"sold_today":0,"sales_last_days":0,"out_stock_days":0,"lost_sales":0,"update_date":"2026-05-08T01:24:07","atum_locations":[],"atum_stock_status":"instock","restock_status":false,"low_stock_amount":"","sales_update_date":"2026-05-08T01:24:07","calc_backorders":null,"acf":[],"yoast_head":"<!-- This site is optimized with the Yoast SEO plugin v27.5 - https:\/\/yoast.com\/product\/yoast-seo-wordpress\/ -->\n<title>Pack de conejita con orejas con lentejuelas rosa | Mundo M\u00e1gico Disfraces<\/title>\n<meta name=\"description\" content=\"Transforma tu look con nuestro coqueto pack de conejita. Incluye unas encantadoras orejas de lentejuelas rosa, un corbat\u00edn a juego y una divertida colita. Ideal para fiestas tem\u00e1ticas, disfraces de Halloween o cualquier evento especial. \u00a1Luce adorable y brillante con este set \u00fanico! Transforma tu look con nuestro coqueto pack de conejita. Incluye unas encantadoras orejas de lentejuelas rosa, un corbat\u00edn a juego y una divertida colita. Ideal para fiestas tem\u00e1ticas, disfraces de Halloween o cualquier evento especial. \u00a1Luce adorable y brillante con este set \u00fanico!\" \/>\n<meta name=\"robots\" content=\"index, follow, max-snippet:-1, max-image-preview:large, max-video-preview:-1\" \/>\n<link rel=\"canonical\" href=\"https:\/\/www.mundomagicodisfraces.com\/web\/producto\/pack-de-conejita-con-orejas-con-lentejuelas-rosa\/\" \/>\n<meta property=\"og:locale\" content=\"es_ES\" \/>\n<meta property=\"og:type\" content=\"article\" \/>\n<meta property=\"og:title\" content=\"Pack de conejita con orejas con lentejuelas rosa | Mundo M\u00e1gico Disfraces\" \/>\n<meta property=\"og:description\" content=\"Transforma tu look con nuestro coqueto pack de conejita. Incluye unas encantadoras orejas de lentejuelas rosa, un corbat\u00edn a juego y una divertida colita. Ideal para fiestas tem\u00e1ticas, disfraces de Halloween o cualquier evento especial. \u00a1Luce adorable y brillante con este set \u00fanico! Transforma tu look con nuestro coqueto pack de conejita. Incluye unas encantadoras orejas de lentejuelas rosa, un corbat\u00edn a juego y una divertida colita. Ideal para fiestas tem\u00e1ticas, disfraces de Halloween o cualquier evento especial. \u00a1Luce adorable y brillante con este set \u00fanico!\" \/>\n<meta property=\"og:url\" content=\"https:\/\/www.mundomagicodisfraces.com\/web\/producto\/pack-de-conejita-con-orejas-con-lentejuelas-rosa\/\" \/>\n<meta property=\"og:site_name\" content=\"Mundo M\u00e1gico Disfraces\" \/>\n<meta property=\"article:publisher\" content=\"https:\/\/www.facebook.com\/mmdisfraces\" \/>\n<meta property=\"article:modified_time\" content=\"2026-01-15T21:52:16+00:00\" \/>\n<meta property=\"og:image\" content=\"https:\/\/www.mundomagicodisfraces.com\/web\/wp-content\/uploads\/2024\/10\/conejita-orejas-lentejuela.jpg\" \/>\n\t<meta property=\"og:image:width\" content=\"1000\" \/>\n\t<meta property=\"og:image:height\" content=\"1000\" \/>\n\t<meta property=\"og:image:type\" content=\"image\/jpeg\" \/>\n<meta name=\"twitter:card\" content=\"summary_large_image\" \/>\n<meta name=\"twitter:site\" content=\"@MundoMagicoDisf\" \/>\n<meta name=\"twitter:label1\" content=\"Tiempo de lectura\" \/>\n\t<meta name=\"twitter:data1\" content=\"1 minuto\" \/>\n<script type=\"application\/ld+json\" class=\"yoast-schema-graph\">{\"@context\":\"https:\\\/\\\/schema.org\",\"@graph\":[{\"@type\":\"WebPage\",\"@id\":\"https:\\\/\\\/www.mundomagicodisfraces.com\\\/web\\\/producto\\\/pack-de-conejita-con-orejas-con-lentejuelas-rosa\\\/\",\"url\":\"https:\\\/\\\/www.mundomagicodisfraces.com\\\/web\\\/producto\\\/pack-de-conejita-con-orejas-con-lentejuelas-rosa\\\/\",\"name\":\"Pack de conejita con orejas con lentejuelas rosa | Mundo M\u00e1gico Disfraces\",\"isPartOf\":{\"@id\":\"https:\\\/\\\/www.mundomagicodisfraces.com\\\/web\\\/#website\"},\"primaryImageOfPage\":{\"@id\":\"https:\\\/\\\/www.mundomagicodisfraces.com\\\/web\\\/producto\\\/pack-de-conejita-con-orejas-con-lentejuelas-rosa\\\/#primaryimage\"},\"image\":{\"@id\":\"https:\\\/\\\/www.mundomagicodisfraces.com\\\/web\\\/producto\\\/pack-de-conejita-con-orejas-con-lentejuelas-rosa\\\/#primaryimage\"},\"thumbnailUrl\":\"https:\\\/\\\/www.mundomagicodisfraces.com\\\/web\\\/wp-content\\\/uploads\\\/2024\\\/10\\\/conejita-orejas-lentejuela.jpg\",\"datePublished\":\"2024-10-13T19:14:06+00:00\",\"dateModified\":\"2026-01-15T21:52:16+00:00\",\"description\":\"Transforma tu look con nuestro coqueto pack de conejita. Incluye unas encantadoras orejas de lentejuelas rosa, un corbat\u00edn a juego y una divertida colita. Ideal para fiestas tem\u00e1ticas, disfraces de Halloween o cualquier evento especial. \u00a1Luce adorable y brillante con este set \u00fanico! Transforma tu look con nuestro coqueto pack de conejita. Incluye unas encantadoras orejas de lentejuelas rosa, un corbat\u00edn a juego y una divertida colita. Ideal para fiestas tem\u00e1ticas, disfraces de Halloween o cualquier evento especial. \u00a1Luce adorable y brillante con este set \u00fanico!\",\"breadcrumb\":{\"@id\":\"https:\\\/\\\/www.mundomagicodisfraces.com\\\/web\\\/producto\\\/pack-de-conejita-con-orejas-con-lentejuelas-rosa\\\/#breadcrumb\"},\"inLanguage\":\"es\",\"potentialAction\":[{\"@type\":\"ReadAction\",\"target\":[\"https:\\\/\\\/www.mundomagicodisfraces.com\\\/web\\\/producto\\\/pack-de-conejita-con-orejas-con-lentejuelas-rosa\\\/\"]}]},{\"@type\":\"ImageObject\",\"inLanguage\":\"es\",\"@id\":\"https:\\\/\\\/www.mundomagicodisfraces.com\\\/web\\\/producto\\\/pack-de-conejita-con-orejas-con-lentejuelas-rosa\\\/#primaryimage\",\"url\":\"https:\\\/\\\/www.mundomagicodisfraces.com\\\/web\\\/wp-content\\\/uploads\\\/2024\\\/10\\\/conejita-orejas-lentejuela.jpg\",\"contentUrl\":\"https:\\\/\\\/www.mundomagicodisfraces.com\\\/web\\\/wp-content\\\/uploads\\\/2024\\\/10\\\/conejita-orejas-lentejuela.jpg\",\"width\":1000,\"height\":1000,\"caption\":\"Pack de conejita con orejas con lentejuelas rosa\"},{\"@type\":\"BreadcrumbList\",\"@id\":\"https:\\\/\\\/www.mundomagicodisfraces.com\\\/web\\\/producto\\\/pack-de-conejita-con-orejas-con-lentejuelas-rosa\\\/#breadcrumb\",\"itemListElement\":[{\"@type\":\"ListItem\",\"position\":1,\"name\":\"Portada\",\"item\":\"https:\\\/\\\/www.mundomagicodisfraces.com\\\/web\\\/\"},{\"@type\":\"ListItem\",\"position\":2,\"name\":\"Tienda\",\"item\":\"https:\\\/\\\/www.mundomagicodisfraces.com\\\/web\\\/tienda\\\/\"},{\"@type\":\"ListItem\",\"position\":3,\"name\":\"Pack de conejita con orejas con lentejuelas rosa\"}]},{\"@type\":\"WebSite\",\"@id\":\"https:\\\/\\\/www.mundomagicodisfraces.com\\\/web\\\/#website\",\"url\":\"https:\\\/\\\/www.mundomagicodisfraces.com\\\/web\\\/\",\"name\":\"Mundo M\u00e1gico Disfraces\",\"description\":\"Mundo M\u00e1gico Disfraces local de disfraces ubicado en Quito Ecuador, alquiler disfraces, 1800 disfraces a su disposici\u00f3n, m\u00e1s de 2900 accesorios.\",\"publisher\":{\"@id\":\"https:\\\/\\\/www.mundomagicodisfraces.com\\\/web\\\/#organization\"},\"potentialAction\":[{\"@type\":\"SearchAction\",\"target\":{\"@type\":\"EntryPoint\",\"urlTemplate\":\"https:\\\/\\\/www.mundomagicodisfraces.com\\\/web\\\/?s={search_term_string}\"},\"query-input\":{\"@type\":\"PropertyValueSpecification\",\"valueRequired\":true,\"valueName\":\"search_term_string\"}}],\"inLanguage\":\"es\"},{\"@type\":\"Organization\",\"@id\":\"https:\\\/\\\/www.mundomagicodisfraces.com\\\/web\\\/#organization\",\"name\":\"Mundo M\u00e1gico Disfraces\",\"url\":\"https:\\\/\\\/www.mundomagicodisfraces.com\\\/web\\\/\",\"logo\":{\"@type\":\"ImageObject\",\"inLanguage\":\"es\",\"@id\":\"https:\\\/\\\/www.mundomagicodisfraces.com\\\/web\\\/#\\\/schema\\\/logo\\\/image\\\/\",\"url\":\"https:\\\/\\\/www.mundomagicodisfraces.com\\\/web\\\/wp-content\\\/uploads\\\/2017\\\/08\\\/logodefault2.png\",\"contentUrl\":\"https:\\\/\\\/www.mundomagicodisfraces.com\\\/web\\\/wp-content\\\/uploads\\\/2017\\\/08\\\/logodefault2.png\",\"width\":700,\"height\":281,\"caption\":\"Mundo M\u00e1gico Disfraces\"},\"image\":{\"@id\":\"https:\\\/\\\/www.mundomagicodisfraces.com\\\/web\\\/#\\\/schema\\\/logo\\\/image\\\/\"},\"sameAs\":[\"https:\\\/\\\/www.facebook.com\\\/mmdisfraces\",\"https:\\\/\\\/x.com\\\/MundoMagicoDisf\",\"https:\\\/\\\/www.instagram.com\\\/disfracesmundomagico\\\/\"]}]}<\/script>\n<!-- \/ Yoast SEO plugin. -->","yoast_head_json":{"title":"Pack de conejita con orejas con lentejuelas rosa | Mundo M\u00e1gico Disfraces","description":"Transforma tu look con nuestro coqueto pack de conejita. Incluye unas encantadoras orejas de lentejuelas rosa, un corbat\u00edn a juego y una divertida colita. Ideal para fiestas tem\u00e1ticas, disfraces de Halloween o cualquier evento especial. \u00a1Luce adorable y brillante con este set \u00fanico! Transforma tu look con nuestro coqueto pack de conejita. Incluye unas encantadoras orejas de lentejuelas rosa, un corbat\u00edn a juego y una divertida colita. Ideal para fiestas tem\u00e1ticas, disfraces de Halloween o cualquier evento especial. \u00a1Luce adorable y brillante con este set \u00fanico!","robots":{"index":"index","follow":"follow","max-snippet":"max-snippet:-1","max-image-preview":"max-image-preview:large","max-video-preview":"max-video-preview:-1"},"canonical":"https:\/\/www.mundomagicodisfraces.com\/web\/producto\/pack-de-conejita-con-orejas-con-lentejuelas-rosa\/","og_locale":"es_ES","og_type":"article","og_title":"Pack de conejita con orejas con lentejuelas rosa | Mundo M\u00e1gico Disfraces","og_description":"Transforma tu look con nuestro coqueto pack de conejita. Incluye unas encantadoras orejas de lentejuelas rosa, un corbat\u00edn a juego y una divertida colita. Ideal para fiestas tem\u00e1ticas, disfraces de Halloween o cualquier evento especial. \u00a1Luce adorable y brillante con este set \u00fanico! Transforma tu look con nuestro coqueto pack de conejita. Incluye unas encantadoras orejas de lentejuelas rosa, un corbat\u00edn a juego y una divertida colita. Ideal para fiestas tem\u00e1ticas, disfraces de Halloween o cualquier evento especial. \u00a1Luce adorable y brillante con este set \u00fanico!","og_url":"https:\/\/www.mundomagicodisfraces.com\/web\/producto\/pack-de-conejita-con-orejas-con-lentejuelas-rosa\/","og_site_name":"Mundo M\u00e1gico Disfraces","article_publisher":"https:\/\/www.facebook.com\/mmdisfraces","article_modified_time":"2026-01-15T21:52:16+00:00","og_image":[{"width":1000,"height":1000,"url":"https:\/\/www.mundomagicodisfraces.com\/web\/wp-content\/uploads\/2024\/10\/conejita-orejas-lentejuela.jpg","type":"image\/jpeg"}],"twitter_card":"summary_large_image","twitter_site":"@MundoMagicoDisf","twitter_misc":{"Tiempo de lectura":"1 minuto"},"schema":{"@context":"https:\/\/schema.org","@graph":[{"@type":"WebPage","@id":"https:\/\/www.mundomagicodisfraces.com\/web\/producto\/pack-de-conejita-con-orejas-con-lentejuelas-rosa\/","url":"https:\/\/www.mundomagicodisfraces.com\/web\/producto\/pack-de-conejita-con-orejas-con-lentejuelas-rosa\/","name":"Pack de conejita con orejas con lentejuelas rosa | Mundo M\u00e1gico Disfraces","isPartOf":{"@id":"https:\/\/www.mundomagicodisfraces.com\/web\/#website"},"primaryImageOfPage":{"@id":"https:\/\/www.mundomagicodisfraces.com\/web\/producto\/pack-de-conejita-con-orejas-con-lentejuelas-rosa\/#primaryimage"},"image":{"@id":"https:\/\/www.mundomagicodisfraces.com\/web\/producto\/pack-de-conejita-con-orejas-con-lentejuelas-rosa\/#primaryimage"},"thumbnailUrl":"https:\/\/www.mundomagicodisfraces.com\/web\/wp-content\/uploads\/2024\/10\/conejita-orejas-lentejuela.jpg","datePublished":"2024-10-13T19:14:06+00:00","dateModified":"2026-01-15T21:52:16+00:00","description":"Transforma tu look con nuestro coqueto pack de conejita. Incluye unas encantadoras orejas de lentejuelas rosa, un corbat\u00edn a juego y una divertida colita. Ideal para fiestas tem\u00e1ticas, disfraces de Halloween o cualquier evento especial. \u00a1Luce adorable y brillante con este set \u00fanico! Transforma tu look con nuestro coqueto pack de conejita. Incluye unas encantadoras orejas de lentejuelas rosa, un corbat\u00edn a juego y una divertida colita. Ideal para fiestas tem\u00e1ticas, disfraces de Halloween o cualquier evento especial. \u00a1Luce adorable y brillante con este set \u00fanico!","breadcrumb":{"@id":"https:\/\/www.mundomagicodisfraces.com\/web\/producto\/pack-de-conejita-con-orejas-con-lentejuelas-rosa\/#breadcrumb"},"inLanguage":"es","potentialAction":[{"@type":"ReadAction","target":["https:\/\/www.mundomagicodisfraces.com\/web\/producto\/pack-de-conejita-con-orejas-con-lentejuelas-rosa\/"]}]},{"@type":"ImageObject","inLanguage":"es","@id":"https:\/\/www.mundomagicodisfraces.com\/web\/producto\/pack-de-conejita-con-orejas-con-lentejuelas-rosa\/#primaryimage","url":"https:\/\/www.mundomagicodisfraces.com\/web\/wp-content\/uploads\/2024\/10\/conejita-orejas-lentejuela.jpg","contentUrl":"https:\/\/www.mundomagicodisfraces.com\/web\/wp-content\/uploads\/2024\/10\/conejita-orejas-lentejuela.jpg","width":1000,"height":1000,"caption":"Pack de conejita con orejas con lentejuelas rosa"},{"@type":"BreadcrumbList","@id":"https:\/\/www.mundomagicodisfraces.com\/web\/producto\/pack-de-conejita-con-orejas-con-lentejuelas-rosa\/#breadcrumb","itemListElement":[{"@type":"ListItem","position":1,"name":"Portada","item":"https:\/\/www.mundomagicodisfraces.com\/web\/"},{"@type":"ListItem","position":2,"name":"Tienda","item":"https:\/\/www.mundomagicodisfraces.com\/web\/tienda\/"},{"@type":"ListItem","position":3,"name":"Pack de conejita con orejas con lentejuelas rosa"}]},{"@type":"WebSite","@id":"https:\/\/www.mundomagicodisfraces.com\/web\/#website","url":"https:\/\/www.mundomagicodisfraces.com\/web\/","name":"Mundo M\u00e1gico Disfraces","description":"Mundo M\u00e1gico Disfraces local de disfraces ubicado en Quito Ecuador, alquiler disfraces, 1800 disfraces a su disposici\u00f3n, m\u00e1s de 2900 accesorios.","publisher":{"@id":"https:\/\/www.mundomagicodisfraces.com\/web\/#organization"},"potentialAction":[{"@type":"SearchAction","target":{"@type":"EntryPoint","urlTemplate":"https:\/\/www.mundomagicodisfraces.com\/web\/?s={search_term_string}"},"query-input":{"@type":"PropertyValueSpecification","valueRequired":true,"valueName":"search_term_string"}}],"inLanguage":"es"},{"@type":"Organization","@id":"https:\/\/www.mundomagicodisfraces.com\/web\/#organization","name":"Mundo M\u00e1gico Disfraces","url":"https:\/\/www.mundomagicodisfraces.com\/web\/","logo":{"@type":"ImageObject","inLanguage":"es","@id":"https:\/\/www.mundomagicodisfraces.com\/web\/#\/schema\/logo\/image\/","url":"https:\/\/www.mundomagicodisfraces.com\/web\/wp-content\/uploads\/2017\/08\/logodefault2.png","contentUrl":"https:\/\/www.mundomagicodisfraces.com\/web\/wp-content\/uploads\/2017\/08\/logodefault2.png","width":700,"height":281,"caption":"Mundo M\u00e1gico Disfraces"},"image":{"@id":"https:\/\/www.mundomagicodisfraces.com\/web\/#\/schema\/logo\/image\/"},"sameAs":["https:\/\/www.facebook.com\/mmdisfraces","https:\/\/x.com\/MundoMagicoDisf","https:\/\/www.instagram.com\/disfracesmundomagico\/"]}]}},"_links":{"self":[{"href":"https:\/\/www.mundomagicodisfraces.com\/web\/wp-json\/wp\/v2\/product\/81258","targetHints":{"allow":["GET"]}}],"collection":[{"href":"https:\/\/www.mundomagicodisfraces.com\/web\/wp-json\/wp\/v2\/product"}],"about":[{"href":"https:\/\/www.mundomagicodisfraces.com\/web\/wp-json\/wp\/v2\/types\/product"}],"replies":[{"embeddable":true,"href":"https:\/\/www.mundomagicodisfraces.com\/web\/wp-json\/wp\/v2\/comments?post=81258"}],"wp:featuredmedia":[{"embeddable":true,"href":"https:\/\/www.mundomagicodisfraces.com\/web\/wp-json\/wp\/v2\/media\/81259"}],"wp:attachment":[{"href":"https:\/\/www.mundomagicodisfraces.com\/web\/wp-json\/wp\/v2\/media?parent=81258"}],"wp:term":[{"taxonomy":"product_brand","embeddable":true,"href":"https:\/\/www.mundomagicodisfraces.com\/web\/wp-json\/wp\/v2\/product_brand?post=81258"},{"taxonomy":"product_cat","embeddable":true,"href":"https:\/\/www.mundomagicodisfraces.com\/web\/wp-json\/wp\/v2\/product_cat?post=81258"},{"taxonomy":"product_tag","embeddable":true,"href":"https:\/\/www.mundomagicodisfraces.com\/web\/wp-json\/wp\/v2\/product_tag?post=81258"}],"curies":[{"name":"wp","href":"https:\/\/api.w.org\/{rel}","templated":true}]}}