{"id":81076,"date":"2024-10-07T19:40:21","date_gmt":"2024-10-08T00:40:21","guid":{"rendered":"https:\/\/www.mundomagicodisfraces.com\/web\/?post_type=product&#038;p=81076"},"modified":"2025-09-27T11:57:12","modified_gmt":"2025-09-27T16:57:12","slug":"boas-o-estolas-de-plumas","status":"publish","type":"product","link":"https:\/\/www.mundomagicodisfraces.com\/web\/producto\/boas-o-estolas-de-plumas\/","title":{"rendered":"Boas o estolas de plumas"},"content":{"rendered":"<p>A\u00f1ade un toque de glamour y elegancia a tu disfraz con nuestras suaves boas de plumas. Perfectas para recrear el ic\u00f3nico estilo del charlest\u00f3n de los a\u00f1os 20 o para complementar cualquier look festivo o de fantas\u00eda. Disponibles en una variedad de colores vibrantes, nuestras estolas de plumas son el accesorio ideal para destacar en cualquier ocasi\u00f3n.<\/p>\n","protected":false},"excerpt":{"rendered":"<p>A\u00f1ade un toque de glamour y elegancia a tu disfraz con nuestras suaves boas de plumas. Perfectas para recrear el ic\u00f3nico estilo del charlest\u00f3n de los a\u00f1os 20 o para complementar cualquier look festivo o de fantas\u00eda. Disponibles en una variedad de colores vibrantes, nuestras estolas de plumas son el accesorio ideal para destacar en cualquier ocasi\u00f3n.<\/p>\n","protected":false},"featured_media":81077,"comment_status":"closed","ping_status":"closed","template":"","meta":{"_acf_changed":false,"_et_pb_use_builder":"","_et_pb_old_content":"","_et_gb_content_width":""},"product_brand":[],"product_cat":[611],"product_tag":[1438,1189,1452,1453,689,1188,1451,630,1192,1441,1191,631],"class_list":{"0":"post-81076","1":"product","2":"type-product","3":"status-publish","4":"has-post-thumbnail","6":"product_cat-accesorios","7":"product_tag-20s","8":"product_tag-anos-20","9":"product_tag-boa","10":"product_tag-brasil","11":"product_tag-carnaval","12":"product_tag-charleston","13":"product_tag-estola","14":"product_tag-fantasia","15":"product_tag-fitzgerald","16":"product_tag-flapper","17":"product_tag-gatsby","18":"product_tag-plumas","20":"first","21":"instock","22":"shipping-taxable","23":"purchasable","24":"product-type-variable"},"barcode":null,"atum_controlled":true,"out_stock_date":null,"out_stock_threshold":null,"inheritable":true,"stock_on_hold":0,"sold_today":0,"sales_last_days":0,"out_stock_days":0,"lost_sales":0,"update_date":"2026-05-07T01:23:11","atum_locations":[],"atum_stock_status":"instock","restock_status":false,"low_stock_amount":"","sales_update_date":"2026-05-07T01:23:11","calc_backorders":null,"acf":[],"yoast_head":"<!-- This site is optimized with the Yoast SEO plugin v27.5 - https:\/\/yoast.com\/product\/yoast-seo-wordpress\/ -->\n<title>Boas o estolas de plumas | Mundo M\u00e1gico Disfraces<\/title>\n<meta name=\"description\" content=\"A\u00f1ade un toque de glamour y elegancia a tu disfraz con nuestras suaves boas de plumas. Perfectas para recrear el ic\u00f3nico estilo del charlest\u00f3n de los a\u00f1os 20 o para complementar cualquier look festivo o de fantas\u00eda. Disponibles en una variedad de colores vibrantes, nuestras estolas de plumas son el accesorio ideal para destacar en cualquier ocasi\u00f3n. Nuestras boas o estolas de plumas, perfectas para recrear el ic\u00f3nico estilo del charlest\u00f3n de los a\u00f1os 20 o para complementar cualquier look festivo o de fantas\u00eda.\" \/>\n<meta name=\"robots\" content=\"index, follow, max-snippet:-1, max-image-preview:large, max-video-preview:-1\" \/>\n<link rel=\"canonical\" href=\"https:\/\/www.mundomagicodisfraces.com\/web\/producto\/boas-o-estolas-de-plumas\/\" \/>\n<meta property=\"og:locale\" content=\"es_ES\" \/>\n<meta property=\"og:type\" content=\"article\" \/>\n<meta property=\"og:title\" content=\"Boas o estolas de plumas | Mundo M\u00e1gico Disfraces\" \/>\n<meta property=\"og:description\" content=\"A\u00f1ade un toque de glamour y elegancia a tu disfraz con nuestras suaves boas de plumas. Perfectas para recrear el ic\u00f3nico estilo del charlest\u00f3n de los a\u00f1os 20 o para complementar cualquier look festivo o de fantas\u00eda. Disponibles en una variedad de colores vibrantes, nuestras estolas de plumas son el accesorio ideal para destacar en cualquier ocasi\u00f3n. Nuestras boas o estolas de plumas, perfectas para recrear el ic\u00f3nico estilo del charlest\u00f3n de los a\u00f1os 20 o para complementar cualquier look festivo o de fantas\u00eda.\" \/>\n<meta property=\"og:url\" content=\"https:\/\/www.mundomagicodisfraces.com\/web\/producto\/boas-o-estolas-de-plumas\/\" \/>\n<meta property=\"og:site_name\" content=\"Mundo M\u00e1gico Disfraces\" \/>\n<meta property=\"article:publisher\" content=\"https:\/\/www.facebook.com\/mmdisfraces\" \/>\n<meta property=\"article:modified_time\" content=\"2025-09-27T16:57:12+00:00\" \/>\n<meta property=\"og:image\" content=\"https:\/\/www.mundomagicodisfraces.com\/web\/wp-content\/uploads\/2024\/10\/estolas.png\" \/>\n\t<meta property=\"og:image:width\" content=\"1200\" \/>\n\t<meta property=\"og:image:height\" content=\"1200\" \/>\n\t<meta property=\"og:image:type\" content=\"image\/png\" \/>\n<meta name=\"twitter:card\" content=\"summary_large_image\" \/>\n<meta name=\"twitter:site\" content=\"@MundoMagicoDisf\" \/>\n<meta name=\"twitter:label1\" content=\"Tiempo de lectura\" \/>\n\t<meta name=\"twitter:data1\" content=\"1 minuto\" \/>\n<script type=\"application\/ld+json\" class=\"yoast-schema-graph\">{\"@context\":\"https:\\\/\\\/schema.org\",\"@graph\":[{\"@type\":\"WebPage\",\"@id\":\"https:\\\/\\\/www.mundomagicodisfraces.com\\\/web\\\/producto\\\/boas-o-estolas-de-plumas\\\/\",\"url\":\"https:\\\/\\\/www.mundomagicodisfraces.com\\\/web\\\/producto\\\/boas-o-estolas-de-plumas\\\/\",\"name\":\"Boas o estolas de plumas | Mundo M\u00e1gico Disfraces\",\"isPartOf\":{\"@id\":\"https:\\\/\\\/www.mundomagicodisfraces.com\\\/web\\\/#website\"},\"primaryImageOfPage\":{\"@id\":\"https:\\\/\\\/www.mundomagicodisfraces.com\\\/web\\\/producto\\\/boas-o-estolas-de-plumas\\\/#primaryimage\"},\"image\":{\"@id\":\"https:\\\/\\\/www.mundomagicodisfraces.com\\\/web\\\/producto\\\/boas-o-estolas-de-plumas\\\/#primaryimage\"},\"thumbnailUrl\":\"https:\\\/\\\/www.mundomagicodisfraces.com\\\/web\\\/wp-content\\\/uploads\\\/2024\\\/10\\\/estolas.png\",\"datePublished\":\"2024-10-08T00:40:21+00:00\",\"dateModified\":\"2025-09-27T16:57:12+00:00\",\"description\":\"A\u00f1ade un toque de glamour y elegancia a tu disfraz con nuestras suaves boas de plumas. Perfectas para recrear el ic\u00f3nico estilo del charlest\u00f3n de los a\u00f1os 20 o para complementar cualquier look festivo o de fantas\u00eda. Disponibles en una variedad de colores vibrantes, nuestras estolas de plumas son el accesorio ideal para destacar en cualquier ocasi\u00f3n. Nuestras boas o estolas de plumas, perfectas para recrear el ic\u00f3nico estilo del charlest\u00f3n de los a\u00f1os 20 o para complementar cualquier look festivo o de fantas\u00eda.\",\"breadcrumb\":{\"@id\":\"https:\\\/\\\/www.mundomagicodisfraces.com\\\/web\\\/producto\\\/boas-o-estolas-de-plumas\\\/#breadcrumb\"},\"inLanguage\":\"es\",\"potentialAction\":[{\"@type\":\"ReadAction\",\"target\":[\"https:\\\/\\\/www.mundomagicodisfraces.com\\\/web\\\/producto\\\/boas-o-estolas-de-plumas\\\/\"]}]},{\"@type\":\"ImageObject\",\"inLanguage\":\"es\",\"@id\":\"https:\\\/\\\/www.mundomagicodisfraces.com\\\/web\\\/producto\\\/boas-o-estolas-de-plumas\\\/#primaryimage\",\"url\":\"https:\\\/\\\/www.mundomagicodisfraces.com\\\/web\\\/wp-content\\\/uploads\\\/2024\\\/10\\\/estolas.png\",\"contentUrl\":\"https:\\\/\\\/www.mundomagicodisfraces.com\\\/web\\\/wp-content\\\/uploads\\\/2024\\\/10\\\/estolas.png\",\"width\":1200,\"height\":1200,\"caption\":\"Estolas o boas de plumas\"},{\"@type\":\"BreadcrumbList\",\"@id\":\"https:\\\/\\\/www.mundomagicodisfraces.com\\\/web\\\/producto\\\/boas-o-estolas-de-plumas\\\/#breadcrumb\",\"itemListElement\":[{\"@type\":\"ListItem\",\"position\":1,\"name\":\"Portada\",\"item\":\"https:\\\/\\\/www.mundomagicodisfraces.com\\\/web\\\/\"},{\"@type\":\"ListItem\",\"position\":2,\"name\":\"Tienda\",\"item\":\"https:\\\/\\\/www.mundomagicodisfraces.com\\\/web\\\/tienda\\\/\"},{\"@type\":\"ListItem\",\"position\":3,\"name\":\"Boas o estolas de plumas\"}]},{\"@type\":\"WebSite\",\"@id\":\"https:\\\/\\\/www.mundomagicodisfraces.com\\\/web\\\/#website\",\"url\":\"https:\\\/\\\/www.mundomagicodisfraces.com\\\/web\\\/\",\"name\":\"Mundo M\u00e1gico Disfraces\",\"description\":\"Mundo M\u00e1gico Disfraces local de disfraces ubicado en Quito Ecuador, alquiler disfraces, 1800 disfraces a su disposici\u00f3n, m\u00e1s de 2900 accesorios.\",\"publisher\":{\"@id\":\"https:\\\/\\\/www.mundomagicodisfraces.com\\\/web\\\/#organization\"},\"potentialAction\":[{\"@type\":\"SearchAction\",\"target\":{\"@type\":\"EntryPoint\",\"urlTemplate\":\"https:\\\/\\\/www.mundomagicodisfraces.com\\\/web\\\/?s={search_term_string}\"},\"query-input\":{\"@type\":\"PropertyValueSpecification\",\"valueRequired\":true,\"valueName\":\"search_term_string\"}}],\"inLanguage\":\"es\"},{\"@type\":\"Organization\",\"@id\":\"https:\\\/\\\/www.mundomagicodisfraces.com\\\/web\\\/#organization\",\"name\":\"Mundo M\u00e1gico Disfraces\",\"url\":\"https:\\\/\\\/www.mundomagicodisfraces.com\\\/web\\\/\",\"logo\":{\"@type\":\"ImageObject\",\"inLanguage\":\"es\",\"@id\":\"https:\\\/\\\/www.mundomagicodisfraces.com\\\/web\\\/#\\\/schema\\\/logo\\\/image\\\/\",\"url\":\"https:\\\/\\\/www.mundomagicodisfraces.com\\\/web\\\/wp-content\\\/uploads\\\/2017\\\/08\\\/logodefault2.png\",\"contentUrl\":\"https:\\\/\\\/www.mundomagicodisfraces.com\\\/web\\\/wp-content\\\/uploads\\\/2017\\\/08\\\/logodefault2.png\",\"width\":700,\"height\":281,\"caption\":\"Mundo M\u00e1gico Disfraces\"},\"image\":{\"@id\":\"https:\\\/\\\/www.mundomagicodisfraces.com\\\/web\\\/#\\\/schema\\\/logo\\\/image\\\/\"},\"sameAs\":[\"https:\\\/\\\/www.facebook.com\\\/mmdisfraces\",\"https:\\\/\\\/x.com\\\/MundoMagicoDisf\",\"https:\\\/\\\/www.instagram.com\\\/disfracesmundomagico\\\/\"]}]}<\/script>\n<!-- \/ Yoast SEO plugin. -->","yoast_head_json":{"title":"Boas o estolas de plumas | Mundo M\u00e1gico Disfraces","description":"A\u00f1ade un toque de glamour y elegancia a tu disfraz con nuestras suaves boas de plumas. Perfectas para recrear el ic\u00f3nico estilo del charlest\u00f3n de los a\u00f1os 20 o para complementar cualquier look festivo o de fantas\u00eda. Disponibles en una variedad de colores vibrantes, nuestras estolas de plumas son el accesorio ideal para destacar en cualquier ocasi\u00f3n. Nuestras boas o estolas de plumas, perfectas para recrear el ic\u00f3nico estilo del charlest\u00f3n de los a\u00f1os 20 o para complementar cualquier look festivo o de fantas\u00eda.","robots":{"index":"index","follow":"follow","max-snippet":"max-snippet:-1","max-image-preview":"max-image-preview:large","max-video-preview":"max-video-preview:-1"},"canonical":"https:\/\/www.mundomagicodisfraces.com\/web\/producto\/boas-o-estolas-de-plumas\/","og_locale":"es_ES","og_type":"article","og_title":"Boas o estolas de plumas | Mundo M\u00e1gico Disfraces","og_description":"A\u00f1ade un toque de glamour y elegancia a tu disfraz con nuestras suaves boas de plumas. Perfectas para recrear el ic\u00f3nico estilo del charlest\u00f3n de los a\u00f1os 20 o para complementar cualquier look festivo o de fantas\u00eda. Disponibles en una variedad de colores vibrantes, nuestras estolas de plumas son el accesorio ideal para destacar en cualquier ocasi\u00f3n. Nuestras boas o estolas de plumas, perfectas para recrear el ic\u00f3nico estilo del charlest\u00f3n de los a\u00f1os 20 o para complementar cualquier look festivo o de fantas\u00eda.","og_url":"https:\/\/www.mundomagicodisfraces.com\/web\/producto\/boas-o-estolas-de-plumas\/","og_site_name":"Mundo M\u00e1gico Disfraces","article_publisher":"https:\/\/www.facebook.com\/mmdisfraces","article_modified_time":"2025-09-27T16:57:12+00:00","og_image":[{"width":1200,"height":1200,"url":"https:\/\/www.mundomagicodisfraces.com\/web\/wp-content\/uploads\/2024\/10\/estolas.png","type":"image\/png"}],"twitter_card":"summary_large_image","twitter_site":"@MundoMagicoDisf","twitter_misc":{"Tiempo de lectura":"1 minuto"},"schema":{"@context":"https:\/\/schema.org","@graph":[{"@type":"WebPage","@id":"https:\/\/www.mundomagicodisfraces.com\/web\/producto\/boas-o-estolas-de-plumas\/","url":"https:\/\/www.mundomagicodisfraces.com\/web\/producto\/boas-o-estolas-de-plumas\/","name":"Boas o estolas de plumas | Mundo M\u00e1gico Disfraces","isPartOf":{"@id":"https:\/\/www.mundomagicodisfraces.com\/web\/#website"},"primaryImageOfPage":{"@id":"https:\/\/www.mundomagicodisfraces.com\/web\/producto\/boas-o-estolas-de-plumas\/#primaryimage"},"image":{"@id":"https:\/\/www.mundomagicodisfraces.com\/web\/producto\/boas-o-estolas-de-plumas\/#primaryimage"},"thumbnailUrl":"https:\/\/www.mundomagicodisfraces.com\/web\/wp-content\/uploads\/2024\/10\/estolas.png","datePublished":"2024-10-08T00:40:21+00:00","dateModified":"2025-09-27T16:57:12+00:00","description":"A\u00f1ade un toque de glamour y elegancia a tu disfraz con nuestras suaves boas de plumas. Perfectas para recrear el ic\u00f3nico estilo del charlest\u00f3n de los a\u00f1os 20 o para complementar cualquier look festivo o de fantas\u00eda. Disponibles en una variedad de colores vibrantes, nuestras estolas de plumas son el accesorio ideal para destacar en cualquier ocasi\u00f3n. Nuestras boas o estolas de plumas, perfectas para recrear el ic\u00f3nico estilo del charlest\u00f3n de los a\u00f1os 20 o para complementar cualquier look festivo o de fantas\u00eda.","breadcrumb":{"@id":"https:\/\/www.mundomagicodisfraces.com\/web\/producto\/boas-o-estolas-de-plumas\/#breadcrumb"},"inLanguage":"es","potentialAction":[{"@type":"ReadAction","target":["https:\/\/www.mundomagicodisfraces.com\/web\/producto\/boas-o-estolas-de-plumas\/"]}]},{"@type":"ImageObject","inLanguage":"es","@id":"https:\/\/www.mundomagicodisfraces.com\/web\/producto\/boas-o-estolas-de-plumas\/#primaryimage","url":"https:\/\/www.mundomagicodisfraces.com\/web\/wp-content\/uploads\/2024\/10\/estolas.png","contentUrl":"https:\/\/www.mundomagicodisfraces.com\/web\/wp-content\/uploads\/2024\/10\/estolas.png","width":1200,"height":1200,"caption":"Estolas o boas de plumas"},{"@type":"BreadcrumbList","@id":"https:\/\/www.mundomagicodisfraces.com\/web\/producto\/boas-o-estolas-de-plumas\/#breadcrumb","itemListElement":[{"@type":"ListItem","position":1,"name":"Portada","item":"https:\/\/www.mundomagicodisfraces.com\/web\/"},{"@type":"ListItem","position":2,"name":"Tienda","item":"https:\/\/www.mundomagicodisfraces.com\/web\/tienda\/"},{"@type":"ListItem","position":3,"name":"Boas o estolas de plumas"}]},{"@type":"WebSite","@id":"https:\/\/www.mundomagicodisfraces.com\/web\/#website","url":"https:\/\/www.mundomagicodisfraces.com\/web\/","name":"Mundo M\u00e1gico Disfraces","description":"Mundo M\u00e1gico Disfraces local de disfraces ubicado en Quito Ecuador, alquiler disfraces, 1800 disfraces a su disposici\u00f3n, m\u00e1s de 2900 accesorios.","publisher":{"@id":"https:\/\/www.mundomagicodisfraces.com\/web\/#organization"},"potentialAction":[{"@type":"SearchAction","target":{"@type":"EntryPoint","urlTemplate":"https:\/\/www.mundomagicodisfraces.com\/web\/?s={search_term_string}"},"query-input":{"@type":"PropertyValueSpecification","valueRequired":true,"valueName":"search_term_string"}}],"inLanguage":"es"},{"@type":"Organization","@id":"https:\/\/www.mundomagicodisfraces.com\/web\/#organization","name":"Mundo M\u00e1gico Disfraces","url":"https:\/\/www.mundomagicodisfraces.com\/web\/","logo":{"@type":"ImageObject","inLanguage":"es","@id":"https:\/\/www.mundomagicodisfraces.com\/web\/#\/schema\/logo\/image\/","url":"https:\/\/www.mundomagicodisfraces.com\/web\/wp-content\/uploads\/2017\/08\/logodefault2.png","contentUrl":"https:\/\/www.mundomagicodisfraces.com\/web\/wp-content\/uploads\/2017\/08\/logodefault2.png","width":700,"height":281,"caption":"Mundo M\u00e1gico Disfraces"},"image":{"@id":"https:\/\/www.mundomagicodisfraces.com\/web\/#\/schema\/logo\/image\/"},"sameAs":["https:\/\/www.facebook.com\/mmdisfraces","https:\/\/x.com\/MundoMagicoDisf","https:\/\/www.instagram.com\/disfracesmundomagico\/"]}]}},"_links":{"self":[{"href":"https:\/\/www.mundomagicodisfraces.com\/web\/wp-json\/wp\/v2\/product\/81076","targetHints":{"allow":["GET"]}}],"collection":[{"href":"https:\/\/www.mundomagicodisfraces.com\/web\/wp-json\/wp\/v2\/product"}],"about":[{"href":"https:\/\/www.mundomagicodisfraces.com\/web\/wp-json\/wp\/v2\/types\/product"}],"replies":[{"embeddable":true,"href":"https:\/\/www.mundomagicodisfraces.com\/web\/wp-json\/wp\/v2\/comments?post=81076"}],"wp:featuredmedia":[{"embeddable":true,"href":"https:\/\/www.mundomagicodisfraces.com\/web\/wp-json\/wp\/v2\/media\/81077"}],"wp:attachment":[{"href":"https:\/\/www.mundomagicodisfraces.com\/web\/wp-json\/wp\/v2\/media?parent=81076"}],"wp:term":[{"taxonomy":"product_brand","embeddable":true,"href":"https:\/\/www.mundomagicodisfraces.com\/web\/wp-json\/wp\/v2\/product_brand?post=81076"},{"taxonomy":"product_cat","embeddable":true,"href":"https:\/\/www.mundomagicodisfraces.com\/web\/wp-json\/wp\/v2\/product_cat?post=81076"},{"taxonomy":"product_tag","embeddable":true,"href":"https:\/\/www.mundomagicodisfraces.com\/web\/wp-json\/wp\/v2\/product_tag?post=81076"}],"curies":[{"name":"wp","href":"https:\/\/api.w.org\/{rel}","templated":true}]}}