{"id":81057,"date":"2024-10-04T18:04:04","date_gmt":"2024-10-04T23:04:04","guid":{"rendered":"https:\/\/www.mundomagicodisfraces.com\/web\/?post_type=product&#038;p=81057"},"modified":"2026-01-14T18:53:45","modified_gmt":"2026-01-14T23:53:45","slug":"antifaces-negros-venecianos","status":"publish","type":"product","link":"https:\/\/www.mundomagicodisfraces.com\/web\/producto\/antifaces-negros-venecianos\/","title":{"rendered":"Antifaces negros venecianos"},"content":{"rendered":"<p>\u00a1A\u00f1ade un toque de misterio y elegancia a tu disfraz con nuestros antifaces negros estilo veneciano! Perfectos para bailes de m\u00e1scaras, fiestas tem\u00e1ticas o cualquier ocasi\u00f3n especial, estos antifaces combinan sofisticaci\u00f3n con un aire enigm\u00e1tico.<\/p>\n","protected":false},"excerpt":{"rendered":"<p>\u00a1A\u00f1ade un toque de misterio y elegancia a tu disfraz con nuestros antifaces negros estilo veneciano! Perfectos para bailes de m\u00e1scaras, fiestas tem\u00e1ticas o cualquier ocasi\u00f3n especial, estos antifaces combinan sofisticaci\u00f3n con un aire enigm\u00e1tico.<\/p>\n","protected":false},"featured_media":81058,"comment_status":"closed","ping_status":"closed","template":"","meta":{"_acf_changed":false,"_et_pb_use_builder":"","_et_pb_old_content":"","_et_gb_content_width":""},"product_brand":[],"product_cat":[611],"product_tag":[677,676,689,1434,678,1436,1437,687],"class_list":{"0":"post-81057","1":"product","2":"type-product","3":"status-publish","4":"has-post-thumbnail","6":"product_cat-accesorios","7":"product_tag-antifaces","8":"product_tag-antifaz","9":"product_tag-carnaval","10":"product_tag-casanova","11":"product_tag-mascarada","12":"product_tag-masquerade","13":"product_tag-renacimiento","14":"product_tag-venecia","16":"first","17":"outofstock","18":"shipping-taxable","19":"purchasable","20":"product-type-simple"},"barcode":null,"atum_controlled":true,"out_stock_date":"2026-01-14 18:53:46","out_stock_threshold":null,"inheritable":false,"stock_on_hold":0,"sold_today":0,"sales_last_days":0,"out_stock_days":80,"lost_sales":0,"update_date":"2026-04-05T00:09:35","atum_locations":[],"atum_stock_status":"outofstock","restock_status":false,"low_stock_amount":"","sales_update_date":"2026-04-05T00:09:35","calc_backorders":null,"acf":[],"yoast_head":"<!-- This site is optimized with the Yoast SEO plugin v27.2 - https:\/\/yoast.com\/product\/yoast-seo-wordpress\/ -->\n<title>Antifaces negros venecianos | Mundo M\u00e1gico Disfraces<\/title>\n<meta name=\"description\" content=\"\u00a1A\u00f1ade un toque de misterio y elegancia a tu disfraz con nuestros antifaces negros estilo veneciano! Perfectos para bailes de m\u00e1scaras, fiestas tem\u00e1ticas o cualquier ocasi\u00f3n especial, estos antifaces combinan sofisticaci\u00f3n con un aire enigm\u00e1tico. \u00a1A\u00f1ade un toque de misterio y elegancia a tu disfraz con nuestros antifaces negros estilo veneciano! Perfectos para bailes de m\u00e1scaras, fiestas tem\u00e1ticas o cualquier ocasi\u00f3n especial, estos antifaces combinan sofisticaci\u00f3n con un aire enigm\u00e1tico.\" \/>\n<meta name=\"robots\" content=\"index, follow, max-snippet:-1, max-image-preview:large, max-video-preview:-1\" \/>\n<link rel=\"canonical\" href=\"https:\/\/www.mundomagicodisfraces.com\/web\/producto\/antifaces-negros-venecianos\/\" \/>\n<meta property=\"og:locale\" content=\"es_ES\" \/>\n<meta property=\"og:type\" content=\"article\" \/>\n<meta property=\"og:title\" content=\"Antifaces negros venecianos | Mundo M\u00e1gico Disfraces\" \/>\n<meta property=\"og:description\" content=\"\u00a1A\u00f1ade un toque de misterio y elegancia a tu disfraz con nuestros antifaces negros estilo veneciano! Perfectos para bailes de m\u00e1scaras, fiestas tem\u00e1ticas o cualquier ocasi\u00f3n especial, estos antifaces combinan sofisticaci\u00f3n con un aire enigm\u00e1tico. \u00a1A\u00f1ade un toque de misterio y elegancia a tu disfraz con nuestros antifaces negros estilo veneciano! Perfectos para bailes de m\u00e1scaras, fiestas tem\u00e1ticas o cualquier ocasi\u00f3n especial, estos antifaces combinan sofisticaci\u00f3n con un aire enigm\u00e1tico.\" \/>\n<meta property=\"og:url\" content=\"https:\/\/www.mundomagicodisfraces.com\/web\/producto\/antifaces-negros-venecianos\/\" \/>\n<meta property=\"og:site_name\" content=\"Mundo M\u00e1gico Disfraces\" \/>\n<meta property=\"article:publisher\" content=\"https:\/\/www.facebook.com\/mmdisfraces\" \/>\n<meta property=\"article:modified_time\" content=\"2026-01-14T23:53:45+00:00\" \/>\n<meta property=\"og:image\" content=\"https:\/\/www.mundomagicodisfraces.com\/web\/wp-content\/uploads\/2024\/10\/antifaces-negros-venecianos.jpg\" \/>\n\t<meta property=\"og:image:width\" content=\"1000\" \/>\n\t<meta property=\"og:image:height\" content=\"1000\" \/>\n\t<meta property=\"og:image:type\" content=\"image\/jpeg\" \/>\n<meta name=\"twitter:card\" content=\"summary_large_image\" \/>\n<meta name=\"twitter:site\" content=\"@MundoMagicoDisf\" \/>\n<meta name=\"twitter:label1\" content=\"Tiempo de lectura\" \/>\n\t<meta name=\"twitter:data1\" content=\"1 minuto\" \/>\n<script type=\"application\/ld+json\" class=\"yoast-schema-graph\">{\"@context\":\"https:\/\/schema.org\",\"@graph\":[{\"@type\":\"WebPage\",\"@id\":\"https:\/\/www.mundomagicodisfraces.com\/web\/producto\/antifaces-negros-venecianos\/\",\"url\":\"https:\/\/www.mundomagicodisfraces.com\/web\/producto\/antifaces-negros-venecianos\/\",\"name\":\"Antifaces negros venecianos | Mundo M\u00e1gico Disfraces\",\"isPartOf\":{\"@id\":\"https:\/\/www.mundomagicodisfraces.com\/web\/#website\"},\"primaryImageOfPage\":{\"@id\":\"https:\/\/www.mundomagicodisfraces.com\/web\/producto\/antifaces-negros-venecianos\/#primaryimage\"},\"image\":{\"@id\":\"https:\/\/www.mundomagicodisfraces.com\/web\/producto\/antifaces-negros-venecianos\/#primaryimage\"},\"thumbnailUrl\":\"https:\/\/www.mundomagicodisfraces.com\/web\/wp-content\/uploads\/2024\/10\/antifaces-negros-venecianos.jpg\",\"datePublished\":\"2024-10-04T23:04:04+00:00\",\"dateModified\":\"2026-01-14T23:53:45+00:00\",\"description\":\"\u00a1A\u00f1ade un toque de misterio y elegancia a tu disfraz con nuestros antifaces negros estilo veneciano! Perfectos para bailes de m\u00e1scaras, fiestas tem\u00e1ticas o cualquier ocasi\u00f3n especial, estos antifaces combinan sofisticaci\u00f3n con un aire enigm\u00e1tico. \u00a1A\u00f1ade un toque de misterio y elegancia a tu disfraz con nuestros antifaces negros estilo veneciano! Perfectos para bailes de m\u00e1scaras, fiestas tem\u00e1ticas o cualquier ocasi\u00f3n especial, estos antifaces combinan sofisticaci\u00f3n con un aire enigm\u00e1tico.\",\"breadcrumb\":{\"@id\":\"https:\/\/www.mundomagicodisfraces.com\/web\/producto\/antifaces-negros-venecianos\/#breadcrumb\"},\"inLanguage\":\"es\",\"potentialAction\":[{\"@type\":\"ReadAction\",\"target\":[\"https:\/\/www.mundomagicodisfraces.com\/web\/producto\/antifaces-negros-venecianos\/\"]}]},{\"@type\":\"ImageObject\",\"inLanguage\":\"es\",\"@id\":\"https:\/\/www.mundomagicodisfraces.com\/web\/producto\/antifaces-negros-venecianos\/#primaryimage\",\"url\":\"https:\/\/www.mundomagicodisfraces.com\/web\/wp-content\/uploads\/2024\/10\/antifaces-negros-venecianos.jpg\",\"contentUrl\":\"https:\/\/www.mundomagicodisfraces.com\/web\/wp-content\/uploads\/2024\/10\/antifaces-negros-venecianos.jpg\",\"width\":1000,\"height\":1000,\"caption\":\"Antifaces negros venecianos\"},{\"@type\":\"BreadcrumbList\",\"@id\":\"https:\/\/www.mundomagicodisfraces.com\/web\/producto\/antifaces-negros-venecianos\/#breadcrumb\",\"itemListElement\":[{\"@type\":\"ListItem\",\"position\":1,\"name\":\"Portada\",\"item\":\"https:\/\/www.mundomagicodisfraces.com\/web\/\"},{\"@type\":\"ListItem\",\"position\":2,\"name\":\"Tienda\",\"item\":\"https:\/\/www.mundomagicodisfraces.com\/web\/tienda\/\"},{\"@type\":\"ListItem\",\"position\":3,\"name\":\"Antifaces negros venecianos\"}]},{\"@type\":\"WebSite\",\"@id\":\"https:\/\/www.mundomagicodisfraces.com\/web\/#website\",\"url\":\"https:\/\/www.mundomagicodisfraces.com\/web\/\",\"name\":\"Mundo M\u00e1gico Disfraces\",\"description\":\"Mundo M\u00e1gico Disfraces local de disfraces ubicado en Quito Ecuador, alquiler disfraces, 1800 disfraces a su disposici\u00f3n, m\u00e1s de 2900 accesorios.\",\"publisher\":{\"@id\":\"https:\/\/www.mundomagicodisfraces.com\/web\/#organization\"},\"potentialAction\":[{\"@type\":\"SearchAction\",\"target\":{\"@type\":\"EntryPoint\",\"urlTemplate\":\"https:\/\/www.mundomagicodisfraces.com\/web\/?s={search_term_string}\"},\"query-input\":{\"@type\":\"PropertyValueSpecification\",\"valueRequired\":true,\"valueName\":\"search_term_string\"}}],\"inLanguage\":\"es\"},{\"@type\":\"Organization\",\"@id\":\"https:\/\/www.mundomagicodisfraces.com\/web\/#organization\",\"name\":\"Mundo M\u00e1gico Disfraces\",\"url\":\"https:\/\/www.mundomagicodisfraces.com\/web\/\",\"logo\":{\"@type\":\"ImageObject\",\"inLanguage\":\"es\",\"@id\":\"https:\/\/www.mundomagicodisfraces.com\/web\/#\/schema\/logo\/image\/\",\"url\":\"https:\/\/www.mundomagicodisfraces.com\/web\/wp-content\/uploads\/2017\/08\/logodefault2.png\",\"contentUrl\":\"https:\/\/www.mundomagicodisfraces.com\/web\/wp-content\/uploads\/2017\/08\/logodefault2.png\",\"width\":700,\"height\":281,\"caption\":\"Mundo M\u00e1gico Disfraces\"},\"image\":{\"@id\":\"https:\/\/www.mundomagicodisfraces.com\/web\/#\/schema\/logo\/image\/\"},\"sameAs\":[\"https:\/\/www.facebook.com\/mmdisfraces\",\"https:\/\/x.com\/MundoMagicoDisf\",\"https:\/\/www.instagram.com\/disfracesmundomagico\/\"]}]}<\/script>\n<!-- \/ Yoast SEO plugin. -->","yoast_head_json":{"title":"Antifaces negros venecianos | Mundo M\u00e1gico Disfraces","description":"\u00a1A\u00f1ade un toque de misterio y elegancia a tu disfraz con nuestros antifaces negros estilo veneciano! Perfectos para bailes de m\u00e1scaras, fiestas tem\u00e1ticas o cualquier ocasi\u00f3n especial, estos antifaces combinan sofisticaci\u00f3n con un aire enigm\u00e1tico. \u00a1A\u00f1ade un toque de misterio y elegancia a tu disfraz con nuestros antifaces negros estilo veneciano! Perfectos para bailes de m\u00e1scaras, fiestas tem\u00e1ticas o cualquier ocasi\u00f3n especial, estos antifaces combinan sofisticaci\u00f3n con un aire enigm\u00e1tico.","robots":{"index":"index","follow":"follow","max-snippet":"max-snippet:-1","max-image-preview":"max-image-preview:large","max-video-preview":"max-video-preview:-1"},"canonical":"https:\/\/www.mundomagicodisfraces.com\/web\/producto\/antifaces-negros-venecianos\/","og_locale":"es_ES","og_type":"article","og_title":"Antifaces negros venecianos | Mundo M\u00e1gico Disfraces","og_description":"\u00a1A\u00f1ade un toque de misterio y elegancia a tu disfraz con nuestros antifaces negros estilo veneciano! Perfectos para bailes de m\u00e1scaras, fiestas tem\u00e1ticas o cualquier ocasi\u00f3n especial, estos antifaces combinan sofisticaci\u00f3n con un aire enigm\u00e1tico. \u00a1A\u00f1ade un toque de misterio y elegancia a tu disfraz con nuestros antifaces negros estilo veneciano! Perfectos para bailes de m\u00e1scaras, fiestas tem\u00e1ticas o cualquier ocasi\u00f3n especial, estos antifaces combinan sofisticaci\u00f3n con un aire enigm\u00e1tico.","og_url":"https:\/\/www.mundomagicodisfraces.com\/web\/producto\/antifaces-negros-venecianos\/","og_site_name":"Mundo M\u00e1gico Disfraces","article_publisher":"https:\/\/www.facebook.com\/mmdisfraces","article_modified_time":"2026-01-14T23:53:45+00:00","og_image":[{"width":1000,"height":1000,"url":"https:\/\/www.mundomagicodisfraces.com\/web\/wp-content\/uploads\/2024\/10\/antifaces-negros-venecianos.jpg","type":"image\/jpeg"}],"twitter_card":"summary_large_image","twitter_site":"@MundoMagicoDisf","twitter_misc":{"Tiempo de lectura":"1 minuto"},"schema":{"@context":"https:\/\/schema.org","@graph":[{"@type":"WebPage","@id":"https:\/\/www.mundomagicodisfraces.com\/web\/producto\/antifaces-negros-venecianos\/","url":"https:\/\/www.mundomagicodisfraces.com\/web\/producto\/antifaces-negros-venecianos\/","name":"Antifaces negros venecianos | Mundo M\u00e1gico Disfraces","isPartOf":{"@id":"https:\/\/www.mundomagicodisfraces.com\/web\/#website"},"primaryImageOfPage":{"@id":"https:\/\/www.mundomagicodisfraces.com\/web\/producto\/antifaces-negros-venecianos\/#primaryimage"},"image":{"@id":"https:\/\/www.mundomagicodisfraces.com\/web\/producto\/antifaces-negros-venecianos\/#primaryimage"},"thumbnailUrl":"https:\/\/www.mundomagicodisfraces.com\/web\/wp-content\/uploads\/2024\/10\/antifaces-negros-venecianos.jpg","datePublished":"2024-10-04T23:04:04+00:00","dateModified":"2026-01-14T23:53:45+00:00","description":"\u00a1A\u00f1ade un toque de misterio y elegancia a tu disfraz con nuestros antifaces negros estilo veneciano! Perfectos para bailes de m\u00e1scaras, fiestas tem\u00e1ticas o cualquier ocasi\u00f3n especial, estos antifaces combinan sofisticaci\u00f3n con un aire enigm\u00e1tico. \u00a1A\u00f1ade un toque de misterio y elegancia a tu disfraz con nuestros antifaces negros estilo veneciano! Perfectos para bailes de m\u00e1scaras, fiestas tem\u00e1ticas o cualquier ocasi\u00f3n especial, estos antifaces combinan sofisticaci\u00f3n con un aire enigm\u00e1tico.","breadcrumb":{"@id":"https:\/\/www.mundomagicodisfraces.com\/web\/producto\/antifaces-negros-venecianos\/#breadcrumb"},"inLanguage":"es","potentialAction":[{"@type":"ReadAction","target":["https:\/\/www.mundomagicodisfraces.com\/web\/producto\/antifaces-negros-venecianos\/"]}]},{"@type":"ImageObject","inLanguage":"es","@id":"https:\/\/www.mundomagicodisfraces.com\/web\/producto\/antifaces-negros-venecianos\/#primaryimage","url":"https:\/\/www.mundomagicodisfraces.com\/web\/wp-content\/uploads\/2024\/10\/antifaces-negros-venecianos.jpg","contentUrl":"https:\/\/www.mundomagicodisfraces.com\/web\/wp-content\/uploads\/2024\/10\/antifaces-negros-venecianos.jpg","width":1000,"height":1000,"caption":"Antifaces negros venecianos"},{"@type":"BreadcrumbList","@id":"https:\/\/www.mundomagicodisfraces.com\/web\/producto\/antifaces-negros-venecianos\/#breadcrumb","itemListElement":[{"@type":"ListItem","position":1,"name":"Portada","item":"https:\/\/www.mundomagicodisfraces.com\/web\/"},{"@type":"ListItem","position":2,"name":"Tienda","item":"https:\/\/www.mundomagicodisfraces.com\/web\/tienda\/"},{"@type":"ListItem","position":3,"name":"Antifaces negros venecianos"}]},{"@type":"WebSite","@id":"https:\/\/www.mundomagicodisfraces.com\/web\/#website","url":"https:\/\/www.mundomagicodisfraces.com\/web\/","name":"Mundo M\u00e1gico Disfraces","description":"Mundo M\u00e1gico Disfraces local de disfraces ubicado en Quito Ecuador, alquiler disfraces, 1800 disfraces a su disposici\u00f3n, m\u00e1s de 2900 accesorios.","publisher":{"@id":"https:\/\/www.mundomagicodisfraces.com\/web\/#organization"},"potentialAction":[{"@type":"SearchAction","target":{"@type":"EntryPoint","urlTemplate":"https:\/\/www.mundomagicodisfraces.com\/web\/?s={search_term_string}"},"query-input":{"@type":"PropertyValueSpecification","valueRequired":true,"valueName":"search_term_string"}}],"inLanguage":"es"},{"@type":"Organization","@id":"https:\/\/www.mundomagicodisfraces.com\/web\/#organization","name":"Mundo M\u00e1gico Disfraces","url":"https:\/\/www.mundomagicodisfraces.com\/web\/","logo":{"@type":"ImageObject","inLanguage":"es","@id":"https:\/\/www.mundomagicodisfraces.com\/web\/#\/schema\/logo\/image\/","url":"https:\/\/www.mundomagicodisfraces.com\/web\/wp-content\/uploads\/2017\/08\/logodefault2.png","contentUrl":"https:\/\/www.mundomagicodisfraces.com\/web\/wp-content\/uploads\/2017\/08\/logodefault2.png","width":700,"height":281,"caption":"Mundo M\u00e1gico Disfraces"},"image":{"@id":"https:\/\/www.mundomagicodisfraces.com\/web\/#\/schema\/logo\/image\/"},"sameAs":["https:\/\/www.facebook.com\/mmdisfraces","https:\/\/x.com\/MundoMagicoDisf","https:\/\/www.instagram.com\/disfracesmundomagico\/"]}]}},"_links":{"self":[{"href":"https:\/\/www.mundomagicodisfraces.com\/web\/wp-json\/wp\/v2\/product\/81057","targetHints":{"allow":["GET"]}}],"collection":[{"href":"https:\/\/www.mundomagicodisfraces.com\/web\/wp-json\/wp\/v2\/product"}],"about":[{"href":"https:\/\/www.mundomagicodisfraces.com\/web\/wp-json\/wp\/v2\/types\/product"}],"replies":[{"embeddable":true,"href":"https:\/\/www.mundomagicodisfraces.com\/web\/wp-json\/wp\/v2\/comments?post=81057"}],"wp:featuredmedia":[{"embeddable":true,"href":"https:\/\/www.mundomagicodisfraces.com\/web\/wp-json\/wp\/v2\/media\/81058"}],"wp:attachment":[{"href":"https:\/\/www.mundomagicodisfraces.com\/web\/wp-json\/wp\/v2\/media?parent=81057"}],"wp:term":[{"taxonomy":"product_brand","embeddable":true,"href":"https:\/\/www.mundomagicodisfraces.com\/web\/wp-json\/wp\/v2\/product_brand?post=81057"},{"taxonomy":"product_cat","embeddable":true,"href":"https:\/\/www.mundomagicodisfraces.com\/web\/wp-json\/wp\/v2\/product_cat?post=81057"},{"taxonomy":"product_tag","embeddable":true,"href":"https:\/\/www.mundomagicodisfraces.com\/web\/wp-json\/wp\/v2\/product_tag?post=81057"}],"curies":[{"name":"wp","href":"https:\/\/api.w.org\/{rel}","templated":true}]}}