{"id":81024,"date":"2024-10-03T19:52:28","date_gmt":"2024-10-04T00:52:28","guid":{"rendered":"https:\/\/www.mundomagicodisfraces.com\/web\/?post_type=product&#038;p=81024"},"modified":"2025-01-16T19:06:04","modified_gmt":"2025-01-17T00:06:04","slug":"piedras-de-fantasia-para-maquillaje-de-catrina","status":"publish","type":"product","link":"https:\/\/www.mundomagicodisfraces.com\/web\/producto\/piedras-de-fantasia-para-maquillaje-de-catrina\/","title":{"rendered":"Piedras de Fantas\u00eda para Maquillaje de Catrina"},"content":{"rendered":"<p>Transforma tu look en una obra de arte con nuestras piedras de fantas\u00eda, dise\u00f1adas especialmente para el maquillaje de catrina. Con colores vibrantes y un brillo encantador, estas piedras a\u00f1adir\u00e1n un toque espectacular a tu celebraci\u00f3n del D\u00eda de Muertos. \u00a1S\u00e9 la catrina m\u00e1s deslumbrante y atrae todas las miradas!<\/p>\n","protected":false},"excerpt":{"rendered":"<p>Transforma tu look en una obra de arte con nuestras piedras de fantas\u00eda, dise\u00f1adas especialmente para el maquillaje de catrina. Con elegantes colores y un brillo encantador, estas piedras a\u00f1adir\u00e1n un toque espectacular a tu celebraci\u00f3n del D\u00eda de Muertos. \u00a1S\u00e9 la catrina m\u00e1s deslumbrante y atrae todas las miradas!<\/p>\n","protected":false},"featured_media":81025,"comment_status":"closed","ping_status":"closed","template":"","meta":{"_acf_changed":false,"_et_pb_use_builder":"","_et_pb_old_content":"","_et_gb_content_width":""},"product_brand":[],"product_cat":[611],"product_tag":[720,719,718,721,1432,630,616,649,809],"class_list":{"0":"post-81024","1":"product","2":"type-product","3":"status-publish","4":"has-post-thumbnail","6":"product_cat-accesorios","7":"product_tag-calaca","8":"product_tag-calavera","9":"product_tag-catrina","10":"product_tag-dia-de-muertos","11":"product_tag-difuntos","12":"product_tag-fantasia","13":"product_tag-halloween","14":"product_tag-maquillaje","15":"product_tag-sexi","17":"first","18":"instock","19":"shipping-taxable","20":"purchasable","21":"product-type-simple"},"barcode":null,"atum_controlled":true,"out_stock_date":null,"out_stock_threshold":null,"inheritable":false,"stock_on_hold":0,"sold_today":0,"sales_last_days":0,"out_stock_days":0,"lost_sales":0,"update_date":"2026-05-08T01:24:06","atum_locations":[],"atum_stock_status":"instock","restock_status":false,"low_stock_amount":"","sales_update_date":"2026-05-08T01:24:06","calc_backorders":null,"acf":[],"yoast_head":"<!-- This site is optimized with the Yoast SEO plugin v27.5 - https:\/\/yoast.com\/product\/yoast-seo-wordpress\/ -->\n<title>Piedras de Fantas\u00eda para Maquillaje de Catrina | Mundo M\u00e1gico Disfraces<\/title>\n<meta name=\"description\" content=\"Transforma tu look en una obra de arte con nuestras piedras de fantas\u00eda, dise\u00f1adas especialmente para el maquillaje de catrina. Con elegantes colores y un brillo encantador, estas piedras a\u00f1adir\u00e1n un toque espectacular a tu celebraci\u00f3n del D\u00eda de Muertos. \u00a1S\u00e9 la catrina m\u00e1s deslumbrante y atrae todas las miradas! Transforma tu look en una obra de arte con nuestras piedras de fantas\u00eda, dise\u00f1adas especialmente para el maquillaje de catrina.\" \/>\n<meta name=\"robots\" content=\"index, follow, max-snippet:-1, max-image-preview:large, max-video-preview:-1\" \/>\n<link rel=\"canonical\" href=\"https:\/\/www.mundomagicodisfraces.com\/web\/producto\/piedras-de-fantasia-para-maquillaje-de-catrina\/\" \/>\n<meta property=\"og:locale\" content=\"es_ES\" \/>\n<meta property=\"og:type\" content=\"article\" \/>\n<meta property=\"og:title\" content=\"Piedras de Fantas\u00eda para Maquillaje de Catrina | Mundo M\u00e1gico Disfraces\" \/>\n<meta property=\"og:description\" content=\"Transforma tu look en una obra de arte con nuestras piedras de fantas\u00eda, dise\u00f1adas especialmente para el maquillaje de catrina. Con elegantes colores y un brillo encantador, estas piedras a\u00f1adir\u00e1n un toque espectacular a tu celebraci\u00f3n del D\u00eda de Muertos. \u00a1S\u00e9 la catrina m\u00e1s deslumbrante y atrae todas las miradas! Transforma tu look en una obra de arte con nuestras piedras de fantas\u00eda, dise\u00f1adas especialmente para el maquillaje de catrina.\" \/>\n<meta property=\"og:url\" content=\"https:\/\/www.mundomagicodisfraces.com\/web\/producto\/piedras-de-fantasia-para-maquillaje-de-catrina\/\" \/>\n<meta property=\"og:site_name\" content=\"Mundo M\u00e1gico Disfraces\" \/>\n<meta property=\"article:publisher\" content=\"https:\/\/www.facebook.com\/mmdisfraces\" \/>\n<meta property=\"article:modified_time\" content=\"2025-01-17T00:06:04+00:00\" \/>\n<meta property=\"og:image\" content=\"https:\/\/www.mundomagicodisfraces.com\/web\/wp-content\/uploads\/2024\/10\/adornos-catrina.jpg\" \/>\n\t<meta property=\"og:image:width\" content=\"758\" \/>\n\t<meta property=\"og:image:height\" content=\"758\" \/>\n\t<meta property=\"og:image:type\" content=\"image\/jpeg\" \/>\n<meta name=\"twitter:card\" content=\"summary_large_image\" \/>\n<meta name=\"twitter:site\" content=\"@MundoMagicoDisf\" \/>\n<meta name=\"twitter:label1\" content=\"Tiempo de lectura\" \/>\n\t<meta name=\"twitter:data1\" content=\"1 minuto\" \/>\n<script type=\"application\/ld+json\" class=\"yoast-schema-graph\">{\"@context\":\"https:\\\/\\\/schema.org\",\"@graph\":[{\"@type\":\"WebPage\",\"@id\":\"https:\\\/\\\/www.mundomagicodisfraces.com\\\/web\\\/producto\\\/piedras-de-fantasia-para-maquillaje-de-catrina\\\/\",\"url\":\"https:\\\/\\\/www.mundomagicodisfraces.com\\\/web\\\/producto\\\/piedras-de-fantasia-para-maquillaje-de-catrina\\\/\",\"name\":\"Piedras de Fantas\u00eda para Maquillaje de Catrina | Mundo M\u00e1gico Disfraces\",\"isPartOf\":{\"@id\":\"https:\\\/\\\/www.mundomagicodisfraces.com\\\/web\\\/#website\"},\"primaryImageOfPage\":{\"@id\":\"https:\\\/\\\/www.mundomagicodisfraces.com\\\/web\\\/producto\\\/piedras-de-fantasia-para-maquillaje-de-catrina\\\/#primaryimage\"},\"image\":{\"@id\":\"https:\\\/\\\/www.mundomagicodisfraces.com\\\/web\\\/producto\\\/piedras-de-fantasia-para-maquillaje-de-catrina\\\/#primaryimage\"},\"thumbnailUrl\":\"https:\\\/\\\/www.mundomagicodisfraces.com\\\/web\\\/wp-content\\\/uploads\\\/2024\\\/10\\\/adornos-catrina.jpg\",\"datePublished\":\"2024-10-04T00:52:28+00:00\",\"dateModified\":\"2025-01-17T00:06:04+00:00\",\"description\":\"Transforma tu look en una obra de arte con nuestras piedras de fantas\u00eda, dise\u00f1adas especialmente para el maquillaje de catrina. Con elegantes colores y un brillo encantador, estas piedras a\u00f1adir\u00e1n un toque espectacular a tu celebraci\u00f3n del D\u00eda de Muertos. \u00a1S\u00e9 la catrina m\u00e1s deslumbrante y atrae todas las miradas! Transforma tu look en una obra de arte con nuestras piedras de fantas\u00eda, dise\u00f1adas especialmente para el maquillaje de catrina.\",\"breadcrumb\":{\"@id\":\"https:\\\/\\\/www.mundomagicodisfraces.com\\\/web\\\/producto\\\/piedras-de-fantasia-para-maquillaje-de-catrina\\\/#breadcrumb\"},\"inLanguage\":\"es\",\"potentialAction\":[{\"@type\":\"ReadAction\",\"target\":[\"https:\\\/\\\/www.mundomagicodisfraces.com\\\/web\\\/producto\\\/piedras-de-fantasia-para-maquillaje-de-catrina\\\/\"]}]},{\"@type\":\"ImageObject\",\"inLanguage\":\"es\",\"@id\":\"https:\\\/\\\/www.mundomagicodisfraces.com\\\/web\\\/producto\\\/piedras-de-fantasia-para-maquillaje-de-catrina\\\/#primaryimage\",\"url\":\"https:\\\/\\\/www.mundomagicodisfraces.com\\\/web\\\/wp-content\\\/uploads\\\/2024\\\/10\\\/adornos-catrina.jpg\",\"contentUrl\":\"https:\\\/\\\/www.mundomagicodisfraces.com\\\/web\\\/wp-content\\\/uploads\\\/2024\\\/10\\\/adornos-catrina.jpg\",\"width\":758,\"height\":758,\"caption\":\"Piedras de Fantas\u00eda para Maquillaje de Catrina\"},{\"@type\":\"BreadcrumbList\",\"@id\":\"https:\\\/\\\/www.mundomagicodisfraces.com\\\/web\\\/producto\\\/piedras-de-fantasia-para-maquillaje-de-catrina\\\/#breadcrumb\",\"itemListElement\":[{\"@type\":\"ListItem\",\"position\":1,\"name\":\"Portada\",\"item\":\"https:\\\/\\\/www.mundomagicodisfraces.com\\\/web\\\/\"},{\"@type\":\"ListItem\",\"position\":2,\"name\":\"Tienda\",\"item\":\"https:\\\/\\\/www.mundomagicodisfraces.com\\\/web\\\/tienda\\\/\"},{\"@type\":\"ListItem\",\"position\":3,\"name\":\"Piedras de Fantas\u00eda para Maquillaje de Catrina\"}]},{\"@type\":\"WebSite\",\"@id\":\"https:\\\/\\\/www.mundomagicodisfraces.com\\\/web\\\/#website\",\"url\":\"https:\\\/\\\/www.mundomagicodisfraces.com\\\/web\\\/\",\"name\":\"Mundo M\u00e1gico Disfraces\",\"description\":\"Mundo M\u00e1gico Disfraces local de disfraces ubicado en Quito Ecuador, alquiler disfraces, 1800 disfraces a su disposici\u00f3n, m\u00e1s de 2900 accesorios.\",\"publisher\":{\"@id\":\"https:\\\/\\\/www.mundomagicodisfraces.com\\\/web\\\/#organization\"},\"potentialAction\":[{\"@type\":\"SearchAction\",\"target\":{\"@type\":\"EntryPoint\",\"urlTemplate\":\"https:\\\/\\\/www.mundomagicodisfraces.com\\\/web\\\/?s={search_term_string}\"},\"query-input\":{\"@type\":\"PropertyValueSpecification\",\"valueRequired\":true,\"valueName\":\"search_term_string\"}}],\"inLanguage\":\"es\"},{\"@type\":\"Organization\",\"@id\":\"https:\\\/\\\/www.mundomagicodisfraces.com\\\/web\\\/#organization\",\"name\":\"Mundo M\u00e1gico Disfraces\",\"url\":\"https:\\\/\\\/www.mundomagicodisfraces.com\\\/web\\\/\",\"logo\":{\"@type\":\"ImageObject\",\"inLanguage\":\"es\",\"@id\":\"https:\\\/\\\/www.mundomagicodisfraces.com\\\/web\\\/#\\\/schema\\\/logo\\\/image\\\/\",\"url\":\"https:\\\/\\\/www.mundomagicodisfraces.com\\\/web\\\/wp-content\\\/uploads\\\/2017\\\/08\\\/logodefault2.png\",\"contentUrl\":\"https:\\\/\\\/www.mundomagicodisfraces.com\\\/web\\\/wp-content\\\/uploads\\\/2017\\\/08\\\/logodefault2.png\",\"width\":700,\"height\":281,\"caption\":\"Mundo M\u00e1gico Disfraces\"},\"image\":{\"@id\":\"https:\\\/\\\/www.mundomagicodisfraces.com\\\/web\\\/#\\\/schema\\\/logo\\\/image\\\/\"},\"sameAs\":[\"https:\\\/\\\/www.facebook.com\\\/mmdisfraces\",\"https:\\\/\\\/x.com\\\/MundoMagicoDisf\",\"https:\\\/\\\/www.instagram.com\\\/disfracesmundomagico\\\/\"]}]}<\/script>\n<!-- \/ Yoast SEO plugin. -->","yoast_head_json":{"title":"Piedras de Fantas\u00eda para Maquillaje de Catrina | Mundo M\u00e1gico Disfraces","description":"Transforma tu look en una obra de arte con nuestras piedras de fantas\u00eda, dise\u00f1adas especialmente para el maquillaje de catrina. Con elegantes colores y un brillo encantador, estas piedras a\u00f1adir\u00e1n un toque espectacular a tu celebraci\u00f3n del D\u00eda de Muertos. \u00a1S\u00e9 la catrina m\u00e1s deslumbrante y atrae todas las miradas! Transforma tu look en una obra de arte con nuestras piedras de fantas\u00eda, dise\u00f1adas especialmente para el maquillaje de catrina.","robots":{"index":"index","follow":"follow","max-snippet":"max-snippet:-1","max-image-preview":"max-image-preview:large","max-video-preview":"max-video-preview:-1"},"canonical":"https:\/\/www.mundomagicodisfraces.com\/web\/producto\/piedras-de-fantasia-para-maquillaje-de-catrina\/","og_locale":"es_ES","og_type":"article","og_title":"Piedras de Fantas\u00eda para Maquillaje de Catrina | Mundo M\u00e1gico Disfraces","og_description":"Transforma tu look en una obra de arte con nuestras piedras de fantas\u00eda, dise\u00f1adas especialmente para el maquillaje de catrina. Con elegantes colores y un brillo encantador, estas piedras a\u00f1adir\u00e1n un toque espectacular a tu celebraci\u00f3n del D\u00eda de Muertos. \u00a1S\u00e9 la catrina m\u00e1s deslumbrante y atrae todas las miradas! Transforma tu look en una obra de arte con nuestras piedras de fantas\u00eda, dise\u00f1adas especialmente para el maquillaje de catrina.","og_url":"https:\/\/www.mundomagicodisfraces.com\/web\/producto\/piedras-de-fantasia-para-maquillaje-de-catrina\/","og_site_name":"Mundo M\u00e1gico Disfraces","article_publisher":"https:\/\/www.facebook.com\/mmdisfraces","article_modified_time":"2025-01-17T00:06:04+00:00","og_image":[{"width":758,"height":758,"url":"https:\/\/www.mundomagicodisfraces.com\/web\/wp-content\/uploads\/2024\/10\/adornos-catrina.jpg","type":"image\/jpeg"}],"twitter_card":"summary_large_image","twitter_site":"@MundoMagicoDisf","twitter_misc":{"Tiempo de lectura":"1 minuto"},"schema":{"@context":"https:\/\/schema.org","@graph":[{"@type":"WebPage","@id":"https:\/\/www.mundomagicodisfraces.com\/web\/producto\/piedras-de-fantasia-para-maquillaje-de-catrina\/","url":"https:\/\/www.mundomagicodisfraces.com\/web\/producto\/piedras-de-fantasia-para-maquillaje-de-catrina\/","name":"Piedras de Fantas\u00eda para Maquillaje de Catrina | Mundo M\u00e1gico Disfraces","isPartOf":{"@id":"https:\/\/www.mundomagicodisfraces.com\/web\/#website"},"primaryImageOfPage":{"@id":"https:\/\/www.mundomagicodisfraces.com\/web\/producto\/piedras-de-fantasia-para-maquillaje-de-catrina\/#primaryimage"},"image":{"@id":"https:\/\/www.mundomagicodisfraces.com\/web\/producto\/piedras-de-fantasia-para-maquillaje-de-catrina\/#primaryimage"},"thumbnailUrl":"https:\/\/www.mundomagicodisfraces.com\/web\/wp-content\/uploads\/2024\/10\/adornos-catrina.jpg","datePublished":"2024-10-04T00:52:28+00:00","dateModified":"2025-01-17T00:06:04+00:00","description":"Transforma tu look en una obra de arte con nuestras piedras de fantas\u00eda, dise\u00f1adas especialmente para el maquillaje de catrina. Con elegantes colores y un brillo encantador, estas piedras a\u00f1adir\u00e1n un toque espectacular a tu celebraci\u00f3n del D\u00eda de Muertos. \u00a1S\u00e9 la catrina m\u00e1s deslumbrante y atrae todas las miradas! Transforma tu look en una obra de arte con nuestras piedras de fantas\u00eda, dise\u00f1adas especialmente para el maquillaje de catrina.","breadcrumb":{"@id":"https:\/\/www.mundomagicodisfraces.com\/web\/producto\/piedras-de-fantasia-para-maquillaje-de-catrina\/#breadcrumb"},"inLanguage":"es","potentialAction":[{"@type":"ReadAction","target":["https:\/\/www.mundomagicodisfraces.com\/web\/producto\/piedras-de-fantasia-para-maquillaje-de-catrina\/"]}]},{"@type":"ImageObject","inLanguage":"es","@id":"https:\/\/www.mundomagicodisfraces.com\/web\/producto\/piedras-de-fantasia-para-maquillaje-de-catrina\/#primaryimage","url":"https:\/\/www.mundomagicodisfraces.com\/web\/wp-content\/uploads\/2024\/10\/adornos-catrina.jpg","contentUrl":"https:\/\/www.mundomagicodisfraces.com\/web\/wp-content\/uploads\/2024\/10\/adornos-catrina.jpg","width":758,"height":758,"caption":"Piedras de Fantas\u00eda para Maquillaje de Catrina"},{"@type":"BreadcrumbList","@id":"https:\/\/www.mundomagicodisfraces.com\/web\/producto\/piedras-de-fantasia-para-maquillaje-de-catrina\/#breadcrumb","itemListElement":[{"@type":"ListItem","position":1,"name":"Portada","item":"https:\/\/www.mundomagicodisfraces.com\/web\/"},{"@type":"ListItem","position":2,"name":"Tienda","item":"https:\/\/www.mundomagicodisfraces.com\/web\/tienda\/"},{"@type":"ListItem","position":3,"name":"Piedras de Fantas\u00eda para Maquillaje de Catrina"}]},{"@type":"WebSite","@id":"https:\/\/www.mundomagicodisfraces.com\/web\/#website","url":"https:\/\/www.mundomagicodisfraces.com\/web\/","name":"Mundo M\u00e1gico Disfraces","description":"Mundo M\u00e1gico Disfraces local de disfraces ubicado en Quito Ecuador, alquiler disfraces, 1800 disfraces a su disposici\u00f3n, m\u00e1s de 2900 accesorios.","publisher":{"@id":"https:\/\/www.mundomagicodisfraces.com\/web\/#organization"},"potentialAction":[{"@type":"SearchAction","target":{"@type":"EntryPoint","urlTemplate":"https:\/\/www.mundomagicodisfraces.com\/web\/?s={search_term_string}"},"query-input":{"@type":"PropertyValueSpecification","valueRequired":true,"valueName":"search_term_string"}}],"inLanguage":"es"},{"@type":"Organization","@id":"https:\/\/www.mundomagicodisfraces.com\/web\/#organization","name":"Mundo M\u00e1gico Disfraces","url":"https:\/\/www.mundomagicodisfraces.com\/web\/","logo":{"@type":"ImageObject","inLanguage":"es","@id":"https:\/\/www.mundomagicodisfraces.com\/web\/#\/schema\/logo\/image\/","url":"https:\/\/www.mundomagicodisfraces.com\/web\/wp-content\/uploads\/2017\/08\/logodefault2.png","contentUrl":"https:\/\/www.mundomagicodisfraces.com\/web\/wp-content\/uploads\/2017\/08\/logodefault2.png","width":700,"height":281,"caption":"Mundo M\u00e1gico Disfraces"},"image":{"@id":"https:\/\/www.mundomagicodisfraces.com\/web\/#\/schema\/logo\/image\/"},"sameAs":["https:\/\/www.facebook.com\/mmdisfraces","https:\/\/x.com\/MundoMagicoDisf","https:\/\/www.instagram.com\/disfracesmundomagico\/"]}]}},"_links":{"self":[{"href":"https:\/\/www.mundomagicodisfraces.com\/web\/wp-json\/wp\/v2\/product\/81024","targetHints":{"allow":["GET"]}}],"collection":[{"href":"https:\/\/www.mundomagicodisfraces.com\/web\/wp-json\/wp\/v2\/product"}],"about":[{"href":"https:\/\/www.mundomagicodisfraces.com\/web\/wp-json\/wp\/v2\/types\/product"}],"replies":[{"embeddable":true,"href":"https:\/\/www.mundomagicodisfraces.com\/web\/wp-json\/wp\/v2\/comments?post=81024"}],"wp:featuredmedia":[{"embeddable":true,"href":"https:\/\/www.mundomagicodisfraces.com\/web\/wp-json\/wp\/v2\/media\/81025"}],"wp:attachment":[{"href":"https:\/\/www.mundomagicodisfraces.com\/web\/wp-json\/wp\/v2\/media?parent=81024"}],"wp:term":[{"taxonomy":"product_brand","embeddable":true,"href":"https:\/\/www.mundomagicodisfraces.com\/web\/wp-json\/wp\/v2\/product_brand?post=81024"},{"taxonomy":"product_cat","embeddable":true,"href":"https:\/\/www.mundomagicodisfraces.com\/web\/wp-json\/wp\/v2\/product_cat?post=81024"},{"taxonomy":"product_tag","embeddable":true,"href":"https:\/\/www.mundomagicodisfraces.com\/web\/wp-json\/wp\/v2\/product_tag?post=81024"}],"curies":[{"name":"wp","href":"https:\/\/api.w.org\/{rel}","templated":true}]}}