{"id":50714,"date":"2023-10-25T08:24:46","date_gmt":"2023-10-25T13:24:46","guid":{"rendered":"https:\/\/www.mundomagicodisfraces.com\/web\/?post_type=product&#038;p=50714"},"modified":"2024-10-09T21:10:13","modified_gmt":"2024-10-10T02:10:13","slug":"dientes-de-bruja","status":"publish","type":"product","link":"https:\/\/www.mundomagicodisfraces.com\/web\/producto\/dientes-de-bruja\/","title":{"rendered":"Dientes de bruja"},"content":{"rendered":"<p>Entra en el esp\u00edritu de la temporada y completa tu disfraz de bruja con un toque verdaderamente aterrador. Nuestros dientes de caucho son el accesorio perfecto para darle vida a tu personaje y dejar una impresi\u00f3n inolvidable en todas las fiestas de Halloween.<\/p>\n","protected":false},"excerpt":{"rendered":"<p>Entra en el esp\u00edritu de la temporada y completa tu disfraz de bruja con un toque verdaderamente aterrador. Nuestros dientes de caucho son el accesorio perfecto para darle vida a tu personaje y dejar una impresi\u00f3n inolvidable en todas las fiestas de Halloween.<\/p>\n<p>\u00bfPor qu\u00e9 elegir nuestros dientes de caucho?<\/p>\n<p>Realismo escalofriante: Nuestros dientes de caucho han sido dise\u00f1ados para parecerse a los dientes de una aut\u00e9ntica bruja, con detalles asombrosos que te har\u00e1n destacar entre la multitud.<\/p>\n<p>Reutilizables: \u00a1No es un solo uso! Puedes guardarlos y volver a usarlos en futuras celebraciones de Halloween u otras ocasiones tem\u00e1ticas.<\/p>\n<p>Versatilidad: No se limitan solo a disfraces de bruja; estos dientes de caucho pueden a\u00f1adir un toque espeluznante a cualquier disfraz de monstruo, vampiro, zombie o cualquier otro personaje terror\u00edfico que puedas imaginar.<\/p>\n","protected":false},"featured_media":50735,"comment_status":"closed","ping_status":"closed","template":"","meta":{"_acf_changed":false,"_et_pb_use_builder":"","_et_pb_old_content":"","_et_gb_content_width":""},"product_brand":[],"product_cat":[611],"product_tag":[861,616,1317,1318,724,1316,865],"class_list":{"0":"post-50714","1":"product","2":"type-product","3":"status-publish","4":"has-post-thumbnail","6":"product_cat-accesorios","7":"product_tag-bruja","8":"product_tag-halloween","9":"product_tag-jack","10":"product_tag-misterio","11":"product_tag-muerte","12":"product_tag-pesadilla-antes-de-navidad","13":"product_tag-terror","15":"first","16":"instock","17":"sale","18":"shipping-taxable","19":"purchasable","20":"product-type-simple"},"barcode":null,"atum_controlled":true,"out_stock_date":null,"out_stock_threshold":null,"inheritable":false,"stock_on_hold":0,"sold_today":0,"sales_last_days":0,"out_stock_days":0,"lost_sales":0,"update_date":"2026-05-08T01:24:06","atum_locations":[],"atum_stock_status":"instock","restock_status":false,"low_stock_amount":"","sales_update_date":"2026-05-08T01:24:06","calc_backorders":null,"acf":[],"yoast_head":"<!-- This site is optimized with the Yoast SEO plugin v27.5 - https:\/\/yoast.com\/product\/yoast-seo-wordpress\/ -->\n<title>Dientes de bruja | Mundo M\u00e1gico Disfraces<\/title>\n<meta name=\"description\" content=\"Entra en el esp\u00edritu de la temporada y completa tu disfraz de bruja con un toque verdaderamente aterrador. Nuestros dientes de caucho son el accesorio perfecto para darle vida a tu personaje y dejar una impresi\u00f3n inolvidable en todas las fiestas de Halloween.  \u00bfPor qu\u00e9 elegir nuestros dientes de caucho?  Realismo escalofriante: Nuestros dientes de caucho han sido dise\u00f1ados para parecerse a los dientes de una aut\u00e9ntica bruja, con detalles asombrosos que te har\u00e1n destacar entre la multitud.  Reutilizables: \u00a1No es un solo uso! Puedes guardarlos y volver a usarlos en futuras celebraciones de Halloween u otras ocasiones tem\u00e1ticas.  Versatilidad: No se limitan solo a disfraces de bruja; estos dientes de caucho pueden a\u00f1adir un toque espeluznante a cualquier disfraz de monstruo, vampiro, zombie o cualquier otro personaje terror\u00edfico que puedas imaginar.\" \/>\n<meta name=\"robots\" content=\"index, follow, max-snippet:-1, max-image-preview:large, max-video-preview:-1\" \/>\n<link rel=\"canonical\" href=\"https:\/\/www.mundomagicodisfraces.com\/web\/producto\/dientes-de-bruja\/\" \/>\n<meta property=\"og:locale\" content=\"es_ES\" \/>\n<meta property=\"og:type\" content=\"article\" \/>\n<meta property=\"og:title\" content=\"Dientes de bruja | Mundo M\u00e1gico Disfraces\" \/>\n<meta property=\"og:description\" content=\"Entra en el esp\u00edritu de la temporada y completa tu disfraz de bruja con un toque verdaderamente aterrador. Nuestros dientes de caucho son el accesorio perfecto para darle vida a tu personaje y dejar una impresi\u00f3n inolvidable en todas las fiestas de Halloween.  \u00bfPor qu\u00e9 elegir nuestros dientes de caucho?  Realismo escalofriante: Nuestros dientes de caucho han sido dise\u00f1ados para parecerse a los dientes de una aut\u00e9ntica bruja, con detalles asombrosos que te har\u00e1n destacar entre la multitud.  Reutilizables: \u00a1No es un solo uso! Puedes guardarlos y volver a usarlos en futuras celebraciones de Halloween u otras ocasiones tem\u00e1ticas.  Versatilidad: No se limitan solo a disfraces de bruja; estos dientes de caucho pueden a\u00f1adir un toque espeluznante a cualquier disfraz de monstruo, vampiro, zombie o cualquier otro personaje terror\u00edfico que puedas imaginar.\" \/>\n<meta property=\"og:url\" content=\"https:\/\/www.mundomagicodisfraces.com\/web\/producto\/dientes-de-bruja\/\" \/>\n<meta property=\"og:site_name\" content=\"Mundo M\u00e1gico Disfraces\" \/>\n<meta property=\"article:publisher\" content=\"https:\/\/www.facebook.com\/mmdisfraces\" \/>\n<meta property=\"article:modified_time\" content=\"2024-10-10T02:10:13+00:00\" \/>\n<meta property=\"og:image\" content=\"https:\/\/www.mundomagicodisfraces.com\/web\/wp-content\/uploads\/2023\/10\/dientes-bruja-1024x1024.png\" \/>\n\t<meta property=\"og:image:width\" content=\"1024\" \/>\n\t<meta property=\"og:image:height\" content=\"1024\" \/>\n\t<meta property=\"og:image:type\" content=\"image\/png\" \/>\n<meta name=\"twitter:card\" content=\"summary_large_image\" \/>\n<meta name=\"twitter:site\" content=\"@MundoMagicoDisf\" \/>\n<meta name=\"twitter:label1\" content=\"Tiempo de lectura\" \/>\n\t<meta name=\"twitter:data1\" content=\"1 minuto\" \/>\n<script type=\"application\/ld+json\" class=\"yoast-schema-graph\">{\"@context\":\"https:\\\/\\\/schema.org\",\"@graph\":[{\"@type\":\"WebPage\",\"@id\":\"https:\\\/\\\/www.mundomagicodisfraces.com\\\/web\\\/producto\\\/dientes-de-bruja\\\/\",\"url\":\"https:\\\/\\\/www.mundomagicodisfraces.com\\\/web\\\/producto\\\/dientes-de-bruja\\\/\",\"name\":\"Dientes de bruja | Mundo M\u00e1gico Disfraces\",\"isPartOf\":{\"@id\":\"https:\\\/\\\/www.mundomagicodisfraces.com\\\/web\\\/#website\"},\"primaryImageOfPage\":{\"@id\":\"https:\\\/\\\/www.mundomagicodisfraces.com\\\/web\\\/producto\\\/dientes-de-bruja\\\/#primaryimage\"},\"image\":{\"@id\":\"https:\\\/\\\/www.mundomagicodisfraces.com\\\/web\\\/producto\\\/dientes-de-bruja\\\/#primaryimage\"},\"thumbnailUrl\":\"https:\\\/\\\/www.mundomagicodisfraces.com\\\/web\\\/wp-content\\\/uploads\\\/2023\\\/10\\\/dientes-bruja.png\",\"datePublished\":\"2023-10-25T13:24:46+00:00\",\"dateModified\":\"2024-10-10T02:10:13+00:00\",\"description\":\"Entra en el esp\u00edritu de la temporada y completa tu disfraz de bruja con un toque verdaderamente aterrador. Nuestros dientes de caucho son el accesorio perfecto para darle vida a tu personaje y dejar una impresi\u00f3n inolvidable en todas las fiestas de Halloween. \u00bfPor qu\u00e9 elegir nuestros dientes de caucho? Realismo escalofriante: Nuestros dientes de caucho han sido dise\u00f1ados para parecerse a los dientes de una aut\u00e9ntica bruja, con detalles asombrosos que te har\u00e1n destacar entre la multitud. Reutilizables: \u00a1No es un solo uso! Puedes guardarlos y volver a usarlos en futuras celebraciones de Halloween u otras ocasiones tem\u00e1ticas. Versatilidad: No se limitan solo a disfraces de bruja; estos dientes de caucho pueden a\u00f1adir un toque espeluznante a cualquier disfraz de monstruo, vampiro, zombie o cualquier otro personaje terror\u00edfico que puedas imaginar.\",\"breadcrumb\":{\"@id\":\"https:\\\/\\\/www.mundomagicodisfraces.com\\\/web\\\/producto\\\/dientes-de-bruja\\\/#breadcrumb\"},\"inLanguage\":\"es\",\"potentialAction\":[{\"@type\":\"ReadAction\",\"target\":[\"https:\\\/\\\/www.mundomagicodisfraces.com\\\/web\\\/producto\\\/dientes-de-bruja\\\/\"]}]},{\"@type\":\"ImageObject\",\"inLanguage\":\"es\",\"@id\":\"https:\\\/\\\/www.mundomagicodisfraces.com\\\/web\\\/producto\\\/dientes-de-bruja\\\/#primaryimage\",\"url\":\"https:\\\/\\\/www.mundomagicodisfraces.com\\\/web\\\/wp-content\\\/uploads\\\/2023\\\/10\\\/dientes-bruja.png\",\"contentUrl\":\"https:\\\/\\\/www.mundomagicodisfraces.com\\\/web\\\/wp-content\\\/uploads\\\/2023\\\/10\\\/dientes-bruja.png\",\"width\":1200,\"height\":1200},{\"@type\":\"BreadcrumbList\",\"@id\":\"https:\\\/\\\/www.mundomagicodisfraces.com\\\/web\\\/producto\\\/dientes-de-bruja\\\/#breadcrumb\",\"itemListElement\":[{\"@type\":\"ListItem\",\"position\":1,\"name\":\"Portada\",\"item\":\"https:\\\/\\\/www.mundomagicodisfraces.com\\\/web\\\/\"},{\"@type\":\"ListItem\",\"position\":2,\"name\":\"Tienda\",\"item\":\"https:\\\/\\\/www.mundomagicodisfraces.com\\\/web\\\/tienda\\\/\"},{\"@type\":\"ListItem\",\"position\":3,\"name\":\"Dientes de bruja\"}]},{\"@type\":\"WebSite\",\"@id\":\"https:\\\/\\\/www.mundomagicodisfraces.com\\\/web\\\/#website\",\"url\":\"https:\\\/\\\/www.mundomagicodisfraces.com\\\/web\\\/\",\"name\":\"Mundo M\u00e1gico Disfraces\",\"description\":\"Mundo M\u00e1gico Disfraces local de disfraces ubicado en Quito Ecuador, alquiler disfraces, 1800 disfraces a su disposici\u00f3n, m\u00e1s de 2900 accesorios.\",\"publisher\":{\"@id\":\"https:\\\/\\\/www.mundomagicodisfraces.com\\\/web\\\/#organization\"},\"potentialAction\":[{\"@type\":\"SearchAction\",\"target\":{\"@type\":\"EntryPoint\",\"urlTemplate\":\"https:\\\/\\\/www.mundomagicodisfraces.com\\\/web\\\/?s={search_term_string}\"},\"query-input\":{\"@type\":\"PropertyValueSpecification\",\"valueRequired\":true,\"valueName\":\"search_term_string\"}}],\"inLanguage\":\"es\"},{\"@type\":\"Organization\",\"@id\":\"https:\\\/\\\/www.mundomagicodisfraces.com\\\/web\\\/#organization\",\"name\":\"Mundo M\u00e1gico Disfraces\",\"url\":\"https:\\\/\\\/www.mundomagicodisfraces.com\\\/web\\\/\",\"logo\":{\"@type\":\"ImageObject\",\"inLanguage\":\"es\",\"@id\":\"https:\\\/\\\/www.mundomagicodisfraces.com\\\/web\\\/#\\\/schema\\\/logo\\\/image\\\/\",\"url\":\"https:\\\/\\\/www.mundomagicodisfraces.com\\\/web\\\/wp-content\\\/uploads\\\/2017\\\/08\\\/logodefault2.png\",\"contentUrl\":\"https:\\\/\\\/www.mundomagicodisfraces.com\\\/web\\\/wp-content\\\/uploads\\\/2017\\\/08\\\/logodefault2.png\",\"width\":700,\"height\":281,\"caption\":\"Mundo M\u00e1gico Disfraces\"},\"image\":{\"@id\":\"https:\\\/\\\/www.mundomagicodisfraces.com\\\/web\\\/#\\\/schema\\\/logo\\\/image\\\/\"},\"sameAs\":[\"https:\\\/\\\/www.facebook.com\\\/mmdisfraces\",\"https:\\\/\\\/x.com\\\/MundoMagicoDisf\",\"https:\\\/\\\/www.instagram.com\\\/disfracesmundomagico\\\/\"]}]}<\/script>\n<!-- \/ Yoast SEO plugin. -->","yoast_head_json":{"title":"Dientes de bruja | Mundo M\u00e1gico Disfraces","description":"Entra en el esp\u00edritu de la temporada y completa tu disfraz de bruja con un toque verdaderamente aterrador. Nuestros dientes de caucho son el accesorio perfecto para darle vida a tu personaje y dejar una impresi\u00f3n inolvidable en todas las fiestas de Halloween.  \u00bfPor qu\u00e9 elegir nuestros dientes de caucho?  Realismo escalofriante: Nuestros dientes de caucho han sido dise\u00f1ados para parecerse a los dientes de una aut\u00e9ntica bruja, con detalles asombrosos que te har\u00e1n destacar entre la multitud.  Reutilizables: \u00a1No es un solo uso! Puedes guardarlos y volver a usarlos en futuras celebraciones de Halloween u otras ocasiones tem\u00e1ticas.  Versatilidad: No se limitan solo a disfraces de bruja; estos dientes de caucho pueden a\u00f1adir un toque espeluznante a cualquier disfraz de monstruo, vampiro, zombie o cualquier otro personaje terror\u00edfico que puedas imaginar.","robots":{"index":"index","follow":"follow","max-snippet":"max-snippet:-1","max-image-preview":"max-image-preview:large","max-video-preview":"max-video-preview:-1"},"canonical":"https:\/\/www.mundomagicodisfraces.com\/web\/producto\/dientes-de-bruja\/","og_locale":"es_ES","og_type":"article","og_title":"Dientes de bruja | Mundo M\u00e1gico Disfraces","og_description":"Entra en el esp\u00edritu de la temporada y completa tu disfraz de bruja con un toque verdaderamente aterrador. Nuestros dientes de caucho son el accesorio perfecto para darle vida a tu personaje y dejar una impresi\u00f3n inolvidable en todas las fiestas de Halloween.  \u00bfPor qu\u00e9 elegir nuestros dientes de caucho?  Realismo escalofriante: Nuestros dientes de caucho han sido dise\u00f1ados para parecerse a los dientes de una aut\u00e9ntica bruja, con detalles asombrosos que te har\u00e1n destacar entre la multitud.  Reutilizables: \u00a1No es un solo uso! Puedes guardarlos y volver a usarlos en futuras celebraciones de Halloween u otras ocasiones tem\u00e1ticas.  Versatilidad: No se limitan solo a disfraces de bruja; estos dientes de caucho pueden a\u00f1adir un toque espeluznante a cualquier disfraz de monstruo, vampiro, zombie o cualquier otro personaje terror\u00edfico que puedas imaginar.","og_url":"https:\/\/www.mundomagicodisfraces.com\/web\/producto\/dientes-de-bruja\/","og_site_name":"Mundo M\u00e1gico Disfraces","article_publisher":"https:\/\/www.facebook.com\/mmdisfraces","article_modified_time":"2024-10-10T02:10:13+00:00","og_image":[{"width":1024,"height":1024,"url":"https:\/\/www.mundomagicodisfraces.com\/web\/wp-content\/uploads\/2023\/10\/dientes-bruja-1024x1024.png","type":"image\/png"}],"twitter_card":"summary_large_image","twitter_site":"@MundoMagicoDisf","twitter_misc":{"Tiempo de lectura":"1 minuto"},"schema":{"@context":"https:\/\/schema.org","@graph":[{"@type":"WebPage","@id":"https:\/\/www.mundomagicodisfraces.com\/web\/producto\/dientes-de-bruja\/","url":"https:\/\/www.mundomagicodisfraces.com\/web\/producto\/dientes-de-bruja\/","name":"Dientes de bruja | Mundo M\u00e1gico Disfraces","isPartOf":{"@id":"https:\/\/www.mundomagicodisfraces.com\/web\/#website"},"primaryImageOfPage":{"@id":"https:\/\/www.mundomagicodisfraces.com\/web\/producto\/dientes-de-bruja\/#primaryimage"},"image":{"@id":"https:\/\/www.mundomagicodisfraces.com\/web\/producto\/dientes-de-bruja\/#primaryimage"},"thumbnailUrl":"https:\/\/www.mundomagicodisfraces.com\/web\/wp-content\/uploads\/2023\/10\/dientes-bruja.png","datePublished":"2023-10-25T13:24:46+00:00","dateModified":"2024-10-10T02:10:13+00:00","description":"Entra en el esp\u00edritu de la temporada y completa tu disfraz de bruja con un toque verdaderamente aterrador. Nuestros dientes de caucho son el accesorio perfecto para darle vida a tu personaje y dejar una impresi\u00f3n inolvidable en todas las fiestas de Halloween. \u00bfPor qu\u00e9 elegir nuestros dientes de caucho? Realismo escalofriante: Nuestros dientes de caucho han sido dise\u00f1ados para parecerse a los dientes de una aut\u00e9ntica bruja, con detalles asombrosos que te har\u00e1n destacar entre la multitud. Reutilizables: \u00a1No es un solo uso! Puedes guardarlos y volver a usarlos en futuras celebraciones de Halloween u otras ocasiones tem\u00e1ticas. Versatilidad: No se limitan solo a disfraces de bruja; estos dientes de caucho pueden a\u00f1adir un toque espeluznante a cualquier disfraz de monstruo, vampiro, zombie o cualquier otro personaje terror\u00edfico que puedas imaginar.","breadcrumb":{"@id":"https:\/\/www.mundomagicodisfraces.com\/web\/producto\/dientes-de-bruja\/#breadcrumb"},"inLanguage":"es","potentialAction":[{"@type":"ReadAction","target":["https:\/\/www.mundomagicodisfraces.com\/web\/producto\/dientes-de-bruja\/"]}]},{"@type":"ImageObject","inLanguage":"es","@id":"https:\/\/www.mundomagicodisfraces.com\/web\/producto\/dientes-de-bruja\/#primaryimage","url":"https:\/\/www.mundomagicodisfraces.com\/web\/wp-content\/uploads\/2023\/10\/dientes-bruja.png","contentUrl":"https:\/\/www.mundomagicodisfraces.com\/web\/wp-content\/uploads\/2023\/10\/dientes-bruja.png","width":1200,"height":1200},{"@type":"BreadcrumbList","@id":"https:\/\/www.mundomagicodisfraces.com\/web\/producto\/dientes-de-bruja\/#breadcrumb","itemListElement":[{"@type":"ListItem","position":1,"name":"Portada","item":"https:\/\/www.mundomagicodisfraces.com\/web\/"},{"@type":"ListItem","position":2,"name":"Tienda","item":"https:\/\/www.mundomagicodisfraces.com\/web\/tienda\/"},{"@type":"ListItem","position":3,"name":"Dientes de bruja"}]},{"@type":"WebSite","@id":"https:\/\/www.mundomagicodisfraces.com\/web\/#website","url":"https:\/\/www.mundomagicodisfraces.com\/web\/","name":"Mundo M\u00e1gico Disfraces","description":"Mundo M\u00e1gico Disfraces local de disfraces ubicado en Quito Ecuador, alquiler disfraces, 1800 disfraces a su disposici\u00f3n, m\u00e1s de 2900 accesorios.","publisher":{"@id":"https:\/\/www.mundomagicodisfraces.com\/web\/#organization"},"potentialAction":[{"@type":"SearchAction","target":{"@type":"EntryPoint","urlTemplate":"https:\/\/www.mundomagicodisfraces.com\/web\/?s={search_term_string}"},"query-input":{"@type":"PropertyValueSpecification","valueRequired":true,"valueName":"search_term_string"}}],"inLanguage":"es"},{"@type":"Organization","@id":"https:\/\/www.mundomagicodisfraces.com\/web\/#organization","name":"Mundo M\u00e1gico Disfraces","url":"https:\/\/www.mundomagicodisfraces.com\/web\/","logo":{"@type":"ImageObject","inLanguage":"es","@id":"https:\/\/www.mundomagicodisfraces.com\/web\/#\/schema\/logo\/image\/","url":"https:\/\/www.mundomagicodisfraces.com\/web\/wp-content\/uploads\/2017\/08\/logodefault2.png","contentUrl":"https:\/\/www.mundomagicodisfraces.com\/web\/wp-content\/uploads\/2017\/08\/logodefault2.png","width":700,"height":281,"caption":"Mundo M\u00e1gico Disfraces"},"image":{"@id":"https:\/\/www.mundomagicodisfraces.com\/web\/#\/schema\/logo\/image\/"},"sameAs":["https:\/\/www.facebook.com\/mmdisfraces","https:\/\/x.com\/MundoMagicoDisf","https:\/\/www.instagram.com\/disfracesmundomagico\/"]}]}},"_links":{"self":[{"href":"https:\/\/www.mundomagicodisfraces.com\/web\/wp-json\/wp\/v2\/product\/50714","targetHints":{"allow":["GET"]}}],"collection":[{"href":"https:\/\/www.mundomagicodisfraces.com\/web\/wp-json\/wp\/v2\/product"}],"about":[{"href":"https:\/\/www.mundomagicodisfraces.com\/web\/wp-json\/wp\/v2\/types\/product"}],"replies":[{"embeddable":true,"href":"https:\/\/www.mundomagicodisfraces.com\/web\/wp-json\/wp\/v2\/comments?post=50714"}],"wp:featuredmedia":[{"embeddable":true,"href":"https:\/\/www.mundomagicodisfraces.com\/web\/wp-json\/wp\/v2\/media\/50735"}],"wp:attachment":[{"href":"https:\/\/www.mundomagicodisfraces.com\/web\/wp-json\/wp\/v2\/media?parent=50714"}],"wp:term":[{"taxonomy":"product_brand","embeddable":true,"href":"https:\/\/www.mundomagicodisfraces.com\/web\/wp-json\/wp\/v2\/product_brand?post=50714"},{"taxonomy":"product_cat","embeddable":true,"href":"https:\/\/www.mundomagicodisfraces.com\/web\/wp-json\/wp\/v2\/product_cat?post=50714"},{"taxonomy":"product_tag","embeddable":true,"href":"https:\/\/www.mundomagicodisfraces.com\/web\/wp-json\/wp\/v2\/product_tag?post=50714"}],"curies":[{"name":"wp","href":"https:\/\/api.w.org\/{rel}","templated":true}]}}