{"id":4142,"date":"2022-10-12T16:29:09","date_gmt":"2022-10-12T21:29:09","guid":{"rendered":"https:\/\/www.mundomagicodisfraces.com\/web\/?post_type=product&#038;p=4142"},"modified":"2026-01-15T16:52:16","modified_gmt":"2026-01-15T21:52:16","slug":"pack-conejita","status":"publish","type":"product","link":"https:\/\/www.mundomagicodisfraces.com\/web\/producto\/pack-conejita\/","title":{"rendered":"Pack conejita"},"content":{"rendered":"<p>Este pack es ideal para disfrazarte de una tierna conejita, viene con todo lo necesario: orejas, colita y corbat\u00edn.<\/p>\n","protected":false},"excerpt":{"rendered":"<p>Este pack es ideal para disfrazarte de una tierna conejita, viene con todo lo necesario: orejas, colita y corbat\u00edn.<\/p>\n","protected":false},"featured_media":81502,"comment_status":"closed","ping_status":"closed","template":"","meta":{"_acf_changed":false,"_et_pb_use_builder":"","_et_pb_old_content":"","_et_gb_content_width":""},"product_brand":[],"product_cat":[610],"product_tag":[1165,1143,1164,693,1492,1551,702,692,809,633,1550,1166],"class_list":{"0":"post-4142","1":"product","2":"type-product","3":"status-publish","4":"has-post-thumbnail","6":"product_cat-packs","7":"product_tag-animalito","8":"product_tag-coneja","9":"product_tag-conejita","10":"product_tag-disfraz","11":"product_tag-lola-bunny","12":"product_tag-looney-tunes","13":"product_tag-nina","14":"product_tag-pack","15":"product_tag-sexi","16":"product_tag-sexy","17":"product_tag-space-jam","18":"product_tag-tierno","20":"first","21":"instock","22":"shipping-taxable","23":"purchasable","24":"product-type-simple"},"barcode":null,"atum_controlled":true,"out_stock_date":null,"out_stock_threshold":null,"inheritable":false,"stock_on_hold":0,"sold_today":0,"sales_last_days":0,"out_stock_days":0,"lost_sales":0,"update_date":"2026-05-07T01:23:09","atum_locations":[],"atum_stock_status":"instock","restock_status":false,"low_stock_amount":"","sales_update_date":"2026-05-07T01:23:09","calc_backorders":null,"acf":[],"yoast_head":"<!-- This site is optimized with the Yoast SEO plugin v27.5 - https:\/\/yoast.com\/product\/yoast-seo-wordpress\/ -->\n<title>Pack conejita | Mundo M\u00e1gico Disfraces<\/title>\n<meta name=\"description\" content=\"Este pack es ideal para disfrazarte de una tierna conejita, viene con todo lo necesario: orejas, colita y corbat\u00edn. Este pack es ideal para disfrazarte de una tierna conejita, viene con todo lo necesario: orejas, colita y corbat\u00edn.\" \/>\n<meta name=\"robots\" content=\"index, follow, max-snippet:-1, max-image-preview:large, max-video-preview:-1\" \/>\n<link rel=\"canonical\" href=\"https:\/\/www.mundomagicodisfraces.com\/web\/producto\/pack-conejita\/\" \/>\n<meta property=\"og:locale\" content=\"es_ES\" \/>\n<meta property=\"og:type\" content=\"article\" \/>\n<meta property=\"og:title\" content=\"Pack conejita | Mundo M\u00e1gico Disfraces\" \/>\n<meta property=\"og:description\" content=\"Este pack es ideal para disfrazarte de una tierna conejita, viene con todo lo necesario: orejas, colita y corbat\u00edn. Este pack es ideal para disfrazarte de una tierna conejita, viene con todo lo necesario: orejas, colita y corbat\u00edn.\" \/>\n<meta property=\"og:url\" content=\"https:\/\/www.mundomagicodisfraces.com\/web\/producto\/pack-conejita\/\" \/>\n<meta property=\"og:site_name\" content=\"Mundo M\u00e1gico Disfraces\" \/>\n<meta property=\"article:publisher\" content=\"https:\/\/www.facebook.com\/mmdisfraces\" \/>\n<meta property=\"article:modified_time\" content=\"2026-01-15T21:52:16+00:00\" \/>\n<meta property=\"og:image\" content=\"https:\/\/www.mundomagicodisfraces.com\/web\/wp-content\/uploads\/2022\/10\/pack-conejita-1.jpg\" \/>\n\t<meta property=\"og:image:width\" content=\"1000\" \/>\n\t<meta property=\"og:image:height\" content=\"1000\" \/>\n\t<meta property=\"og:image:type\" content=\"image\/jpeg\" \/>\n<meta name=\"twitter:card\" content=\"summary_large_image\" \/>\n<meta name=\"twitter:site\" content=\"@MundoMagicoDisf\" \/>\n<meta name=\"twitter:label1\" content=\"Tiempo de lectura\" \/>\n\t<meta name=\"twitter:data1\" content=\"1 minuto\" \/>\n<script type=\"application\/ld+json\" class=\"yoast-schema-graph\">{\"@context\":\"https:\\\/\\\/schema.org\",\"@graph\":[{\"@type\":\"WebPage\",\"@id\":\"https:\\\/\\\/www.mundomagicodisfraces.com\\\/web\\\/producto\\\/pack-conejita\\\/\",\"url\":\"https:\\\/\\\/www.mundomagicodisfraces.com\\\/web\\\/producto\\\/pack-conejita\\\/\",\"name\":\"Pack conejita | Mundo M\u00e1gico Disfraces\",\"isPartOf\":{\"@id\":\"https:\\\/\\\/www.mundomagicodisfraces.com\\\/web\\\/#website\"},\"primaryImageOfPage\":{\"@id\":\"https:\\\/\\\/www.mundomagicodisfraces.com\\\/web\\\/producto\\\/pack-conejita\\\/#primaryimage\"},\"image\":{\"@id\":\"https:\\\/\\\/www.mundomagicodisfraces.com\\\/web\\\/producto\\\/pack-conejita\\\/#primaryimage\"},\"thumbnailUrl\":\"https:\\\/\\\/www.mundomagicodisfraces.com\\\/web\\\/wp-content\\\/uploads\\\/2022\\\/10\\\/pack-conejita-1.jpg\",\"datePublished\":\"2022-10-12T21:29:09+00:00\",\"dateModified\":\"2026-01-15T21:52:16+00:00\",\"description\":\"Este pack es ideal para disfrazarte de una tierna conejita, viene con todo lo necesario: orejas, colita y corbat\u00edn. Este pack es ideal para disfrazarte de una tierna conejita, viene con todo lo necesario: orejas, colita y corbat\u00edn.\",\"breadcrumb\":{\"@id\":\"https:\\\/\\\/www.mundomagicodisfraces.com\\\/web\\\/producto\\\/pack-conejita\\\/#breadcrumb\"},\"inLanguage\":\"es\",\"potentialAction\":[{\"@type\":\"ReadAction\",\"target\":[\"https:\\\/\\\/www.mundomagicodisfraces.com\\\/web\\\/producto\\\/pack-conejita\\\/\"]}]},{\"@type\":\"ImageObject\",\"inLanguage\":\"es\",\"@id\":\"https:\\\/\\\/www.mundomagicodisfraces.com\\\/web\\\/producto\\\/pack-conejita\\\/#primaryimage\",\"url\":\"https:\\\/\\\/www.mundomagicodisfraces.com\\\/web\\\/wp-content\\\/uploads\\\/2022\\\/10\\\/pack-conejita-1.jpg\",\"contentUrl\":\"https:\\\/\\\/www.mundomagicodisfraces.com\\\/web\\\/wp-content\\\/uploads\\\/2022\\\/10\\\/pack-conejita-1.jpg\",\"width\":1000,\"height\":1000,\"caption\":\"pack de conejita\"},{\"@type\":\"BreadcrumbList\",\"@id\":\"https:\\\/\\\/www.mundomagicodisfraces.com\\\/web\\\/producto\\\/pack-conejita\\\/#breadcrumb\",\"itemListElement\":[{\"@type\":\"ListItem\",\"position\":1,\"name\":\"Portada\",\"item\":\"https:\\\/\\\/www.mundomagicodisfraces.com\\\/web\\\/\"},{\"@type\":\"ListItem\",\"position\":2,\"name\":\"Tienda\",\"item\":\"https:\\\/\\\/www.mundomagicodisfraces.com\\\/web\\\/tienda\\\/\"},{\"@type\":\"ListItem\",\"position\":3,\"name\":\"Pack conejita\"}]},{\"@type\":\"WebSite\",\"@id\":\"https:\\\/\\\/www.mundomagicodisfraces.com\\\/web\\\/#website\",\"url\":\"https:\\\/\\\/www.mundomagicodisfraces.com\\\/web\\\/\",\"name\":\"Mundo M\u00e1gico Disfraces\",\"description\":\"Mundo M\u00e1gico Disfraces local de disfraces ubicado en Quito Ecuador, alquiler disfraces, 1800 disfraces a su disposici\u00f3n, m\u00e1s de 2900 accesorios.\",\"publisher\":{\"@id\":\"https:\\\/\\\/www.mundomagicodisfraces.com\\\/web\\\/#organization\"},\"potentialAction\":[{\"@type\":\"SearchAction\",\"target\":{\"@type\":\"EntryPoint\",\"urlTemplate\":\"https:\\\/\\\/www.mundomagicodisfraces.com\\\/web\\\/?s={search_term_string}\"},\"query-input\":{\"@type\":\"PropertyValueSpecification\",\"valueRequired\":true,\"valueName\":\"search_term_string\"}}],\"inLanguage\":\"es\"},{\"@type\":\"Organization\",\"@id\":\"https:\\\/\\\/www.mundomagicodisfraces.com\\\/web\\\/#organization\",\"name\":\"Mundo M\u00e1gico Disfraces\",\"url\":\"https:\\\/\\\/www.mundomagicodisfraces.com\\\/web\\\/\",\"logo\":{\"@type\":\"ImageObject\",\"inLanguage\":\"es\",\"@id\":\"https:\\\/\\\/www.mundomagicodisfraces.com\\\/web\\\/#\\\/schema\\\/logo\\\/image\\\/\",\"url\":\"https:\\\/\\\/www.mundomagicodisfraces.com\\\/web\\\/wp-content\\\/uploads\\\/2017\\\/08\\\/logodefault2.png\",\"contentUrl\":\"https:\\\/\\\/www.mundomagicodisfraces.com\\\/web\\\/wp-content\\\/uploads\\\/2017\\\/08\\\/logodefault2.png\",\"width\":700,\"height\":281,\"caption\":\"Mundo M\u00e1gico Disfraces\"},\"image\":{\"@id\":\"https:\\\/\\\/www.mundomagicodisfraces.com\\\/web\\\/#\\\/schema\\\/logo\\\/image\\\/\"},\"sameAs\":[\"https:\\\/\\\/www.facebook.com\\\/mmdisfraces\",\"https:\\\/\\\/x.com\\\/MundoMagicoDisf\",\"https:\\\/\\\/www.instagram.com\\\/disfracesmundomagico\\\/\"]}]}<\/script>\n<!-- \/ Yoast SEO plugin. -->","yoast_head_json":{"title":"Pack conejita | Mundo M\u00e1gico Disfraces","description":"Este pack es ideal para disfrazarte de una tierna conejita, viene con todo lo necesario: orejas, colita y corbat\u00edn. Este pack es ideal para disfrazarte de una tierna conejita, viene con todo lo necesario: orejas, colita y corbat\u00edn.","robots":{"index":"index","follow":"follow","max-snippet":"max-snippet:-1","max-image-preview":"max-image-preview:large","max-video-preview":"max-video-preview:-1"},"canonical":"https:\/\/www.mundomagicodisfraces.com\/web\/producto\/pack-conejita\/","og_locale":"es_ES","og_type":"article","og_title":"Pack conejita | Mundo M\u00e1gico Disfraces","og_description":"Este pack es ideal para disfrazarte de una tierna conejita, viene con todo lo necesario: orejas, colita y corbat\u00edn. Este pack es ideal para disfrazarte de una tierna conejita, viene con todo lo necesario: orejas, colita y corbat\u00edn.","og_url":"https:\/\/www.mundomagicodisfraces.com\/web\/producto\/pack-conejita\/","og_site_name":"Mundo M\u00e1gico Disfraces","article_publisher":"https:\/\/www.facebook.com\/mmdisfraces","article_modified_time":"2026-01-15T21:52:16+00:00","og_image":[{"width":1000,"height":1000,"url":"https:\/\/www.mundomagicodisfraces.com\/web\/wp-content\/uploads\/2022\/10\/pack-conejita-1.jpg","type":"image\/jpeg"}],"twitter_card":"summary_large_image","twitter_site":"@MundoMagicoDisf","twitter_misc":{"Tiempo de lectura":"1 minuto"},"schema":{"@context":"https:\/\/schema.org","@graph":[{"@type":"WebPage","@id":"https:\/\/www.mundomagicodisfraces.com\/web\/producto\/pack-conejita\/","url":"https:\/\/www.mundomagicodisfraces.com\/web\/producto\/pack-conejita\/","name":"Pack conejita | Mundo M\u00e1gico Disfraces","isPartOf":{"@id":"https:\/\/www.mundomagicodisfraces.com\/web\/#website"},"primaryImageOfPage":{"@id":"https:\/\/www.mundomagicodisfraces.com\/web\/producto\/pack-conejita\/#primaryimage"},"image":{"@id":"https:\/\/www.mundomagicodisfraces.com\/web\/producto\/pack-conejita\/#primaryimage"},"thumbnailUrl":"https:\/\/www.mundomagicodisfraces.com\/web\/wp-content\/uploads\/2022\/10\/pack-conejita-1.jpg","datePublished":"2022-10-12T21:29:09+00:00","dateModified":"2026-01-15T21:52:16+00:00","description":"Este pack es ideal para disfrazarte de una tierna conejita, viene con todo lo necesario: orejas, colita y corbat\u00edn. Este pack es ideal para disfrazarte de una tierna conejita, viene con todo lo necesario: orejas, colita y corbat\u00edn.","breadcrumb":{"@id":"https:\/\/www.mundomagicodisfraces.com\/web\/producto\/pack-conejita\/#breadcrumb"},"inLanguage":"es","potentialAction":[{"@type":"ReadAction","target":["https:\/\/www.mundomagicodisfraces.com\/web\/producto\/pack-conejita\/"]}]},{"@type":"ImageObject","inLanguage":"es","@id":"https:\/\/www.mundomagicodisfraces.com\/web\/producto\/pack-conejita\/#primaryimage","url":"https:\/\/www.mundomagicodisfraces.com\/web\/wp-content\/uploads\/2022\/10\/pack-conejita-1.jpg","contentUrl":"https:\/\/www.mundomagicodisfraces.com\/web\/wp-content\/uploads\/2022\/10\/pack-conejita-1.jpg","width":1000,"height":1000,"caption":"pack de conejita"},{"@type":"BreadcrumbList","@id":"https:\/\/www.mundomagicodisfraces.com\/web\/producto\/pack-conejita\/#breadcrumb","itemListElement":[{"@type":"ListItem","position":1,"name":"Portada","item":"https:\/\/www.mundomagicodisfraces.com\/web\/"},{"@type":"ListItem","position":2,"name":"Tienda","item":"https:\/\/www.mundomagicodisfraces.com\/web\/tienda\/"},{"@type":"ListItem","position":3,"name":"Pack conejita"}]},{"@type":"WebSite","@id":"https:\/\/www.mundomagicodisfraces.com\/web\/#website","url":"https:\/\/www.mundomagicodisfraces.com\/web\/","name":"Mundo M\u00e1gico Disfraces","description":"Mundo M\u00e1gico Disfraces local de disfraces ubicado en Quito Ecuador, alquiler disfraces, 1800 disfraces a su disposici\u00f3n, m\u00e1s de 2900 accesorios.","publisher":{"@id":"https:\/\/www.mundomagicodisfraces.com\/web\/#organization"},"potentialAction":[{"@type":"SearchAction","target":{"@type":"EntryPoint","urlTemplate":"https:\/\/www.mundomagicodisfraces.com\/web\/?s={search_term_string}"},"query-input":{"@type":"PropertyValueSpecification","valueRequired":true,"valueName":"search_term_string"}}],"inLanguage":"es"},{"@type":"Organization","@id":"https:\/\/www.mundomagicodisfraces.com\/web\/#organization","name":"Mundo M\u00e1gico Disfraces","url":"https:\/\/www.mundomagicodisfraces.com\/web\/","logo":{"@type":"ImageObject","inLanguage":"es","@id":"https:\/\/www.mundomagicodisfraces.com\/web\/#\/schema\/logo\/image\/","url":"https:\/\/www.mundomagicodisfraces.com\/web\/wp-content\/uploads\/2017\/08\/logodefault2.png","contentUrl":"https:\/\/www.mundomagicodisfraces.com\/web\/wp-content\/uploads\/2017\/08\/logodefault2.png","width":700,"height":281,"caption":"Mundo M\u00e1gico Disfraces"},"image":{"@id":"https:\/\/www.mundomagicodisfraces.com\/web\/#\/schema\/logo\/image\/"},"sameAs":["https:\/\/www.facebook.com\/mmdisfraces","https:\/\/x.com\/MundoMagicoDisf","https:\/\/www.instagram.com\/disfracesmundomagico\/"]}]}},"_links":{"self":[{"href":"https:\/\/www.mundomagicodisfraces.com\/web\/wp-json\/wp\/v2\/product\/4142","targetHints":{"allow":["GET"]}}],"collection":[{"href":"https:\/\/www.mundomagicodisfraces.com\/web\/wp-json\/wp\/v2\/product"}],"about":[{"href":"https:\/\/www.mundomagicodisfraces.com\/web\/wp-json\/wp\/v2\/types\/product"}],"replies":[{"embeddable":true,"href":"https:\/\/www.mundomagicodisfraces.com\/web\/wp-json\/wp\/v2\/comments?post=4142"}],"wp:featuredmedia":[{"embeddable":true,"href":"https:\/\/www.mundomagicodisfraces.com\/web\/wp-json\/wp\/v2\/media\/81502"}],"wp:attachment":[{"href":"https:\/\/www.mundomagicodisfraces.com\/web\/wp-json\/wp\/v2\/media?parent=4142"}],"wp:term":[{"taxonomy":"product_brand","embeddable":true,"href":"https:\/\/www.mundomagicodisfraces.com\/web\/wp-json\/wp\/v2\/product_brand?post=4142"},{"taxonomy":"product_cat","embeddable":true,"href":"https:\/\/www.mundomagicodisfraces.com\/web\/wp-json\/wp\/v2\/product_cat?post=4142"},{"taxonomy":"product_tag","embeddable":true,"href":"https:\/\/www.mundomagicodisfraces.com\/web\/wp-json\/wp\/v2\/product_tag?post=4142"}],"curies":[{"name":"wp","href":"https:\/\/api.w.org\/{rel}","templated":true}]}}