{"id":2712,"date":"2021-08-09T14:10:25","date_gmt":"2021-08-09T19:10:25","guid":{"rendered":"https:\/\/www.mundomagicodisfraces.com\/web\/?post_type=product&#038;p=2712"},"modified":"2024-10-13T23:26:32","modified_gmt":"2024-10-14T04:26:32","slug":"guantes-negro-unas-de-escarcha-plateada-bruja-gata","status":"publish","type":"product","link":"https:\/\/www.mundomagicodisfraces.com\/web\/producto\/guantes-negro-unas-de-escarcha-plateada-bruja-gata\/","title":{"rendered":"Guantes con u\u00f1as de escarcha plateada"},"content":{"rendered":"<p>Guantes negros con u\u00f1as de escarcha plateadas. Para disfraz de bruja o de gata.<\/p>\n","protected":false},"excerpt":{"rendered":"<p>Guantes negros con u\u00f1as de escarcha plateadas. Ideal para disfraz de bruja o de gata.<\/p>\n","protected":false},"featured_media":2714,"comment_status":"closed","ping_status":"closed","template":"","meta":{"_acf_changed":false,"_et_pb_use_builder":"","_et_pb_old_content":"","_et_gb_content_width":""},"product_brand":[],"product_cat":[611],"product_tag":[626,861,694,693,630,628,924,923,616],"class_list":{"0":"post-2712","1":"product","2":"type-product","3":"status-publish","4":"has-post-thumbnail","6":"product_cat-accesorios","7":"product_tag-accesorios","8":"product_tag-bruja","9":"product_tag-disfraces","10":"product_tag-disfraz","11":"product_tag-fantasia","12":"product_tag-fiesta","13":"product_tag-gata","14":"product_tag-guantes","15":"product_tag-halloween","17":"first","18":"instock","19":"shipping-taxable","20":"purchasable","21":"product-type-simple"},"barcode":null,"atum_controlled":true,"out_stock_date":null,"out_stock_threshold":null,"inheritable":false,"stock_on_hold":0,"sold_today":0,"sales_last_days":0,"out_stock_days":0,"lost_sales":0,"update_date":"2026-05-08T01:24:03","atum_locations":[],"atum_stock_status":"instock","restock_status":false,"low_stock_amount":"","sales_update_date":"2026-05-08T01:24:03","calc_backorders":null,"acf":[],"yoast_head":"<!-- This site is optimized with the Yoast SEO plugin v27.5 - https:\/\/yoast.com\/product\/yoast-seo-wordpress\/ -->\n<title>Guantes con u\u00f1as de escarcha plateada | Mundo M\u00e1gico Disfraces<\/title>\n<meta name=\"description\" content=\"Guantes negros con u\u00f1as de escarcha plateadas. Ideal para disfraz de bruja o de gata. Guantes negros con u\u00f1as de escarcha plateadas. Para disfraz de bruja o de gata.\" \/>\n<meta name=\"robots\" content=\"index, follow, max-snippet:-1, max-image-preview:large, max-video-preview:-1\" \/>\n<link rel=\"canonical\" href=\"https:\/\/www.mundomagicodisfraces.com\/web\/producto\/guantes-negro-unas-de-escarcha-plateada-bruja-gata\/\" \/>\n<meta property=\"og:locale\" content=\"es_ES\" \/>\n<meta property=\"og:type\" content=\"article\" \/>\n<meta property=\"og:title\" content=\"Guantes con u\u00f1as de escarcha plateada | Mundo M\u00e1gico Disfraces\" \/>\n<meta property=\"og:description\" content=\"Guantes negros con u\u00f1as de escarcha plateadas. Ideal para disfraz de bruja o de gata. Guantes negros con u\u00f1as de escarcha plateadas. Para disfraz de bruja o de gata.\" \/>\n<meta property=\"og:url\" content=\"https:\/\/www.mundomagicodisfraces.com\/web\/producto\/guantes-negro-unas-de-escarcha-plateada-bruja-gata\/\" \/>\n<meta property=\"og:site_name\" content=\"Mundo M\u00e1gico Disfraces\" \/>\n<meta property=\"article:publisher\" content=\"https:\/\/www.facebook.com\/mmdisfraces\" \/>\n<meta property=\"article:modified_time\" content=\"2024-10-14T04:26:32+00:00\" \/>\n<meta property=\"og:image\" content=\"https:\/\/www.mundomagicodisfraces.com\/web\/wp-content\/uploads\/2021\/08\/guantes-negros-escarcha-plateada-ok-t-l-1024x1024.png\" \/>\n\t<meta property=\"og:image:width\" content=\"1024\" \/>\n\t<meta property=\"og:image:height\" content=\"1024\" \/>\n\t<meta property=\"og:image:type\" content=\"image\/png\" \/>\n<meta name=\"twitter:card\" content=\"summary_large_image\" \/>\n<meta name=\"twitter:site\" content=\"@MundoMagicoDisf\" \/>\n<meta name=\"twitter:label1\" content=\"Tiempo de lectura\" \/>\n\t<meta name=\"twitter:data1\" content=\"1 minuto\" \/>\n<script type=\"application\/ld+json\" class=\"yoast-schema-graph\">{\"@context\":\"https:\\\/\\\/schema.org\",\"@graph\":[{\"@type\":\"WebPage\",\"@id\":\"https:\\\/\\\/www.mundomagicodisfraces.com\\\/web\\\/producto\\\/guantes-negro-unas-de-escarcha-plateada-bruja-gata\\\/\",\"url\":\"https:\\\/\\\/www.mundomagicodisfraces.com\\\/web\\\/producto\\\/guantes-negro-unas-de-escarcha-plateada-bruja-gata\\\/\",\"name\":\"Guantes con u\u00f1as de escarcha plateada | Mundo M\u00e1gico Disfraces\",\"isPartOf\":{\"@id\":\"https:\\\/\\\/www.mundomagicodisfraces.com\\\/web\\\/#website\"},\"primaryImageOfPage\":{\"@id\":\"https:\\\/\\\/www.mundomagicodisfraces.com\\\/web\\\/producto\\\/guantes-negro-unas-de-escarcha-plateada-bruja-gata\\\/#primaryimage\"},\"image\":{\"@id\":\"https:\\\/\\\/www.mundomagicodisfraces.com\\\/web\\\/producto\\\/guantes-negro-unas-de-escarcha-plateada-bruja-gata\\\/#primaryimage\"},\"thumbnailUrl\":\"https:\\\/\\\/www.mundomagicodisfraces.com\\\/web\\\/wp-content\\\/uploads\\\/2021\\\/08\\\/guantes-negros-escarcha-plateada-ok-t-l.png\",\"datePublished\":\"2021-08-09T19:10:25+00:00\",\"dateModified\":\"2024-10-14T04:26:32+00:00\",\"description\":\"Guantes negros con u\u00f1as de escarcha plateadas. Ideal para disfraz de bruja o de gata. Guantes negros con u\u00f1as de escarcha plateadas. Para disfraz de bruja o de gata.\",\"breadcrumb\":{\"@id\":\"https:\\\/\\\/www.mundomagicodisfraces.com\\\/web\\\/producto\\\/guantes-negro-unas-de-escarcha-plateada-bruja-gata\\\/#breadcrumb\"},\"inLanguage\":\"es\",\"potentialAction\":[{\"@type\":\"ReadAction\",\"target\":[\"https:\\\/\\\/www.mundomagicodisfraces.com\\\/web\\\/producto\\\/guantes-negro-unas-de-escarcha-plateada-bruja-gata\\\/\"]}]},{\"@type\":\"ImageObject\",\"inLanguage\":\"es\",\"@id\":\"https:\\\/\\\/www.mundomagicodisfraces.com\\\/web\\\/producto\\\/guantes-negro-unas-de-escarcha-plateada-bruja-gata\\\/#primaryimage\",\"url\":\"https:\\\/\\\/www.mundomagicodisfraces.com\\\/web\\\/wp-content\\\/uploads\\\/2021\\\/08\\\/guantes-negros-escarcha-plateada-ok-t-l.png\",\"contentUrl\":\"https:\\\/\\\/www.mundomagicodisfraces.com\\\/web\\\/wp-content\\\/uploads\\\/2021\\\/08\\\/guantes-negros-escarcha-plateada-ok-t-l.png\",\"width\":1200,\"height\":1200},{\"@type\":\"BreadcrumbList\",\"@id\":\"https:\\\/\\\/www.mundomagicodisfraces.com\\\/web\\\/producto\\\/guantes-negro-unas-de-escarcha-plateada-bruja-gata\\\/#breadcrumb\",\"itemListElement\":[{\"@type\":\"ListItem\",\"position\":1,\"name\":\"Portada\",\"item\":\"https:\\\/\\\/www.mundomagicodisfraces.com\\\/web\\\/\"},{\"@type\":\"ListItem\",\"position\":2,\"name\":\"Tienda\",\"item\":\"https:\\\/\\\/www.mundomagicodisfraces.com\\\/web\\\/tienda\\\/\"},{\"@type\":\"ListItem\",\"position\":3,\"name\":\"Guantes con u\u00f1as de escarcha plateada\"}]},{\"@type\":\"WebSite\",\"@id\":\"https:\\\/\\\/www.mundomagicodisfraces.com\\\/web\\\/#website\",\"url\":\"https:\\\/\\\/www.mundomagicodisfraces.com\\\/web\\\/\",\"name\":\"Mundo M\u00e1gico Disfraces\",\"description\":\"Mundo M\u00e1gico Disfraces local de disfraces ubicado en Quito Ecuador, alquiler disfraces, 1800 disfraces a su disposici\u00f3n, m\u00e1s de 2900 accesorios.\",\"publisher\":{\"@id\":\"https:\\\/\\\/www.mundomagicodisfraces.com\\\/web\\\/#organization\"},\"potentialAction\":[{\"@type\":\"SearchAction\",\"target\":{\"@type\":\"EntryPoint\",\"urlTemplate\":\"https:\\\/\\\/www.mundomagicodisfraces.com\\\/web\\\/?s={search_term_string}\"},\"query-input\":{\"@type\":\"PropertyValueSpecification\",\"valueRequired\":true,\"valueName\":\"search_term_string\"}}],\"inLanguage\":\"es\"},{\"@type\":\"Organization\",\"@id\":\"https:\\\/\\\/www.mundomagicodisfraces.com\\\/web\\\/#organization\",\"name\":\"Mundo M\u00e1gico Disfraces\",\"url\":\"https:\\\/\\\/www.mundomagicodisfraces.com\\\/web\\\/\",\"logo\":{\"@type\":\"ImageObject\",\"inLanguage\":\"es\",\"@id\":\"https:\\\/\\\/www.mundomagicodisfraces.com\\\/web\\\/#\\\/schema\\\/logo\\\/image\\\/\",\"url\":\"https:\\\/\\\/www.mundomagicodisfraces.com\\\/web\\\/wp-content\\\/uploads\\\/2017\\\/08\\\/logodefault2.png\",\"contentUrl\":\"https:\\\/\\\/www.mundomagicodisfraces.com\\\/web\\\/wp-content\\\/uploads\\\/2017\\\/08\\\/logodefault2.png\",\"width\":700,\"height\":281,\"caption\":\"Mundo M\u00e1gico Disfraces\"},\"image\":{\"@id\":\"https:\\\/\\\/www.mundomagicodisfraces.com\\\/web\\\/#\\\/schema\\\/logo\\\/image\\\/\"},\"sameAs\":[\"https:\\\/\\\/www.facebook.com\\\/mmdisfraces\",\"https:\\\/\\\/x.com\\\/MundoMagicoDisf\",\"https:\\\/\\\/www.instagram.com\\\/disfracesmundomagico\\\/\"]}]}<\/script>\n<!-- \/ Yoast SEO plugin. -->","yoast_head_json":{"title":"Guantes con u\u00f1as de escarcha plateada | Mundo M\u00e1gico Disfraces","description":"Guantes negros con u\u00f1as de escarcha plateadas. Ideal para disfraz de bruja o de gata. Guantes negros con u\u00f1as de escarcha plateadas. Para disfraz de bruja o de gata.","robots":{"index":"index","follow":"follow","max-snippet":"max-snippet:-1","max-image-preview":"max-image-preview:large","max-video-preview":"max-video-preview:-1"},"canonical":"https:\/\/www.mundomagicodisfraces.com\/web\/producto\/guantes-negro-unas-de-escarcha-plateada-bruja-gata\/","og_locale":"es_ES","og_type":"article","og_title":"Guantes con u\u00f1as de escarcha plateada | Mundo M\u00e1gico Disfraces","og_description":"Guantes negros con u\u00f1as de escarcha plateadas. Ideal para disfraz de bruja o de gata. Guantes negros con u\u00f1as de escarcha plateadas. Para disfraz de bruja o de gata.","og_url":"https:\/\/www.mundomagicodisfraces.com\/web\/producto\/guantes-negro-unas-de-escarcha-plateada-bruja-gata\/","og_site_name":"Mundo M\u00e1gico Disfraces","article_publisher":"https:\/\/www.facebook.com\/mmdisfraces","article_modified_time":"2024-10-14T04:26:32+00:00","og_image":[{"width":1024,"height":1024,"url":"https:\/\/www.mundomagicodisfraces.com\/web\/wp-content\/uploads\/2021\/08\/guantes-negros-escarcha-plateada-ok-t-l-1024x1024.png","type":"image\/png"}],"twitter_card":"summary_large_image","twitter_site":"@MundoMagicoDisf","twitter_misc":{"Tiempo de lectura":"1 minuto"},"schema":{"@context":"https:\/\/schema.org","@graph":[{"@type":"WebPage","@id":"https:\/\/www.mundomagicodisfraces.com\/web\/producto\/guantes-negro-unas-de-escarcha-plateada-bruja-gata\/","url":"https:\/\/www.mundomagicodisfraces.com\/web\/producto\/guantes-negro-unas-de-escarcha-plateada-bruja-gata\/","name":"Guantes con u\u00f1as de escarcha plateada | Mundo M\u00e1gico Disfraces","isPartOf":{"@id":"https:\/\/www.mundomagicodisfraces.com\/web\/#website"},"primaryImageOfPage":{"@id":"https:\/\/www.mundomagicodisfraces.com\/web\/producto\/guantes-negro-unas-de-escarcha-plateada-bruja-gata\/#primaryimage"},"image":{"@id":"https:\/\/www.mundomagicodisfraces.com\/web\/producto\/guantes-negro-unas-de-escarcha-plateada-bruja-gata\/#primaryimage"},"thumbnailUrl":"https:\/\/www.mundomagicodisfraces.com\/web\/wp-content\/uploads\/2021\/08\/guantes-negros-escarcha-plateada-ok-t-l.png","datePublished":"2021-08-09T19:10:25+00:00","dateModified":"2024-10-14T04:26:32+00:00","description":"Guantes negros con u\u00f1as de escarcha plateadas. Ideal para disfraz de bruja o de gata. Guantes negros con u\u00f1as de escarcha plateadas. Para disfraz de bruja o de gata.","breadcrumb":{"@id":"https:\/\/www.mundomagicodisfraces.com\/web\/producto\/guantes-negro-unas-de-escarcha-plateada-bruja-gata\/#breadcrumb"},"inLanguage":"es","potentialAction":[{"@type":"ReadAction","target":["https:\/\/www.mundomagicodisfraces.com\/web\/producto\/guantes-negro-unas-de-escarcha-plateada-bruja-gata\/"]}]},{"@type":"ImageObject","inLanguage":"es","@id":"https:\/\/www.mundomagicodisfraces.com\/web\/producto\/guantes-negro-unas-de-escarcha-plateada-bruja-gata\/#primaryimage","url":"https:\/\/www.mundomagicodisfraces.com\/web\/wp-content\/uploads\/2021\/08\/guantes-negros-escarcha-plateada-ok-t-l.png","contentUrl":"https:\/\/www.mundomagicodisfraces.com\/web\/wp-content\/uploads\/2021\/08\/guantes-negros-escarcha-plateada-ok-t-l.png","width":1200,"height":1200},{"@type":"BreadcrumbList","@id":"https:\/\/www.mundomagicodisfraces.com\/web\/producto\/guantes-negro-unas-de-escarcha-plateada-bruja-gata\/#breadcrumb","itemListElement":[{"@type":"ListItem","position":1,"name":"Portada","item":"https:\/\/www.mundomagicodisfraces.com\/web\/"},{"@type":"ListItem","position":2,"name":"Tienda","item":"https:\/\/www.mundomagicodisfraces.com\/web\/tienda\/"},{"@type":"ListItem","position":3,"name":"Guantes con u\u00f1as de escarcha plateada"}]},{"@type":"WebSite","@id":"https:\/\/www.mundomagicodisfraces.com\/web\/#website","url":"https:\/\/www.mundomagicodisfraces.com\/web\/","name":"Mundo M\u00e1gico Disfraces","description":"Mundo M\u00e1gico Disfraces local de disfraces ubicado en Quito Ecuador, alquiler disfraces, 1800 disfraces a su disposici\u00f3n, m\u00e1s de 2900 accesorios.","publisher":{"@id":"https:\/\/www.mundomagicodisfraces.com\/web\/#organization"},"potentialAction":[{"@type":"SearchAction","target":{"@type":"EntryPoint","urlTemplate":"https:\/\/www.mundomagicodisfraces.com\/web\/?s={search_term_string}"},"query-input":{"@type":"PropertyValueSpecification","valueRequired":true,"valueName":"search_term_string"}}],"inLanguage":"es"},{"@type":"Organization","@id":"https:\/\/www.mundomagicodisfraces.com\/web\/#organization","name":"Mundo M\u00e1gico Disfraces","url":"https:\/\/www.mundomagicodisfraces.com\/web\/","logo":{"@type":"ImageObject","inLanguage":"es","@id":"https:\/\/www.mundomagicodisfraces.com\/web\/#\/schema\/logo\/image\/","url":"https:\/\/www.mundomagicodisfraces.com\/web\/wp-content\/uploads\/2017\/08\/logodefault2.png","contentUrl":"https:\/\/www.mundomagicodisfraces.com\/web\/wp-content\/uploads\/2017\/08\/logodefault2.png","width":700,"height":281,"caption":"Mundo M\u00e1gico Disfraces"},"image":{"@id":"https:\/\/www.mundomagicodisfraces.com\/web\/#\/schema\/logo\/image\/"},"sameAs":["https:\/\/www.facebook.com\/mmdisfraces","https:\/\/x.com\/MundoMagicoDisf","https:\/\/www.instagram.com\/disfracesmundomagico\/"]}]}},"_links":{"self":[{"href":"https:\/\/www.mundomagicodisfraces.com\/web\/wp-json\/wp\/v2\/product\/2712","targetHints":{"allow":["GET"]}}],"collection":[{"href":"https:\/\/www.mundomagicodisfraces.com\/web\/wp-json\/wp\/v2\/product"}],"about":[{"href":"https:\/\/www.mundomagicodisfraces.com\/web\/wp-json\/wp\/v2\/types\/product"}],"replies":[{"embeddable":true,"href":"https:\/\/www.mundomagicodisfraces.com\/web\/wp-json\/wp\/v2\/comments?post=2712"}],"wp:featuredmedia":[{"embeddable":true,"href":"https:\/\/www.mundomagicodisfraces.com\/web\/wp-json\/wp\/v2\/media\/2714"}],"wp:attachment":[{"href":"https:\/\/www.mundomagicodisfraces.com\/web\/wp-json\/wp\/v2\/media?parent=2712"}],"wp:term":[{"taxonomy":"product_brand","embeddable":true,"href":"https:\/\/www.mundomagicodisfraces.com\/web\/wp-json\/wp\/v2\/product_brand?post=2712"},{"taxonomy":"product_cat","embeddable":true,"href":"https:\/\/www.mundomagicodisfraces.com\/web\/wp-json\/wp\/v2\/product_cat?post=2712"},{"taxonomy":"product_tag","embeddable":true,"href":"https:\/\/www.mundomagicodisfraces.com\/web\/wp-json\/wp\/v2\/product_tag?post=2712"}],"curies":[{"name":"wp","href":"https:\/\/api.w.org\/{rel}","templated":true}]}}