{"id":1291,"date":"2018-10-10T09:34:32","date_gmt":"2018-10-10T14:34:32","guid":{"rendered":"https:\/\/www.mundomagicodisfraces.com\/web\/?post_type=product&#038;p=1291"},"modified":"2026-01-15T18:10:37","modified_gmt":"2026-01-15T23:10:37","slug":"disfraz-robin-nino","status":"publish","type":"product","link":"https:\/\/www.mundomagicodisfraces.com\/web\/producto\/disfraz-robin-nino\/","title":{"rendered":"Disfraz Robin ni\u00f1o"},"content":{"rendered":"<p><span style=\"font-weight: 400\">Este disfraz de Robin ni\u00f1o incluye enterizo con capa. T. 1 T. 1\/2<\/span><\/p>\n","protected":false},"excerpt":{"rendered":"<p><span style=\"font-weight: 400\">\u00bf<\/span><span style=\"font-weight: 400\">Quieres un disfraz lindo,c\u00f3modo y abrigado para tu peque\u00f1o superh\u00e9roe? Te presentamos el traje de Robin, este disfraz es c\u00f3modo para tu peque\u00f1o adem\u00e1s de ser hecha con una tela que evita que tenga fr\u00edo y se irrite su piel. <\/span><\/p>\n","protected":false},"featured_media":1293,"comment_status":"open","ping_status":"closed","template":"","meta":{"_acf_changed":false,"_et_pb_use_builder":"","_et_pb_old_content":"","_et_gb_content_width":""},"product_brand":[],"product_cat":[727],"product_tag":[732,729,694,693,623,616,728,731,730],"class_list":{"0":"post-1291","1":"product","2":"type-product","3":"status-publish","4":"has-post-thumbnail","6":"product_cat-ninos","7":"product_tag-batman","8":"product_tag-bebe","9":"product_tag-disfraces","10":"product_tag-disfraz","11":"product_tag-guason","12":"product_tag-halloween","13":"product_tag-nino","14":"product_tag-robin","15":"product_tag-superheroe","17":"first","18":"instock","19":"shipping-taxable","20":"purchasable","21":"product-type-simple"},"barcode":null,"atum_controlled":true,"out_stock_date":null,"out_stock_threshold":null,"inheritable":false,"stock_on_hold":0,"sold_today":0,"sales_last_days":0,"out_stock_days":0,"lost_sales":0,"update_date":"2026-04-04T00:08:45","atum_locations":[],"atum_stock_status":"instock","restock_status":false,"low_stock_amount":"","sales_update_date":"2026-04-04T00:08:45","calc_backorders":null,"acf":[],"yoast_head":"<!-- This site is optimized with the Yoast SEO plugin v27.2 - https:\/\/yoast.com\/product\/yoast-seo-wordpress\/ -->\n<title>Disfraz Robin ni\u00f1o | Mundo M\u00e1gico Disfraces<\/title>\n<meta name=\"description\" content=\"\u00bfQuieres un disfraz lindo,c\u00f3modo y abrigado para tu peque\u00f1o superh\u00e9roe? Te presentamos el traje de Robin, este disfraz es c\u00f3modo para tu peque\u00f1o adem\u00e1s de ser hecha con una tela que evita que tenga fr\u00edo y se irrite su piel.\" \/>\n<meta name=\"robots\" content=\"index, follow, max-snippet:-1, max-image-preview:large, max-video-preview:-1\" \/>\n<link rel=\"canonical\" href=\"https:\/\/www.mundomagicodisfraces.com\/web\/producto\/disfraz-robin-nino\/\" \/>\n<meta property=\"og:locale\" content=\"es_ES\" \/>\n<meta property=\"og:type\" content=\"article\" \/>\n<meta property=\"og:title\" content=\"Disfraz Robin ni\u00f1o | Mundo M\u00e1gico Disfraces\" \/>\n<meta property=\"og:description\" content=\"\u00bfQuieres un disfraz lindo,c\u00f3modo y abrigado para tu peque\u00f1o superh\u00e9roe? Te presentamos el traje de Robin, este disfraz es c\u00f3modo para tu peque\u00f1o adem\u00e1s de ser hecha con una tela que evita que tenga fr\u00edo y se irrite su piel.\" \/>\n<meta property=\"og:url\" content=\"https:\/\/www.mundomagicodisfraces.com\/web\/producto\/disfraz-robin-nino\/\" \/>\n<meta property=\"og:site_name\" content=\"Mundo M\u00e1gico Disfraces\" \/>\n<meta property=\"article:publisher\" content=\"https:\/\/www.facebook.com\/mmdisfraces\" \/>\n<meta property=\"article:modified_time\" content=\"2026-01-15T23:10:37+00:00\" \/>\n<meta property=\"og:image\" content=\"https:\/\/www.mundomagicodisfraces.com\/web\/wp-content\/uploads\/2018\/10\/disfraz-robin2.jpg\" \/>\n\t<meta property=\"og:image:width\" content=\"750\" \/>\n\t<meta property=\"og:image:height\" content=\"555\" \/>\n\t<meta property=\"og:image:type\" content=\"image\/jpeg\" \/>\n<meta name=\"twitter:card\" content=\"summary_large_image\" \/>\n<meta name=\"twitter:site\" content=\"@MundoMagicoDisf\" \/>\n<meta name=\"twitter:label1\" content=\"Tiempo de lectura\" \/>\n\t<meta name=\"twitter:data1\" content=\"1 minuto\" \/>\n<script type=\"application\/ld+json\" class=\"yoast-schema-graph\">{\"@context\":\"https:\/\/schema.org\",\"@graph\":[{\"@type\":\"WebPage\",\"@id\":\"https:\/\/www.mundomagicodisfraces.com\/web\/producto\/disfraz-robin-nino\/\",\"url\":\"https:\/\/www.mundomagicodisfraces.com\/web\/producto\/disfraz-robin-nino\/\",\"name\":\"Disfraz Robin ni\u00f1o | Mundo M\u00e1gico Disfraces\",\"isPartOf\":{\"@id\":\"https:\/\/www.mundomagicodisfraces.com\/web\/#website\"},\"primaryImageOfPage\":{\"@id\":\"https:\/\/www.mundomagicodisfraces.com\/web\/producto\/disfraz-robin-nino\/#primaryimage\"},\"image\":{\"@id\":\"https:\/\/www.mundomagicodisfraces.com\/web\/producto\/disfraz-robin-nino\/#primaryimage\"},\"thumbnailUrl\":\"https:\/\/www.mundomagicodisfraces.com\/web\/wp-content\/uploads\/2018\/10\/disfraz-robin2.jpg\",\"datePublished\":\"2018-10-10T14:34:32+00:00\",\"dateModified\":\"2026-01-15T23:10:37+00:00\",\"description\":\"\u00bfQuieres un disfraz lindo,c\u00f3modo y abrigado para tu peque\u00f1o superh\u00e9roe? Te presentamos el traje de Robin, este disfraz es c\u00f3modo para tu peque\u00f1o adem\u00e1s de ser hecha con una tela que evita que tenga fr\u00edo y se irrite su piel.\",\"breadcrumb\":{\"@id\":\"https:\/\/www.mundomagicodisfraces.com\/web\/producto\/disfraz-robin-nino\/#breadcrumb\"},\"inLanguage\":\"es\",\"potentialAction\":[{\"@type\":\"ReadAction\",\"target\":[\"https:\/\/www.mundomagicodisfraces.com\/web\/producto\/disfraz-robin-nino\/\"]}]},{\"@type\":\"ImageObject\",\"inLanguage\":\"es\",\"@id\":\"https:\/\/www.mundomagicodisfraces.com\/web\/producto\/disfraz-robin-nino\/#primaryimage\",\"url\":\"https:\/\/www.mundomagicodisfraces.com\/web\/wp-content\/uploads\/2018\/10\/disfraz-robin2.jpg\",\"contentUrl\":\"https:\/\/www.mundomagicodisfraces.com\/web\/wp-content\/uploads\/2018\/10\/disfraz-robin2.jpg\",\"width\":750,\"height\":555,\"caption\":\"disfraz robin ni\u00f1o\"},{\"@type\":\"BreadcrumbList\",\"@id\":\"https:\/\/www.mundomagicodisfraces.com\/web\/producto\/disfraz-robin-nino\/#breadcrumb\",\"itemListElement\":[{\"@type\":\"ListItem\",\"position\":1,\"name\":\"Portada\",\"item\":\"https:\/\/www.mundomagicodisfraces.com\/web\/\"},{\"@type\":\"ListItem\",\"position\":2,\"name\":\"Tienda\",\"item\":\"https:\/\/www.mundomagicodisfraces.com\/web\/tienda\/\"},{\"@type\":\"ListItem\",\"position\":3,\"name\":\"Disfraz Robin ni\u00f1o\"}]},{\"@type\":\"WebSite\",\"@id\":\"https:\/\/www.mundomagicodisfraces.com\/web\/#website\",\"url\":\"https:\/\/www.mundomagicodisfraces.com\/web\/\",\"name\":\"Mundo M\u00e1gico Disfraces\",\"description\":\"Mundo M\u00e1gico Disfraces local de disfraces ubicado en Quito Ecuador, alquiler disfraces, 1800 disfraces a su disposici\u00f3n, m\u00e1s de 2900 accesorios.\",\"publisher\":{\"@id\":\"https:\/\/www.mundomagicodisfraces.com\/web\/#organization\"},\"potentialAction\":[{\"@type\":\"SearchAction\",\"target\":{\"@type\":\"EntryPoint\",\"urlTemplate\":\"https:\/\/www.mundomagicodisfraces.com\/web\/?s={search_term_string}\"},\"query-input\":{\"@type\":\"PropertyValueSpecification\",\"valueRequired\":true,\"valueName\":\"search_term_string\"}}],\"inLanguage\":\"es\"},{\"@type\":\"Organization\",\"@id\":\"https:\/\/www.mundomagicodisfraces.com\/web\/#organization\",\"name\":\"Mundo M\u00e1gico Disfraces\",\"url\":\"https:\/\/www.mundomagicodisfraces.com\/web\/\",\"logo\":{\"@type\":\"ImageObject\",\"inLanguage\":\"es\",\"@id\":\"https:\/\/www.mundomagicodisfraces.com\/web\/#\/schema\/logo\/image\/\",\"url\":\"https:\/\/www.mundomagicodisfraces.com\/web\/wp-content\/uploads\/2017\/08\/logodefault2.png\",\"contentUrl\":\"https:\/\/www.mundomagicodisfraces.com\/web\/wp-content\/uploads\/2017\/08\/logodefault2.png\",\"width\":700,\"height\":281,\"caption\":\"Mundo M\u00e1gico Disfraces\"},\"image\":{\"@id\":\"https:\/\/www.mundomagicodisfraces.com\/web\/#\/schema\/logo\/image\/\"},\"sameAs\":[\"https:\/\/www.facebook.com\/mmdisfraces\",\"https:\/\/x.com\/MundoMagicoDisf\",\"https:\/\/www.instagram.com\/disfracesmundomagico\/\"]}]}<\/script>\n<!-- \/ Yoast SEO plugin. -->","yoast_head_json":{"title":"Disfraz Robin ni\u00f1o | Mundo M\u00e1gico Disfraces","description":"\u00bfQuieres un disfraz lindo,c\u00f3modo y abrigado para tu peque\u00f1o superh\u00e9roe? Te presentamos el traje de Robin, este disfraz es c\u00f3modo para tu peque\u00f1o adem\u00e1s de ser hecha con una tela que evita que tenga fr\u00edo y se irrite su piel.","robots":{"index":"index","follow":"follow","max-snippet":"max-snippet:-1","max-image-preview":"max-image-preview:large","max-video-preview":"max-video-preview:-1"},"canonical":"https:\/\/www.mundomagicodisfraces.com\/web\/producto\/disfraz-robin-nino\/","og_locale":"es_ES","og_type":"article","og_title":"Disfraz Robin ni\u00f1o | Mundo M\u00e1gico Disfraces","og_description":"\u00bfQuieres un disfraz lindo,c\u00f3modo y abrigado para tu peque\u00f1o superh\u00e9roe? Te presentamos el traje de Robin, este disfraz es c\u00f3modo para tu peque\u00f1o adem\u00e1s de ser hecha con una tela que evita que tenga fr\u00edo y se irrite su piel.","og_url":"https:\/\/www.mundomagicodisfraces.com\/web\/producto\/disfraz-robin-nino\/","og_site_name":"Mundo M\u00e1gico Disfraces","article_publisher":"https:\/\/www.facebook.com\/mmdisfraces","article_modified_time":"2026-01-15T23:10:37+00:00","og_image":[{"width":750,"height":555,"url":"https:\/\/www.mundomagicodisfraces.com\/web\/wp-content\/uploads\/2018\/10\/disfraz-robin2.jpg","type":"image\/jpeg"}],"twitter_card":"summary_large_image","twitter_site":"@MundoMagicoDisf","twitter_misc":{"Tiempo de lectura":"1 minuto"},"schema":{"@context":"https:\/\/schema.org","@graph":[{"@type":"WebPage","@id":"https:\/\/www.mundomagicodisfraces.com\/web\/producto\/disfraz-robin-nino\/","url":"https:\/\/www.mundomagicodisfraces.com\/web\/producto\/disfraz-robin-nino\/","name":"Disfraz Robin ni\u00f1o | Mundo M\u00e1gico Disfraces","isPartOf":{"@id":"https:\/\/www.mundomagicodisfraces.com\/web\/#website"},"primaryImageOfPage":{"@id":"https:\/\/www.mundomagicodisfraces.com\/web\/producto\/disfraz-robin-nino\/#primaryimage"},"image":{"@id":"https:\/\/www.mundomagicodisfraces.com\/web\/producto\/disfraz-robin-nino\/#primaryimage"},"thumbnailUrl":"https:\/\/www.mundomagicodisfraces.com\/web\/wp-content\/uploads\/2018\/10\/disfraz-robin2.jpg","datePublished":"2018-10-10T14:34:32+00:00","dateModified":"2026-01-15T23:10:37+00:00","description":"\u00bfQuieres un disfraz lindo,c\u00f3modo y abrigado para tu peque\u00f1o superh\u00e9roe? Te presentamos el traje de Robin, este disfraz es c\u00f3modo para tu peque\u00f1o adem\u00e1s de ser hecha con una tela que evita que tenga fr\u00edo y se irrite su piel.","breadcrumb":{"@id":"https:\/\/www.mundomagicodisfraces.com\/web\/producto\/disfraz-robin-nino\/#breadcrumb"},"inLanguage":"es","potentialAction":[{"@type":"ReadAction","target":["https:\/\/www.mundomagicodisfraces.com\/web\/producto\/disfraz-robin-nino\/"]}]},{"@type":"ImageObject","inLanguage":"es","@id":"https:\/\/www.mundomagicodisfraces.com\/web\/producto\/disfraz-robin-nino\/#primaryimage","url":"https:\/\/www.mundomagicodisfraces.com\/web\/wp-content\/uploads\/2018\/10\/disfraz-robin2.jpg","contentUrl":"https:\/\/www.mundomagicodisfraces.com\/web\/wp-content\/uploads\/2018\/10\/disfraz-robin2.jpg","width":750,"height":555,"caption":"disfraz robin ni\u00f1o"},{"@type":"BreadcrumbList","@id":"https:\/\/www.mundomagicodisfraces.com\/web\/producto\/disfraz-robin-nino\/#breadcrumb","itemListElement":[{"@type":"ListItem","position":1,"name":"Portada","item":"https:\/\/www.mundomagicodisfraces.com\/web\/"},{"@type":"ListItem","position":2,"name":"Tienda","item":"https:\/\/www.mundomagicodisfraces.com\/web\/tienda\/"},{"@type":"ListItem","position":3,"name":"Disfraz Robin ni\u00f1o"}]},{"@type":"WebSite","@id":"https:\/\/www.mundomagicodisfraces.com\/web\/#website","url":"https:\/\/www.mundomagicodisfraces.com\/web\/","name":"Mundo M\u00e1gico Disfraces","description":"Mundo M\u00e1gico Disfraces local de disfraces ubicado en Quito Ecuador, alquiler disfraces, 1800 disfraces a su disposici\u00f3n, m\u00e1s de 2900 accesorios.","publisher":{"@id":"https:\/\/www.mundomagicodisfraces.com\/web\/#organization"},"potentialAction":[{"@type":"SearchAction","target":{"@type":"EntryPoint","urlTemplate":"https:\/\/www.mundomagicodisfraces.com\/web\/?s={search_term_string}"},"query-input":{"@type":"PropertyValueSpecification","valueRequired":true,"valueName":"search_term_string"}}],"inLanguage":"es"},{"@type":"Organization","@id":"https:\/\/www.mundomagicodisfraces.com\/web\/#organization","name":"Mundo M\u00e1gico Disfraces","url":"https:\/\/www.mundomagicodisfraces.com\/web\/","logo":{"@type":"ImageObject","inLanguage":"es","@id":"https:\/\/www.mundomagicodisfraces.com\/web\/#\/schema\/logo\/image\/","url":"https:\/\/www.mundomagicodisfraces.com\/web\/wp-content\/uploads\/2017\/08\/logodefault2.png","contentUrl":"https:\/\/www.mundomagicodisfraces.com\/web\/wp-content\/uploads\/2017\/08\/logodefault2.png","width":700,"height":281,"caption":"Mundo M\u00e1gico Disfraces"},"image":{"@id":"https:\/\/www.mundomagicodisfraces.com\/web\/#\/schema\/logo\/image\/"},"sameAs":["https:\/\/www.facebook.com\/mmdisfraces","https:\/\/x.com\/MundoMagicoDisf","https:\/\/www.instagram.com\/disfracesmundomagico\/"]}]}},"_links":{"self":[{"href":"https:\/\/www.mundomagicodisfraces.com\/web\/wp-json\/wp\/v2\/product\/1291","targetHints":{"allow":["GET"]}}],"collection":[{"href":"https:\/\/www.mundomagicodisfraces.com\/web\/wp-json\/wp\/v2\/product"}],"about":[{"href":"https:\/\/www.mundomagicodisfraces.com\/web\/wp-json\/wp\/v2\/types\/product"}],"replies":[{"embeddable":true,"href":"https:\/\/www.mundomagicodisfraces.com\/web\/wp-json\/wp\/v2\/comments?post=1291"}],"wp:featuredmedia":[{"embeddable":true,"href":"https:\/\/www.mundomagicodisfraces.com\/web\/wp-json\/wp\/v2\/media\/1293"}],"wp:attachment":[{"href":"https:\/\/www.mundomagicodisfraces.com\/web\/wp-json\/wp\/v2\/media?parent=1291"}],"wp:term":[{"taxonomy":"product_brand","embeddable":true,"href":"https:\/\/www.mundomagicodisfraces.com\/web\/wp-json\/wp\/v2\/product_brand?post=1291"},{"taxonomy":"product_cat","embeddable":true,"href":"https:\/\/www.mundomagicodisfraces.com\/web\/wp-json\/wp\/v2\/product_cat?post=1291"},{"taxonomy":"product_tag","embeddable":true,"href":"https:\/\/www.mundomagicodisfraces.com\/web\/wp-json\/wp\/v2\/product_tag?post=1291"}],"curies":[{"name":"wp","href":"https:\/\/api.w.org\/{rel}","templated":true}]}}