{"id":1004,"date":"2018-07-19T23:04:08","date_gmt":"2018-07-20T04:04:08","guid":{"rendered":"https:\/\/mundomagicodisfraces.com\/web\/tienda\/"},"modified":"2022-10-20T20:22:32","modified_gmt":"2022-10-21T01:22:32","slug":"tienda","status":"publish","type":"page","link":"https:\/\/www.mundomagicodisfraces.com\/web\/tienda\/","title":{"rendered":"Tienda"},"content":{"rendered":"<p>[et_pb_section fb_built=\u00bb1&#8243; _builder_version=\u00bb4.16&#8243; _module_preset=\u00bbdefault\u00bb background_color=\u00bb#007cba\u00bb global_colors_info=\u00bb{}\u00bb][et_pb_row _builder_version=\u00bb4.16&#8243; _module_preset=\u00bbdefault\u00bb global_colors_info=\u00bb{}\u00bb][et_pb_column type=\u00bb4_4&#8243; _builder_version=\u00bb4.16&#8243; _module_preset=\u00bbdefault\u00bb global_colors_info=\u00bb{}\u00bb][et_pb_text _builder_version=\u00bb4.16&#8243; _dynamic_attributes=\u00bbcontent\u00bb _module_preset=\u00bbdefault\u00bb text_font=\u00bb|700||on|||||\u00bb text_text_color=\u00bb#FFFFFF\u00bb text_font_size=\u00bb62px\u00bb header_2_text_color=\u00bb#FFFFFF\u00bb global_colors_info=\u00bb{}\u00bb text_letter_spacing__hover_enabled=\u00bbon|desktop\u00bb]@ET-DC@eyJkeW5hbWljIjp0cnVlLCJjb250ZW50IjoicG9zdF90aXRsZSIsInNldHRpbmdzIjp7ImJlZm9yZSI6IiIsImFmdGVyIjoiIn19@[\/et_pb_text][\/et_pb_column][\/et_pb_row][\/et_pb_section][et_pb_section fb_built=\u00bb1&#8243; _builder_version=\u00bb4.16&#8243; _module_preset=\u00bbdefault\u00bb global_colors_info=\u00bb{}\u00bb][et_pb_row _builder_version=\u00bb4.16&#8243; _module_preset=\u00bbdefault\u00bb global_colors_info=\u00bb{}\u00bb][et_pb_column type=\u00bb4_4&#8243; _builder_version=\u00bb4.16&#8243; _module_preset=\u00bbdefault\u00bb global_colors_info=\u00bb{}\u00bb][et_pb_shop type=\u00bblatest\u00bb show_pagination=\u00bbon\u00bb columns_number=\u00bb4&#8243; icon_hover_color=\u00bb#213F7C\u00bb _builder_version=\u00bb4.18.0&#8243; _module_preset=\u00bbdefault\u00bb title_font=\u00bb|700||on|||||\u00bb title_text_align=\u00bbcenter\u00bb title_text_color=\u00bb#213F7C\u00bb price_font=\u00bb||on||||||\u00bb price_text_align=\u00bbcenter\u00bb rating_text_align=\u00bbcenter\u00bb rating_text_color=\u00bb#D78B00&#8243; rating_font_size=\u00bb8px\u00bb hover_enabled=\u00bb0&#8243; global_colors_info=\u00bb{}\u00bb sticky_enabled=\u00bb0&#8243; posts_number=\u00bb16&#8243;][\/et_pb_shop][\/et_pb_column][\/et_pb_row][\/et_pb_section]<\/p>\n","protected":false},"excerpt":{"rendered":"","protected":false},"author":1,"featured_media":0,"parent":0,"menu_order":0,"comment_status":"closed","ping_status":"closed","template":"","meta":{"_acf_changed":false,"_et_pb_use_builder":"on","_et_pb_old_content":"","_et_gb_content_width":"","footnotes":""},"class_list":["post-1004","page","type-page","status-publish","hentry"],"acf":[],"yoast_head":"<!-- This site is optimized with the Yoast SEO plugin v27.5 - https:\/\/yoast.com\/product\/yoast-seo-wordpress\/ -->\n<title>Tienda | Mundo M\u00e1gico Disfraces<\/title>\n<meta name=\"robots\" content=\"index, follow, max-snippet:-1, max-image-preview:large, max-video-preview:-1\" \/>\n<link rel=\"canonical\" href=\"https:\/\/www.mundomagicodisfraces.com\/web\/tienda\/\" \/>\n<meta property=\"og:locale\" content=\"es_ES\" \/>\n<meta property=\"og:type\" content=\"article\" \/>\n<meta property=\"og:title\" content=\"Tienda | Mundo M\u00e1gico Disfraces\" \/>\n<meta property=\"og:url\" content=\"https:\/\/www.mundomagicodisfraces.com\/web\/tienda\/\" \/>\n<meta property=\"og:site_name\" content=\"Mundo M\u00e1gico Disfraces\" \/>\n<meta property=\"article:publisher\" content=\"https:\/\/www.facebook.com\/mmdisfraces\" \/>\n<meta property=\"article:modified_time\" content=\"2022-10-21T01:22:32+00:00\" \/>\n<meta name=\"twitter:card\" content=\"summary_large_image\" \/>\n<meta name=\"twitter:site\" content=\"@MundoMagicoDisf\" \/>\n<meta name=\"twitter:label1\" content=\"Tiempo de lectura\" \/>\n\t<meta name=\"twitter:data1\" content=\"1 minuto\" \/>\n<script type=\"application\/ld+json\" class=\"yoast-schema-graph\">{\"@context\":\"https:\\\/\\\/schema.org\",\"@graph\":[{\"@type\":\"WebPage\",\"@id\":\"https:\\\/\\\/www.mundomagicodisfraces.com\\\/web\\\/tienda\\\/\",\"url\":\"https:\\\/\\\/www.mundomagicodisfraces.com\\\/web\\\/tienda\\\/\",\"name\":\"Tienda | Mundo M\u00e1gico Disfraces\",\"isPartOf\":{\"@id\":\"https:\\\/\\\/www.mundomagicodisfraces.com\\\/web\\\/#website\"},\"datePublished\":\"2018-07-20T04:04:08+00:00\",\"dateModified\":\"2022-10-21T01:22:32+00:00\",\"breadcrumb\":{\"@id\":\"https:\\\/\\\/www.mundomagicodisfraces.com\\\/web\\\/tienda\\\/#breadcrumb\"},\"inLanguage\":\"es\",\"potentialAction\":[{\"@type\":\"ReadAction\",\"target\":[\"https:\\\/\\\/www.mundomagicodisfraces.com\\\/web\\\/tienda\\\/\"]}]},{\"@type\":\"BreadcrumbList\",\"@id\":\"https:\\\/\\\/www.mundomagicodisfraces.com\\\/web\\\/tienda\\\/#breadcrumb\",\"itemListElement\":[{\"@type\":\"ListItem\",\"position\":1,\"name\":\"Portada\",\"item\":\"https:\\\/\\\/www.mundomagicodisfraces.com\\\/web\\\/\"},{\"@type\":\"ListItem\",\"position\":2,\"name\":\"Tienda\"}]},{\"@type\":\"WebSite\",\"@id\":\"https:\\\/\\\/www.mundomagicodisfraces.com\\\/web\\\/#website\",\"url\":\"https:\\\/\\\/www.mundomagicodisfraces.com\\\/web\\\/\",\"name\":\"Mundo M\u00e1gico Disfraces\",\"description\":\"Mundo M\u00e1gico Disfraces local de disfraces ubicado en Quito Ecuador, alquiler disfraces, 1800 disfraces a su disposici\u00f3n, m\u00e1s de 2900 accesorios.\",\"publisher\":{\"@id\":\"https:\\\/\\\/www.mundomagicodisfraces.com\\\/web\\\/#organization\"},\"potentialAction\":[{\"@type\":\"SearchAction\",\"target\":{\"@type\":\"EntryPoint\",\"urlTemplate\":\"https:\\\/\\\/www.mundomagicodisfraces.com\\\/web\\\/?s={search_term_string}\"},\"query-input\":{\"@type\":\"PropertyValueSpecification\",\"valueRequired\":true,\"valueName\":\"search_term_string\"}}],\"inLanguage\":\"es\"},{\"@type\":\"Organization\",\"@id\":\"https:\\\/\\\/www.mundomagicodisfraces.com\\\/web\\\/#organization\",\"name\":\"Mundo M\u00e1gico Disfraces\",\"url\":\"https:\\\/\\\/www.mundomagicodisfraces.com\\\/web\\\/\",\"logo\":{\"@type\":\"ImageObject\",\"inLanguage\":\"es\",\"@id\":\"https:\\\/\\\/www.mundomagicodisfraces.com\\\/web\\\/#\\\/schema\\\/logo\\\/image\\\/\",\"url\":\"https:\\\/\\\/www.mundomagicodisfraces.com\\\/web\\\/wp-content\\\/uploads\\\/2017\\\/08\\\/logodefault2.png\",\"contentUrl\":\"https:\\\/\\\/www.mundomagicodisfraces.com\\\/web\\\/wp-content\\\/uploads\\\/2017\\\/08\\\/logodefault2.png\",\"width\":700,\"height\":281,\"caption\":\"Mundo M\u00e1gico Disfraces\"},\"image\":{\"@id\":\"https:\\\/\\\/www.mundomagicodisfraces.com\\\/web\\\/#\\\/schema\\\/logo\\\/image\\\/\"},\"sameAs\":[\"https:\\\/\\\/www.facebook.com\\\/mmdisfraces\",\"https:\\\/\\\/x.com\\\/MundoMagicoDisf\",\"https:\\\/\\\/www.instagram.com\\\/disfracesmundomagico\\\/\"]}]}<\/script>\n<!-- \/ Yoast SEO plugin. -->","yoast_head_json":{"title":"Tienda | Mundo M\u00e1gico Disfraces","robots":{"index":"index","follow":"follow","max-snippet":"max-snippet:-1","max-image-preview":"max-image-preview:large","max-video-preview":"max-video-preview:-1"},"canonical":"https:\/\/www.mundomagicodisfraces.com\/web\/tienda\/","og_locale":"es_ES","og_type":"article","og_title":"Tienda | Mundo M\u00e1gico Disfraces","og_url":"https:\/\/www.mundomagicodisfraces.com\/web\/tienda\/","og_site_name":"Mundo M\u00e1gico Disfraces","article_publisher":"https:\/\/www.facebook.com\/mmdisfraces","article_modified_time":"2022-10-21T01:22:32+00:00","twitter_card":"summary_large_image","twitter_site":"@MundoMagicoDisf","twitter_misc":{"Tiempo de lectura":"1 minuto"},"schema":{"@context":"https:\/\/schema.org","@graph":[{"@type":"WebPage","@id":"https:\/\/www.mundomagicodisfraces.com\/web\/tienda\/","url":"https:\/\/www.mundomagicodisfraces.com\/web\/tienda\/","name":"Tienda | Mundo M\u00e1gico Disfraces","isPartOf":{"@id":"https:\/\/www.mundomagicodisfraces.com\/web\/#website"},"datePublished":"2018-07-20T04:04:08+00:00","dateModified":"2022-10-21T01:22:32+00:00","breadcrumb":{"@id":"https:\/\/www.mundomagicodisfraces.com\/web\/tienda\/#breadcrumb"},"inLanguage":"es","potentialAction":[{"@type":"ReadAction","target":["https:\/\/www.mundomagicodisfraces.com\/web\/tienda\/"]}]},{"@type":"BreadcrumbList","@id":"https:\/\/www.mundomagicodisfraces.com\/web\/tienda\/#breadcrumb","itemListElement":[{"@type":"ListItem","position":1,"name":"Portada","item":"https:\/\/www.mundomagicodisfraces.com\/web\/"},{"@type":"ListItem","position":2,"name":"Tienda"}]},{"@type":"WebSite","@id":"https:\/\/www.mundomagicodisfraces.com\/web\/#website","url":"https:\/\/www.mundomagicodisfraces.com\/web\/","name":"Mundo M\u00e1gico Disfraces","description":"Mundo M\u00e1gico Disfraces local de disfraces ubicado en Quito Ecuador, alquiler disfraces, 1800 disfraces a su disposici\u00f3n, m\u00e1s de 2900 accesorios.","publisher":{"@id":"https:\/\/www.mundomagicodisfraces.com\/web\/#organization"},"potentialAction":[{"@type":"SearchAction","target":{"@type":"EntryPoint","urlTemplate":"https:\/\/www.mundomagicodisfraces.com\/web\/?s={search_term_string}"},"query-input":{"@type":"PropertyValueSpecification","valueRequired":true,"valueName":"search_term_string"}}],"inLanguage":"es"},{"@type":"Organization","@id":"https:\/\/www.mundomagicodisfraces.com\/web\/#organization","name":"Mundo M\u00e1gico Disfraces","url":"https:\/\/www.mundomagicodisfraces.com\/web\/","logo":{"@type":"ImageObject","inLanguage":"es","@id":"https:\/\/www.mundomagicodisfraces.com\/web\/#\/schema\/logo\/image\/","url":"https:\/\/www.mundomagicodisfraces.com\/web\/wp-content\/uploads\/2017\/08\/logodefault2.png","contentUrl":"https:\/\/www.mundomagicodisfraces.com\/web\/wp-content\/uploads\/2017\/08\/logodefault2.png","width":700,"height":281,"caption":"Mundo M\u00e1gico Disfraces"},"image":{"@id":"https:\/\/www.mundomagicodisfraces.com\/web\/#\/schema\/logo\/image\/"},"sameAs":["https:\/\/www.facebook.com\/mmdisfraces","https:\/\/x.com\/MundoMagicoDisf","https:\/\/www.instagram.com\/disfracesmundomagico\/"]}]}},"_links":{"self":[{"href":"https:\/\/www.mundomagicodisfraces.com\/web\/wp-json\/wp\/v2\/pages\/1004","targetHints":{"allow":["GET"]}}],"collection":[{"href":"https:\/\/www.mundomagicodisfraces.com\/web\/wp-json\/wp\/v2\/pages"}],"about":[{"href":"https:\/\/www.mundomagicodisfraces.com\/web\/wp-json\/wp\/v2\/types\/page"}],"author":[{"embeddable":true,"href":"https:\/\/www.mundomagicodisfraces.com\/web\/wp-json\/wp\/v2\/users\/1"}],"replies":[{"embeddable":true,"href":"https:\/\/www.mundomagicodisfraces.com\/web\/wp-json\/wp\/v2\/comments?post=1004"}],"version-history":[{"count":0,"href":"https:\/\/www.mundomagicodisfraces.com\/web\/wp-json\/wp\/v2\/pages\/1004\/revisions"}],"wp:attachment":[{"href":"https:\/\/www.mundomagicodisfraces.com\/web\/wp-json\/wp\/v2\/media?parent=1004"}],"curies":[{"name":"wp","href":"https:\/\/api.w.org\/{rel}","templated":true}]}}